{"id":694777,"date":"2025-08-27T14:23:10","date_gmt":"2025-08-27T11:23:10","guid":{"rendered":"https:\/\/roveyayinevi.com.tr\/index.php\/urun\/okul-oncesi-egitimde-baleye-hazirlik\/"},"modified":"2026-04-16T02:04:40","modified_gmt":"2026-04-15T23:04:40","slug":"okul-oncesi-egitimde-baleye-hazirlik","status":"publish","type":"product","link":"https:\/\/roveyayinevi.com.tr\/index.php\/urun\/okul-oncesi-egitimde-baleye-hazirlik\/","title":{"rendered":"Okul \u00d6ncesi E\u011fitimde Bale\u2019ye Haz\u0131rl\u0131k"},"content":{"rendered":"<p>Bu kitap ni\u00e7in haz\u0131rland\u0131?Okul \u00d6ncesi e\u011fitim veren, \u00f6zel- resm\u00ee &#8211; yar\u0131 resm\u00ee kurumlar\u0131n bir \u00e7o\u011funda, Baleye Haz\u0131rl\u0131k E\u011fitimi de verilmektedir. Bu alanda, \u00f6\u011fretmen i\u00e7in, \u00f6\u011frenci i\u00e7in, vel\u00eeler i\u00e7in, yard\u0131mc\u0131 bir kitaba, bir k\u0131lavuz kitaba gereksinme vard\u0131. Baleye Haz\u0131rl\u0131k El Kitab\u0131, bu gereksinmeyi kar\u015f\u0131lamak amac\u0131yla haz\u0131rland\u0131.Kitab\u0131n \u0130\u00e7eri\u011fiBu kitapta, Baleye haz\u0131rl\u0131k e\u011fitimi, sistematik ve pedagojik bir anlay\u0131\u015fla ele al\u0131n\u0131yor.Beden hareketlerine, \u00e7ocuksu oyunlarla ba\u015flan\u0131yor, bu yoldan ad\u0131m ad\u0131m gidilerek, dans hareketlerine ula\u015f\u0131l\u0131yor.E\u011fitim konusu olan her beden hareketi, foto\u011fraflarla g\u00f6steriliyor, yal\u0131n bir anlat\u0131mla a\u00e7\u0131klan\u0131yor ve tan\u0131mlan\u0131yor.Kitab\u0131n son b\u00f6l\u00fcm\u00fcnde, her hareketin do\u011frusunu-yanl\u0131\u015f\u0131n\u0131 g\u00f6steren foto\u011fraflar, g\u00f6rsel \u00f6rnekleri zenginle\u015ftiriyor (Kitapta toplam 246 foto\u011fraf, 19 \u00e7izim var).M\u00fczik e\u015fli\u011finde dansDans m\u00fcziksiz olmaz. Bu ama\u00e7la kitaba ek olarak bir de CD veriliyor. CD i\u00e7inde, her dans i\u00e7in se\u00e7ilmi\u015f \u00f6zel bir m\u00fczik bulunuyor (Toplam 19 m\u00fczik). Bu m\u00fczikleri \u00f6\u011fretmen e\u011fitimde, \u00f6\u011frenciler ve vel\u00eeler ise evlerinde kullanabilirler.Bu Kitaptan Kimler Yararlanabilir?Baleye haz\u0131rl\u0131k e\u011fitiminde bu kitap, sistemati\u011fiyle &#8211; i\u00e7eri\u011fiyle \u00f6\u011fretmene yard\u0131mc\u0131 olabilir. \u00d6\u011frenciler ve vel\u00eeler de bu kitaptan yararlanabilirler.K\u00fc\u00e7\u00fck \u00f6\u011frenci, \u00f6\u011frendi\u011fi beden hareketlerinin foto\u011fraflar\u0131n\u0131 bu kitapta g\u00f6rebilecek, evde de anne \u2013 abla bu kitaba bakarak k\u00fc\u00e7\u00fc\u011fe yard\u0131mc\u0131 olabilecek, CD\u2019deki m\u00fczikler e\u015fli\u011finde dans etmesini izleyebilecektir.B\u00f6ylece, baleye haz\u0131rl\u0131k \u00e7al\u0131\u015fmalar\u0131, k\u0131lavuz kitap yard\u0131m\u0131yla evde de devam edebilecektir.K\u0131sacas\u0131 bu kitap, \u00f6\u011fretmenin yan\u0131 s\u0131ra, \u00f6\u011frenciye ve onun vel\u00eesine de k\u0131lavuzluk edecek, yard\u0131mc\u0131 olacakt\u0131r.Bu kitap, okul \u00f6ncesi e\u011fitimde kullan\u0131laca\u011f\u0131 gibi, okul \u00e7a\u011f\u0131ndaki \u00e7ocuklar\u0131n baleye haz\u0131rl\u0131k e\u011fitiminde de kullan\u0131labilir. <\/p>\n","protected":false},"excerpt":{"rendered":"<p>Bu kitap ni\u00e7in haz\u0131rland\u0131?Okul \u00d6ncesi e\u011fitim veren, \u00f6zel- resm\u00ee &#8211; yar\u0131 resm\u00ee kurumlar\u0131n bir \u00e7o\u011funda, Baleye Haz\u0131rl\u0131k E\u011fitimi de verilmektedir. Bu alanda, \u00f6\u011fretmen i\u00e7in, \u00f6\u011frenci i\u00e7in,<span class=\"excerpt-hellip\"> [\u2026]<\/span><\/p>\n","protected":false},"featured_media":0,"template":"","meta":{"_monsterinsights_skip_tracking":false,"_monsterinsights_sitenote_active":false,"_monsterinsights_sitenote_note":"","_monsterinsights_sitenote_category":0},"product_brand":[],"product_cat":[14556,20810],"product_tag":[],"class_list":{"0":"post-694777","1":"product","2":"type-product","3":"status-publish","5":"product_cat-muzik","6":"product_cat-ogrenim-kitaplari","7":"pa_cilt-ciltsiz","8":"pa_tur-kitap","9":"pa_yayinevi-sun-yayinevi","10":"pa_yazar-ayhanim-sun","12":"first","13":"instock","14":"sale","15":"shipping-taxable","16":"purchasable","17":"product-type-simple"},"_links":{"self":[{"href":"https:\/\/roveyayinevi.com.tr\/index.php\/wp-json\/wp\/v2\/product\/694777","targetHints":{"allow":["GET"]}}],"collection":[{"href":"https:\/\/roveyayinevi.com.tr\/index.php\/wp-json\/wp\/v2\/product"}],"about":[{"href":"https:\/\/roveyayinevi.com.tr\/index.php\/wp-json\/wp\/v2\/types\/product"}],"wp:attachment":[{"href":"https:\/\/roveyayinevi.com.tr\/index.php\/wp-json\/wp\/v2\/media?parent=694777"}],"wp:term":[{"taxonomy":"product_brand","embeddable":true,"href":"https:\/\/roveyayinevi.com.tr\/index.php\/wp-json\/wp\/v2\/product_brand?post=694777"},{"taxonomy":"product_cat","embeddable":true,"href":"https:\/\/roveyayinevi.com.tr\/index.php\/wp-json\/wp\/v2\/product_cat?post=694777"},{"taxonomy":"product_tag","embeddable":true,"href":"https:\/\/roveyayinevi.com.tr\/index.php\/wp-json\/wp\/v2\/product_tag?post=694777"}],"curies":[{"name":"wp","href":"https:\/\/api.w.org\/{rel}","templated":true}]}}