{"id":694776,"date":"2025-08-27T14:23:10","date_gmt":"2025-08-27T11:23:10","guid":{"rendered":"https:\/\/roveyayinevi.com.tr\/index.php\/urun\/kudus-fatihi-selahaddin-eyyubi\/"},"modified":"2026-04-16T02:04:40","modified_gmt":"2026-04-15T23:04:40","slug":"kudus-fatihi-selahaddin-eyyubi","status":"publish","type":"product","link":"https:\/\/roveyayinevi.com.tr\/index.php\/urun\/kudus-fatihi-selahaddin-eyyubi\/","title":{"rendered":"Kud\u00fcs Fatihi Selahaddin Eyy\u00fcbi"},"content":{"rendered":"<p>Selahaddin Eyyubi b\u00fct\u00fcn hayat\u0131n\u0131 Ortado\u011fu\u2019da kuvvetli bir M\u00fcsl\u00fcman siyasi birli\u011fi tesis etmek, Ha\u00e7l\u0131lar\u2019\u0131n elindeki \u0130sl\u00e2m topraklar\u0131n\u0131 kurtarmak i\u00e7in m\u00fccadele ile ge\u00e7irmi\u015ftir. Bunun yan\u0131nda imara, \u00e7e\u015fitli m\u00fcesseselerin tesisine, ilim ve edebiyata da de\u011fer vermi\u015ftir. Devri, \u0130slam tarihinin en verimli \u00e7a\u011flar\u0131ndan biridir. Bunun yan\u0131nda \u015fatafattan uzak, sade, temiz, m\u00fctevazi bir hayat s\u00fcrm\u00fc\u015ft\u00fcr. Devrindeki ve daha sonraki insanlar\u0131n sevgi ve takdirini kazanm\u0131\u015f, tarihin \u00f6lmez \u015fahsiyetleri aras\u0131na girmi\u015ftir. Elinizdeki kitap Ha\u00e7l\u0131 Seferleri kar\u015f\u0131s\u0131nda \u0130slam d\u00fcnyas\u0131n\u0131n en \u00fcnl\u00fc kahraman\u0131, Kud\u00fcs\u2019\u00fcn fatihi, \u00f6rnek insan ve h\u00fck\u00fcmdar Selahaddin Eyyubi\u2019nin hayat\u0131n\u0131n ve m\u00fccadelesinin kronolojik tarihidir. \ufffcTan\u0131t\u0131m Metni<\/p>\n","protected":false},"excerpt":{"rendered":"<p>Selahaddin Eyyubi b\u00fct\u00fcn hayat\u0131n\u0131 Ortado\u011fu\u2019da kuvvetli bir M\u00fcsl\u00fcman siyasi birli\u011fi tesis etmek, Ha\u00e7l\u0131lar\u2019\u0131n elindeki \u0130sl\u00e2m topraklar\u0131n\u0131 kurtarmak i\u00e7in m\u00fccadele ile ge\u00e7irmi\u015ftir. Bunun yan\u0131nda imara, \u00e7e\u015fitli m\u00fcesseselerin<span class=\"excerpt-hellip\"> [\u2026]<\/span><\/p>\n","protected":false},"featured_media":0,"template":"","meta":{"_monsterinsights_skip_tracking":false,"_monsterinsights_sitenote_active":false,"_monsterinsights_sitenote_note":"","_monsterinsights_sitenote_category":0},"product_brand":[],"product_cat":[12370,12304],"product_tag":[],"class_list":{"0":"post-694776","1":"product","2":"type-product","3":"status-publish","5":"product_cat-arastirma-inceleme","6":"product_cat-tarih","7":"pa_cilt-ciltsiz","8":"pa_tur-kitap","9":"pa_yayinevi-yeditepe-yayinevi","10":"pa_yazar-ramazan-sesen","12":"first","13":"instock","14":"sale","15":"shipping-taxable","16":"purchasable","17":"product-type-simple"},"_links":{"self":[{"href":"https:\/\/roveyayinevi.com.tr\/index.php\/wp-json\/wp\/v2\/product\/694776","targetHints":{"allow":["GET"]}}],"collection":[{"href":"https:\/\/roveyayinevi.com.tr\/index.php\/wp-json\/wp\/v2\/product"}],"about":[{"href":"https:\/\/roveyayinevi.com.tr\/index.php\/wp-json\/wp\/v2\/types\/product"}],"wp:attachment":[{"href":"https:\/\/roveyayinevi.com.tr\/index.php\/wp-json\/wp\/v2\/media?parent=694776"}],"wp:term":[{"taxonomy":"product_brand","embeddable":true,"href":"https:\/\/roveyayinevi.com.tr\/index.php\/wp-json\/wp\/v2\/product_brand?post=694776"},{"taxonomy":"product_cat","embeddable":true,"href":"https:\/\/roveyayinevi.com.tr\/index.php\/wp-json\/wp\/v2\/product_cat?post=694776"},{"taxonomy":"product_tag","embeddable":true,"href":"https:\/\/roveyayinevi.com.tr\/index.php\/wp-json\/wp\/v2\/product_tag?post=694776"}],"curies":[{"name":"wp","href":"https:\/\/api.w.org\/{rel}","templated":true}]}}