{"id":694774,"date":"2025-08-27T14:23:09","date_gmt":"2025-08-27T11:23:09","guid":{"rendered":"https:\/\/roveyayinevi.com.tr\/index.php\/urun\/kanuni-donemi-osmanli-imparatorlugunda-gundelik-hayat\/"},"modified":"2026-04-16T02:04:40","modified_gmt":"2026-04-15T23:04:40","slug":"kanuni-donemi-osmanli-imparatorlugunda-gundelik-hayat","status":"publish","type":"product","link":"https:\/\/roveyayinevi.com.tr\/index.php\/urun\/kanuni-donemi-osmanli-imparatorlugunda-gundelik-hayat\/","title":{"rendered":"Kanuni D\u00f6nemi Osmanl\u0131 \u0130mparatorlu\u011fu\u2019nda G\u00fcndelik Hayat"},"content":{"rendered":"<p>Luigi Bassano 1532 ile 1540 y\u0131llar\u0131 aras\u0131nda Osmanl\u0131 \u0130mparatorlu\u011fu&#8217;nda ya\u015fad\u0131. T\u00fcrklerin g\u00fcnlelik hayatlar\u0131n\u0131, \u00e2detleri, \u00f6zel tarz ve davran\u0131\u015flar\u0131n\u0131 anlatan \u00e7ok \u00f6nemli bir kitap kaleme ald\u0131. Bassano eserinde, temizlikten giyim-ku\u015fama, yiyecek t\u00fcrlerinden atlarn\u0131 e\u011fitimine, \u00e7ocuklar\u0131n gittikleri okullardan s\u00fcnnet t\u00f6renlerine, \u015fehirlerin temiz tutulmas\u0131ndan hayvan kesimine kadar g\u00fcndelik T\u00fcrk hayat tarz\u0131n\u0131 teferruatl\u0131 olarakele al\u0131r. Ayr\u0131ca Kanun\u00ee&#8217;nin saray\u0131n\u0131, H\u00fcrrem Sultan&#8217;\u0131, Kanun\u00ee&#8217;nin H\u00fcrrem Sultan&#8217;a a\u015fk\u0131n\u0131, padi\u015fah\u0131n sarayda nas\u0131l ya\u015fad\u0131\u011f\u0131n\u0131 ve haremi anlat\u0131r. \ufffcTan\u0131t\u0131m Metni<\/p>\n","protected":false},"excerpt":{"rendered":"<p>Luigi Bassano 1532 ile 1540 y\u0131llar\u0131 aras\u0131nda Osmanl\u0131 \u0130mparatorlu\u011fu&#8217;nda ya\u015fad\u0131. T\u00fcrklerin g\u00fcnlelik hayatlar\u0131n\u0131, \u00e2detleri, \u00f6zel tarz ve davran\u0131\u015flar\u0131n\u0131 anlatan \u00e7ok \u00f6nemli bir kitap kaleme ald\u0131. Bassano<span class=\"excerpt-hellip\"> [\u2026]<\/span><\/p>\n","protected":false},"featured_media":0,"template":"","meta":{"_monsterinsights_skip_tracking":false,"_monsterinsights_sitenote_active":false,"_monsterinsights_sitenote_note":"","_monsterinsights_sitenote_category":0},"product_brand":[],"product_cat":[13517,12304],"product_tag":[],"class_list":{"0":"post-694774","1":"product","2":"type-product","3":"status-publish","5":"product_cat-osmanli-tarihi","6":"product_cat-tarih","7":"pa_tur-kitap","8":"pa_yayinevi-yeditepe-yayinevi","9":"pa_yazar-luigi-bassano","11":"first","12":"instock","13":"sale","14":"shipping-taxable","15":"purchasable","16":"product-type-simple"},"_links":{"self":[{"href":"https:\/\/roveyayinevi.com.tr\/index.php\/wp-json\/wp\/v2\/product\/694774","targetHints":{"allow":["GET"]}}],"collection":[{"href":"https:\/\/roveyayinevi.com.tr\/index.php\/wp-json\/wp\/v2\/product"}],"about":[{"href":"https:\/\/roveyayinevi.com.tr\/index.php\/wp-json\/wp\/v2\/types\/product"}],"wp:attachment":[{"href":"https:\/\/roveyayinevi.com.tr\/index.php\/wp-json\/wp\/v2\/media?parent=694774"}],"wp:term":[{"taxonomy":"product_brand","embeddable":true,"href":"https:\/\/roveyayinevi.com.tr\/index.php\/wp-json\/wp\/v2\/product_brand?post=694774"},{"taxonomy":"product_cat","embeddable":true,"href":"https:\/\/roveyayinevi.com.tr\/index.php\/wp-json\/wp\/v2\/product_cat?post=694774"},{"taxonomy":"product_tag","embeddable":true,"href":"https:\/\/roveyayinevi.com.tr\/index.php\/wp-json\/wp\/v2\/product_tag?post=694774"}],"curies":[{"name":"wp","href":"https:\/\/api.w.org\/{rel}","templated":true}]}}