{"id":694771,"date":"2025-08-27T14:23:09","date_gmt":"2025-08-27T11:23:09","guid":{"rendered":"https:\/\/roveyayinevi.com.tr\/index.php\/urun\/das-osmanische-reich-unverhullt\/"},"modified":"2026-04-16T02:04:40","modified_gmt":"2026-04-15T23:04:40","slug":"das-osmanische-reich-unverhullt","status":"publish","type":"product","link":"https:\/\/roveyayinevi.com.tr\/index.php\/urun\/das-osmanische-reich-unverhullt\/","title":{"rendered":"Das Osmanische Reich: Unverh\u00fcllt"},"content":{"rendered":"<p>Das Osmanische Reich ist zusammen mi dem R\u00f6mischen Reich und dem Briteschem Imperium eins der drei gr\u00f6bten Weltreiche. Mit einer Herrschaft von \u00fcber 600 Jahren in den wichitgsten Regionen der Welt wie dem Balkan, in Nahost und dem Kaukasus ist das Osmanische Reich einer der wichtigsten Akteure, die zur Formung der heutigen Welt beitrugen. Die jahrhindertlange osmanicshe Herrschaft hinterlieb tiefe Spuren, deren Einfluss sich auch auch in der heutigen Weltpolitik noch bemerkbar macht. Die politischen und religi\u00f6sen Politiken der Osmanen spielten eine grobe Rolle in der Gestaltung der heutigen modernen Welt. Das Osmanische Reich mit seiner \u00fcber 600-jahrigen Geshichte war die letzte Weltordnung, die bis heute durch keine neue ersetzt worden ist. <\/p>\n","protected":false},"excerpt":{"rendered":"<p>Das Osmanische Reich ist zusammen mi dem R\u00f6mischen Reich und dem Briteschem Imperium eins der drei gr\u00f6bten Weltreiche. Mit einer Herrschaft von \u00fcber 600 Jahren in<span class=\"excerpt-hellip\"> [\u2026]<\/span><\/p>\n","protected":false},"featured_media":0,"template":"","meta":{"_monsterinsights_skip_tracking":false,"_monsterinsights_sitenote_active":false,"_monsterinsights_sitenote_note":"","_monsterinsights_sitenote_category":0},"product_brand":[],"product_cat":[13517,12304],"product_tag":[],"class_list":{"0":"post-694771","1":"product","2":"type-product","3":"status-publish","5":"product_cat-osmanli-tarihi","6":"product_cat-tarih","7":"pa_tur-kitap","8":"pa_yayinevi-yeditepe-yayinevi","9":"pa_yazar-erhan-afyoncu","11":"first","12":"instock","13":"sale","14":"shipping-taxable","15":"purchasable","16":"product-type-simple"},"_links":{"self":[{"href":"https:\/\/roveyayinevi.com.tr\/index.php\/wp-json\/wp\/v2\/product\/694771","targetHints":{"allow":["GET"]}}],"collection":[{"href":"https:\/\/roveyayinevi.com.tr\/index.php\/wp-json\/wp\/v2\/product"}],"about":[{"href":"https:\/\/roveyayinevi.com.tr\/index.php\/wp-json\/wp\/v2\/types\/product"}],"wp:attachment":[{"href":"https:\/\/roveyayinevi.com.tr\/index.php\/wp-json\/wp\/v2\/media?parent=694771"}],"wp:term":[{"taxonomy":"product_brand","embeddable":true,"href":"https:\/\/roveyayinevi.com.tr\/index.php\/wp-json\/wp\/v2\/product_brand?post=694771"},{"taxonomy":"product_cat","embeddable":true,"href":"https:\/\/roveyayinevi.com.tr\/index.php\/wp-json\/wp\/v2\/product_cat?post=694771"},{"taxonomy":"product_tag","embeddable":true,"href":"https:\/\/roveyayinevi.com.tr\/index.php\/wp-json\/wp\/v2\/product_tag?post=694771"}],"curies":[{"name":"wp","href":"https:\/\/api.w.org\/{rel}","templated":true}]}}