{"id":694770,"date":"2025-08-27T14:23:09","date_gmt":"2025-08-27T11:23:09","guid":{"rendered":"https:\/\/roveyayinevi.com.tr\/index.php\/urun\/dagin-efendisi-hasan-sabbah-ve-alamut\/"},"modified":"2026-04-16T02:04:40","modified_gmt":"2026-04-15T23:04:40","slug":"dagin-efendisi-hasan-sabbah-ve-alamut","status":"publish","type":"product","link":"https:\/\/roveyayinevi.com.tr\/index.php\/urun\/dagin-efendisi-hasan-sabbah-ve-alamut\/","title":{"rendered":"Da\u011f\u0131n Efendisi Hasan Sabbah ve Alamut"},"content":{"rendered":"<p>Hasan Sabbah ve feda\u00eelerinin ger\u00e7e\u011fi neydi? Alam\u00fbt Kalesi neden feth edilemedi? Kaledeki muazzam yiyecek ve su ambarlar\u0131n\u0131n \u00f6zelli\u011fi neydi? Cennet Bah\u00e7eleri ger\u00e7ekten var m\u0131yd\u0131? Bir vezir, bir \u015fair ve bir din\u00ee liderin yollar\u0131 ger\u00e7ekten kesi\u015fti mi? Hasan Sabbah\u2019\u0131n feda\u00eelerine ni\u00e7in Ha\u015fha\u015fi denilmekteydi\u2026 Onlar ger\u00e7ekten birer \u00f6l\u00fcm makinesi miydiler? Bir Alam\u00fbt fedaisi ger\u00e7ekte kimdi?    Elinizdeki kitapta, Hasan Sabbah\u2019\u0131n medrese \u00f6\u011frencili\u011finden \u0130sm\u00e2il\u00ee liderli\u011fine uzanan hayat \u00f6yk\u00fcs\u00fc, k\u0131vrak bir zeka ve kar\u015f\u0131 konulamaz bir ikna kabiliyeti, propaganda metodu, din\u00ee siyasalla\u015ft\u0131rmas\u0131, suikast emirleri, Alam\u00fbt Kalesi\u2019nin tarihi fonksiyonu, Alam\u00fbt feda\u00eelerinin g\u00fcc\u00fc ve direni\u015fi orijinal kaynaklar\u0131n \u0131\u015f\u0131\u011f\u0131nda inceleniyor.  <\/p>\n","protected":false},"excerpt":{"rendered":"<p>Hasan Sabbah ve feda\u00eelerinin ger\u00e7e\u011fi neydi? Alam\u00fbt Kalesi neden feth edilemedi? Kaledeki muazzam yiyecek ve su ambarlar\u0131n\u0131n \u00f6zelli\u011fi neydi? Cennet Bah\u00e7eleri ger\u00e7ekten var m\u0131yd\u0131? Bir vezir,<span class=\"excerpt-hellip\"> [\u2026]<\/span><\/p>\n","protected":false},"featured_media":0,"template":"","meta":{"_monsterinsights_skip_tracking":false,"_monsterinsights_sitenote_active":false,"_monsterinsights_sitenote_note":"","_monsterinsights_sitenote_category":0},"product_brand":[],"product_cat":[12370,12304],"product_tag":[],"class_list":{"0":"post-694770","1":"product","2":"type-product","3":"status-publish","5":"product_cat-arastirma-inceleme","6":"product_cat-tarih","7":"pa_cilt-ciltsiz","8":"pa_tur-kitap","9":"pa_yayinevi-yeditepe-yayinevi","10":"pa_yazar-ayse-atici-arayancan","12":"first","13":"instock","14":"sale","15":"shipping-taxable","16":"purchasable","17":"product-type-simple"},"_links":{"self":[{"href":"https:\/\/roveyayinevi.com.tr\/index.php\/wp-json\/wp\/v2\/product\/694770","targetHints":{"allow":["GET"]}}],"collection":[{"href":"https:\/\/roveyayinevi.com.tr\/index.php\/wp-json\/wp\/v2\/product"}],"about":[{"href":"https:\/\/roveyayinevi.com.tr\/index.php\/wp-json\/wp\/v2\/types\/product"}],"wp:attachment":[{"href":"https:\/\/roveyayinevi.com.tr\/index.php\/wp-json\/wp\/v2\/media?parent=694770"}],"wp:term":[{"taxonomy":"product_brand","embeddable":true,"href":"https:\/\/roveyayinevi.com.tr\/index.php\/wp-json\/wp\/v2\/product_brand?post=694770"},{"taxonomy":"product_cat","embeddable":true,"href":"https:\/\/roveyayinevi.com.tr\/index.php\/wp-json\/wp\/v2\/product_cat?post=694770"},{"taxonomy":"product_tag","embeddable":true,"href":"https:\/\/roveyayinevi.com.tr\/index.php\/wp-json\/wp\/v2\/product_tag?post=694770"}],"curies":[{"name":"wp","href":"https:\/\/api.w.org\/{rel}","templated":true}]}}