{"id":694769,"date":"2025-08-27T14:23:08","date_gmt":"2025-08-27T11:23:08","guid":{"rendered":"https:\/\/roveyayinevi.com.tr\/index.php\/urun\/cumhuriyetin-aynasi-osmanli\/"},"modified":"2026-04-16T02:04:40","modified_gmt":"2026-04-15T23:04:40","slug":"cumhuriyetin-aynasi-osmanli","status":"publish","type":"product","link":"https:\/\/roveyayinevi.com.tr\/index.php\/urun\/cumhuriyetin-aynasi-osmanli\/","title":{"rendered":"Cumhuriyet\u2019in Aynas\u0131 Osmanl\u0131"},"content":{"rendered":"<p>Osmanl\u0131n\u0131n son d\u00f6nemi ile Cumhuriyetin ilk y\u0131llar\u0131ndaki baz\u0131 olaylara de\u011fininbu kitaptaki yaz\u0131lar tamamen hayat\u0131n i\u00e7inden konular\u0131 i\u00e7eriyor. Hortumculuktan cami soygunculu\u011funa, b\u00fcy\u00fcc\u00fcl\u00fckten \u00e7\u00f6p\u00e7atanl\u0131\u011fa ve a\u015fk intiharlar\u0131na,b\u00fct\u00e7e a\u00e7\u0131klar\u0131ndan enflasyona ve i\u015f\u00e7i grevlerine, futboldan bo\u011fa g\u00fcre\u015fine, \u0130stanbul&#8217;un ilk ula\u015f\u0131m ara\u00e7lar\u0131 ve bunlar\u0131n toplumsal konumundan \u0130stanbul&#8217;un \u00e7\u00f6plerine, tarih boyunca g\u00fcndemden d\u00fc\u015fmeyen kad\u0131n-erkek \u00e7eki\u015fmelerine kadar bir\u00e7ok konu kitapta yer al\u0131yor. Bu y\u00f6n\u00fcyle bak\u0131ld\u0131\u011f\u0131nda kitap, gerek Osmanl\u0131n\u0131n son d\u00f6nemlerinde, gerekse de Cumhuriyetin ilk y\u0131llar\u0131nda ya\u015fanan ve i\u00e7inde insan unsurunu da bulunduran baz\u0131 olaylar\u0131n bir derlemesi \u015feklinde olu\u015ftu. Bu a\u015famada Osmanl\u0131 d\u00f6nemi ile Cumhuriyet d\u00f6nemi olaylar\u0131 aras\u0131ndaki benzerlikler de dikkati \u00e7ekiciydi. Esas\u0131nda bu olaylar\u0131n birbirini takip eder ve benzer \u015fekilde kar\u015f\u0131m\u0131za \u00e7\u0131kmas\u0131 da do\u011fald\u0131. Bunun en belirgin nedeni, Osmanl\u0131 Devleti diye nitelendi\u011fimiz siyasi yap\u0131 ile T\u00fcrkiye Cumhuriyei&#8217;nin birbirinden farkl\u0131 devletler olmamalar\u0131d\u0131r. Hatta \u015fu tespiti de yapmakta fayda vard\u0131r. Esas\u0131nda 11. y\u00fczy\u0131l\u0131n sonlar\u0131na do\u011fru Anadolu&#8217;da olu\u015fan ve giderek geni\u015f co\u011frafyalara yay\u0131lan, sonra da biraz kabu\u011funa \u00e7ekilen tek bir T\u00fcrk devletinin varl\u0131\u011f\u0131ndan s\u00f6z edebiliriz. \ufffcTan\u0131t\u0131m Metni<\/p>\n","protected":false},"excerpt":{"rendered":"<p>Osmanl\u0131n\u0131n son d\u00f6nemi ile Cumhuriyetin ilk y\u0131llar\u0131ndaki baz\u0131 olaylara de\u011fininbu kitaptaki yaz\u0131lar tamamen hayat\u0131n i\u00e7inden konular\u0131 i\u00e7eriyor. Hortumculuktan cami soygunculu\u011funa, b\u00fcy\u00fcc\u00fcl\u00fckten \u00e7\u00f6p\u00e7atanl\u0131\u011fa ve a\u015fk intiharlar\u0131na,b\u00fct\u00e7e a\u00e7\u0131klar\u0131ndan<span class=\"excerpt-hellip\"> [\u2026]<\/span><\/p>\n","protected":false},"featured_media":0,"template":"","meta":{"_monsterinsights_skip_tracking":false,"_monsterinsights_sitenote_active":false,"_monsterinsights_sitenote_note":"","_monsterinsights_sitenote_category":0},"product_brand":[],"product_cat":[12370,12304],"product_tag":[],"class_list":{"0":"post-694769","1":"product","2":"type-product","3":"status-publish","5":"product_cat-arastirma-inceleme","6":"product_cat-tarih","7":"pa_tur-kitap","8":"pa_yayinevi-yeditepe-yayinevi","9":"pa_yazar-vahdettin-engin","11":"first","12":"instock","13":"sale","14":"shipping-taxable","15":"purchasable","16":"product-type-simple"},"_links":{"self":[{"href":"https:\/\/roveyayinevi.com.tr\/index.php\/wp-json\/wp\/v2\/product\/694769","targetHints":{"allow":["GET"]}}],"collection":[{"href":"https:\/\/roveyayinevi.com.tr\/index.php\/wp-json\/wp\/v2\/product"}],"about":[{"href":"https:\/\/roveyayinevi.com.tr\/index.php\/wp-json\/wp\/v2\/types\/product"}],"wp:attachment":[{"href":"https:\/\/roveyayinevi.com.tr\/index.php\/wp-json\/wp\/v2\/media?parent=694769"}],"wp:term":[{"taxonomy":"product_brand","embeddable":true,"href":"https:\/\/roveyayinevi.com.tr\/index.php\/wp-json\/wp\/v2\/product_brand?post=694769"},{"taxonomy":"product_cat","embeddable":true,"href":"https:\/\/roveyayinevi.com.tr\/index.php\/wp-json\/wp\/v2\/product_cat?post=694769"},{"taxonomy":"product_tag","embeddable":true,"href":"https:\/\/roveyayinevi.com.tr\/index.php\/wp-json\/wp\/v2\/product_tag?post=694769"}],"curies":[{"name":"wp","href":"https:\/\/api.w.org\/{rel}","templated":true}]}}