{"id":694767,"date":"2025-08-27T14:23:08","date_gmt":"2025-08-27T11:23:08","guid":{"rendered":"https:\/\/roveyayinevi.com.tr\/index.php\/urun\/kir-cicekleri-100-turku\/"},"modified":"2026-04-16T02:04:40","modified_gmt":"2026-04-15T23:04:40","slug":"kir-cicekleri-100-turku","status":"publish","type":"product","link":"https:\/\/roveyayinevi.com.tr\/index.php\/urun\/kir-cicekleri-100-turku\/","title":{"rendered":"K\u0131r \u00c7i\u00e7ekleri 100 T\u00fcrk\u00fc"},"content":{"rendered":"<p>K\u0131r \u00c7i\u00e7ekleri, bir halk t\u00fcrk\u00fcleri el kitab\u0131d\u0131r. \u0130\u00e7erisinde; 10 tekerleme, 80 halk t\u00fcrk\u00fcs\u00fc, 10 adet iki sesli t\u00fcrk\u00fc bulunuyor.Bu 100 halk havas\u0131; okul \u00f6ncesinden \u00fcniversite \u00e7a\u011f\u0131na kadar her \u00e7ocu\u011fun ve gencin bilmesi gereken, geleneksel m\u00fczik k\u00fclt\u00fcr\u00fcm\u00fcz\u00fcn \u00f6l\u00fcms\u00fcz \u00fcr\u00fcnlerindendir.Kitap 30 y\u0131ldan beri, e\u011fitim m\u00fczi\u011fi alan\u0131nda zevkle kullan\u0131lmaktad\u0131r <\/p>\n","protected":false},"excerpt":{"rendered":"<p>K\u0131r \u00c7i\u00e7ekleri, bir halk t\u00fcrk\u00fcleri el kitab\u0131d\u0131r. \u0130\u00e7erisinde; 10 tekerleme, 80 halk t\u00fcrk\u00fcs\u00fc, 10 adet iki sesli t\u00fcrk\u00fc bulunuyor.Bu 100 halk havas\u0131; okul \u00f6ncesinden \u00fcniversite \u00e7a\u011f\u0131na<span class=\"excerpt-hellip\"> [\u2026]<\/span><\/p>\n","protected":false},"featured_media":0,"template":"","meta":{"_monsterinsights_skip_tracking":false,"_monsterinsights_sitenote_active":false,"_monsterinsights_sitenote_note":"","_monsterinsights_sitenote_category":0},"product_brand":[],"product_cat":[14556,14557],"product_tag":[],"class_list":{"0":"post-694767","1":"product","2":"type-product","3":"status-publish","5":"product_cat-muzik","6":"product_cat-nota-kitaplari","7":"pa_cilt-ciltsiz","8":"pa_tur-kitap","9":"pa_yayinevi-sun-yayinevi","10":"pa_yazar-muammer-sun","12":"first","13":"instock","14":"sale","15":"shipping-taxable","16":"purchasable","17":"product-type-simple"},"_links":{"self":[{"href":"https:\/\/roveyayinevi.com.tr\/index.php\/wp-json\/wp\/v2\/product\/694767","targetHints":{"allow":["GET"]}}],"collection":[{"href":"https:\/\/roveyayinevi.com.tr\/index.php\/wp-json\/wp\/v2\/product"}],"about":[{"href":"https:\/\/roveyayinevi.com.tr\/index.php\/wp-json\/wp\/v2\/types\/product"}],"wp:attachment":[{"href":"https:\/\/roveyayinevi.com.tr\/index.php\/wp-json\/wp\/v2\/media?parent=694767"}],"wp:term":[{"taxonomy":"product_brand","embeddable":true,"href":"https:\/\/roveyayinevi.com.tr\/index.php\/wp-json\/wp\/v2\/product_brand?post=694767"},{"taxonomy":"product_cat","embeddable":true,"href":"https:\/\/roveyayinevi.com.tr\/index.php\/wp-json\/wp\/v2\/product_cat?post=694767"},{"taxonomy":"product_tag","embeddable":true,"href":"https:\/\/roveyayinevi.com.tr\/index.php\/wp-json\/wp\/v2\/product_tag?post=694767"}],"curies":[{"name":"wp","href":"https:\/\/api.w.org\/{rel}","templated":true}]}}