{"id":694766,"date":"2025-08-27T14:23:08","date_gmt":"2025-08-27T11:23:08","guid":{"rendered":"https:\/\/roveyayinevi.com.tr\/index.php\/urun\/dogumunun-100-yilinda-ahmed-adnan-saygun\/"},"modified":"2026-04-16T02:04:40","modified_gmt":"2026-04-15T23:04:40","slug":"dogumunun-100-yilinda-ahmed-adnan-saygun","status":"publish","type":"product","link":"https:\/\/roveyayinevi.com.tr\/index.php\/urun\/dogumunun-100-yilinda-ahmed-adnan-saygun\/","title":{"rendered":"Do\u011fumunun 100. Y\u0131l\u0131nda Ahmed Adnan Saygun"},"content":{"rendered":"<p>T\u00fcrk m\u00fczik ya\u015fam\u0131na yeni bir bak\u0131\u015f a\u00e7\u0131s\u0131 getiren yazar\u0131m\u0131z, daha \u00f6nce, Musorski, Bilincin I\u015f\u0131\u011f\u0131nda M\u00fczik ve Aleksand\u0131r Borodin adl\u0131 kitaplar\u0131 yazd\u0131. HENRI BERGSON&#8217;nun Felsefesi &#8220;Kozmik Bir F\u00fcg Gibi Geli\u015fen D\u00fcnya G\u00f6r\u00fc\u015f\u00fc&#8221; adl\u0131 kitab\u0131 Ba\u011flam Yay\u0131nlar\u0131&#8217;ndan \u00e7\u0131kt\u0131. Bu kez,Do\u011fumunun 100. Y\u0131l\u0131nda Ahmed Adnan SAYGUN adl\u0131 bu kitab\u0131 yazd\u0131. Kitap, i\u00e7erdi\u011fi bilgilerle ve kendine \u00f6zg\u00fc yorumlar\u0131yla ilgi \u00e7ekecek. <\/p>\n","protected":false},"excerpt":{"rendered":"<p>T\u00fcrk m\u00fczik ya\u015fam\u0131na yeni bir bak\u0131\u015f a\u00e7\u0131s\u0131 getiren yazar\u0131m\u0131z, daha \u00f6nce, Musorski, Bilincin I\u015f\u0131\u011f\u0131nda M\u00fczik ve Aleksand\u0131r Borodin adl\u0131 kitaplar\u0131 yazd\u0131. HENRI BERGSON&#8217;nun Felsefesi &#8220;Kozmik Bir<span class=\"excerpt-hellip\"> [\u2026]<\/span><\/p>\n","protected":false},"featured_media":0,"template":"","meta":{"_monsterinsights_skip_tracking":false,"_monsterinsights_sitenote_active":false,"_monsterinsights_sitenote_note":"","_monsterinsights_sitenote_category":0},"product_brand":[],"product_cat":[14591,14556],"product_tag":[],"class_list":{"0":"post-694766","1":"product","2":"type-product","3":"status-publish","5":"product_cat-genel-kavramlar-kuram-ve-tarihce","6":"product_cat-muzik","7":"pa_cilt-ciltsiz","8":"pa_tur-kitap","9":"pa_yayinevi-sun-yayinevi","10":"pa_yazar-dincer-yildiz","12":"first","13":"instock","14":"sale","15":"shipping-taxable","16":"purchasable","17":"product-type-simple"},"_links":{"self":[{"href":"https:\/\/roveyayinevi.com.tr\/index.php\/wp-json\/wp\/v2\/product\/694766","targetHints":{"allow":["GET"]}}],"collection":[{"href":"https:\/\/roveyayinevi.com.tr\/index.php\/wp-json\/wp\/v2\/product"}],"about":[{"href":"https:\/\/roveyayinevi.com.tr\/index.php\/wp-json\/wp\/v2\/types\/product"}],"wp:attachment":[{"href":"https:\/\/roveyayinevi.com.tr\/index.php\/wp-json\/wp\/v2\/media?parent=694766"}],"wp:term":[{"taxonomy":"product_brand","embeddable":true,"href":"https:\/\/roveyayinevi.com.tr\/index.php\/wp-json\/wp\/v2\/product_brand?post=694766"},{"taxonomy":"product_cat","embeddable":true,"href":"https:\/\/roveyayinevi.com.tr\/index.php\/wp-json\/wp\/v2\/product_cat?post=694766"},{"taxonomy":"product_tag","embeddable":true,"href":"https:\/\/roveyayinevi.com.tr\/index.php\/wp-json\/wp\/v2\/product_tag?post=694766"}],"curies":[{"name":"wp","href":"https:\/\/api.w.org\/{rel}","templated":true}]}}