{"id":694765,"date":"2025-08-27T14:23:08","date_gmt":"2025-08-27T11:23:08","guid":{"rendered":"https:\/\/roveyayinevi.com.tr\/index.php\/urun\/duyuslar-piyano-icin-11-parca\/"},"modified":"2026-04-13T02:05:37","modified_gmt":"2026-04-12T23:05:37","slug":"duyuslar-piyano-icin-11-parca","status":"publish","type":"product","link":"https:\/\/roveyayinevi.com.tr\/index.php\/urun\/duyuslar-piyano-icin-11-parca\/","title":{"rendered":"Duyu\u015flar (Piyano \u0130\u00e7in 11 Par\u00e7a)"},"content":{"rendered":"<p>B\u00fcy\u00fck bestecimiz Ulvi Cemal Erkin&#8217;in (1906-1967) 1937 y\u0131l\u0131nda besteledi\u011fi bu eser, \u00c7a\u011fda\u015f T\u00fcrk M\u00fczi\u011fi piyano da\u011farc\u0131\u011f\u0131n\u0131n temel eserlerinden birisidir.\u0130\u00e7indeki par\u00e7alar, solist piyanistlerin, piyano \u00f6\u011fretmenlerinin ve \u00f6\u011frencilerinin y\u0131llardan beri severek \u00e7ald\u0131klar\u0131 eserlerdir.Bas\u0131l\u0131 notas\u0131 uzun s\u00fcreden beri bulunamayan bu eseri, SUN Yay\u0131nevi, Erkin&#8217;in do\u011fumunun 100. Y\u0131l\u0131 an\u0131s\u0131na, yeniden sunmaktad\u0131r. <\/p>\n","protected":false},"excerpt":{"rendered":"<p>B\u00fcy\u00fck bestecimiz Ulvi Cemal Erkin&#8217;in (1906-1967) 1937 y\u0131l\u0131nda besteledi\u011fi bu eser, \u00c7a\u011fda\u015f T\u00fcrk M\u00fczi\u011fi piyano da\u011farc\u0131\u011f\u0131n\u0131n temel eserlerinden birisidir.\u0130\u00e7indeki par\u00e7alar, solist piyanistlerin, piyano \u00f6\u011fretmenlerinin ve \u00f6\u011frencilerinin<span class=\"excerpt-hellip\"> [\u2026]<\/span><\/p>\n","protected":false},"featured_media":0,"template":"","meta":{"_monsterinsights_skip_tracking":false,"_monsterinsights_sitenote_active":false,"_monsterinsights_sitenote_note":"","_monsterinsights_sitenote_category":0},"product_brand":[],"product_cat":[14556,14557],"product_tag":[],"class_list":{"0":"post-694765","1":"product","2":"type-product","3":"status-publish","5":"product_cat-muzik","6":"product_cat-nota-kitaplari","7":"pa_cilt-ciltsiz","8":"pa_tur-kitap","9":"pa_yayinevi-sun-yayinevi","10":"pa_yazar-ulvi-cemal-erkin","12":"first","13":"instock","14":"sale","15":"shipping-taxable","16":"purchasable","17":"product-type-simple"},"_links":{"self":[{"href":"https:\/\/roveyayinevi.com.tr\/index.php\/wp-json\/wp\/v2\/product\/694765","targetHints":{"allow":["GET"]}}],"collection":[{"href":"https:\/\/roveyayinevi.com.tr\/index.php\/wp-json\/wp\/v2\/product"}],"about":[{"href":"https:\/\/roveyayinevi.com.tr\/index.php\/wp-json\/wp\/v2\/types\/product"}],"wp:attachment":[{"href":"https:\/\/roveyayinevi.com.tr\/index.php\/wp-json\/wp\/v2\/media?parent=694765"}],"wp:term":[{"taxonomy":"product_brand","embeddable":true,"href":"https:\/\/roveyayinevi.com.tr\/index.php\/wp-json\/wp\/v2\/product_brand?post=694765"},{"taxonomy":"product_cat","embeddable":true,"href":"https:\/\/roveyayinevi.com.tr\/index.php\/wp-json\/wp\/v2\/product_cat?post=694765"},{"taxonomy":"product_tag","embeddable":true,"href":"https:\/\/roveyayinevi.com.tr\/index.php\/wp-json\/wp\/v2\/product_tag?post=694765"}],"curies":[{"name":"wp","href":"https:\/\/api.w.org\/{rel}","templated":true}]}}