{"id":694764,"date":"2025-08-27T14:23:07","date_gmt":"2025-08-27T11:23:07","guid":{"rendered":"https:\/\/roveyayinevi.com.tr\/index.php\/urun\/cocuklar-ve-gencler-icin-sarki-demeti-1960-2006\/"},"modified":"2026-04-16T02:04:40","modified_gmt":"2026-04-15T23:04:40","slug":"cocuklar-ve-gencler-icin-sarki-demeti-1960-2006","status":"publish","type":"product","link":"https:\/\/roveyayinevi.com.tr\/index.php\/urun\/cocuklar-ve-gencler-icin-sarki-demeti-1960-2006\/","title":{"rendered":"\u00c7ocuklar ve Gen\u00e7ler \u0130\u00e7in \u015eark\u0131 Demeti 1960 &#8211; 2006"},"content":{"rendered":"<p>Muammer Sun, 1960&#8217;dan 2006&#8217;ya kadar 46 y\u0131l i\u00e7inde besteledi\u011fi okul \u015fark\u0131lar\u0131 ve mar\u015flar\u0131n\u0131n \u00e7o\u011funu bu kitapta toplad\u0131. &#8220;Ulusal bir \u015fark\u0131 da\u011farc\u0131\u011f\u0131 yaratma ak\u0131m\u0131&#8221;n\u0131n \u00f6nc\u00fcs\u00fc olan Sun&#8217;un bu kitab\u0131nda 70 okul \u015fark\u0131s\u0131 ve mar\u015f\u0131 bulunuyor.E\u011fitim m\u00fczi\u011finde Sun bestelerini arayanlara&#8230; <\/p>\n","protected":false},"excerpt":{"rendered":"<p>Muammer Sun, 1960&#8217;dan 2006&#8217;ya kadar 46 y\u0131l i\u00e7inde besteledi\u011fi okul \u015fark\u0131lar\u0131 ve mar\u015flar\u0131n\u0131n \u00e7o\u011funu bu kitapta toplad\u0131. &#8220;Ulusal bir \u015fark\u0131 da\u011farc\u0131\u011f\u0131 yaratma ak\u0131m\u0131&#8221;n\u0131n \u00f6nc\u00fcs\u00fc olan Sun&#8217;un<span class=\"excerpt-hellip\"> [\u2026]<\/span><\/p>\n","protected":false},"featured_media":0,"template":"","meta":{"_monsterinsights_skip_tracking":false,"_monsterinsights_sitenote_active":false,"_monsterinsights_sitenote_note":"","_monsterinsights_sitenote_category":0},"product_brand":[],"product_cat":[14556,14557],"product_tag":[],"class_list":{"0":"post-694764","1":"product","2":"type-product","3":"status-publish","5":"product_cat-muzik","6":"product_cat-nota-kitaplari","7":"pa_cilt-ciltsiz","8":"pa_tur-kitap","9":"pa_yayinevi-sun-yayinevi","10":"pa_yazar-muammer-sun","12":"first","13":"instock","14":"sale","15":"shipping-taxable","16":"purchasable","17":"product-type-simple"},"_links":{"self":[{"href":"https:\/\/roveyayinevi.com.tr\/index.php\/wp-json\/wp\/v2\/product\/694764","targetHints":{"allow":["GET"]}}],"collection":[{"href":"https:\/\/roveyayinevi.com.tr\/index.php\/wp-json\/wp\/v2\/product"}],"about":[{"href":"https:\/\/roveyayinevi.com.tr\/index.php\/wp-json\/wp\/v2\/types\/product"}],"wp:attachment":[{"href":"https:\/\/roveyayinevi.com.tr\/index.php\/wp-json\/wp\/v2\/media?parent=694764"}],"wp:term":[{"taxonomy":"product_brand","embeddable":true,"href":"https:\/\/roveyayinevi.com.tr\/index.php\/wp-json\/wp\/v2\/product_brand?post=694764"},{"taxonomy":"product_cat","embeddable":true,"href":"https:\/\/roveyayinevi.com.tr\/index.php\/wp-json\/wp\/v2\/product_cat?post=694764"},{"taxonomy":"product_tag","embeddable":true,"href":"https:\/\/roveyayinevi.com.tr\/index.php\/wp-json\/wp\/v2\/product_tag?post=694764"}],"curies":[{"name":"wp","href":"https:\/\/api.w.org\/{rel}","templated":true}]}}