{"id":694762,"date":"2025-08-27T14:23:07","date_gmt":"2025-08-27T11:23:07","guid":{"rendered":"https:\/\/roveyayinevi.com.tr\/index.php\/urun\/nasreddin-hoca-fikralari-3-kitap\/"},"modified":"2026-04-16T02:04:40","modified_gmt":"2026-04-15T23:04:40","slug":"nasreddin-hoca-fikralari-3-kitap","status":"publish","type":"product","link":"https:\/\/roveyayinevi.com.tr\/index.php\/urun\/nasreddin-hoca-fikralari-3-kitap\/","title":{"rendered":"Nasreddin Hoca F\u0131kralar\u0131 3. Kitap"},"content":{"rendered":"<p>Osmanl\u0131 T\u00fcrk\u00e7esi&#8217;ne yeni ba\u015flayanlar\u0131n seviyelerine uygun okuma kitaplar\u0131 olduk\u00e7a azd\u0131r. Bu nedenle hem tarihi de\u011feri olan hem de Osmanl\u0131 T\u00fcrk\u00e7esi&#8217;ne yeni ba\u015flayanlar\u0131n rahatl\u0131kla anlayabilecekleri kitaplar haz\u0131rlanmal\u0131d\u0131r. Elinizdeki Nasreddin Hoca F\u0131kralar\u0131 adl\u0131 kitap da bu ihtiyaca binaen haz\u0131rlanm\u0131\u015ft\u0131r. F\u0131kralar k\u0131sa olduklar\u0131ndan metin s\u0131k\u0131c\u0131 olmaktan uzak, konu\u015fma diline yak\u0131n olduklar\u0131ndan anla\u015f\u0131lmalar\u0131 da kolayd\u0131r. Bilinmedi\u011fini tahmin etti\u011fimiz kelimelerin s\u00f6zl\u00fck anlamlar\u0131 da sayfa altlar\u0131nda verildi. B\u00f6ylece okuyucunun metni daha rahat kavramas\u0131 ve kelime da\u011farc\u0131\u011f\u0131n\u0131 zenginle\u015ftirmesi hedeflendi. <\/p>\n","protected":false},"excerpt":{"rendered":"<p>Osmanl\u0131 T\u00fcrk\u00e7esi&#8217;ne yeni ba\u015flayanlar\u0131n seviyelerine uygun okuma kitaplar\u0131 olduk\u00e7a azd\u0131r. Bu nedenle hem tarihi de\u011feri olan hem de Osmanl\u0131 T\u00fcrk\u00e7esi&#8217;ne yeni ba\u015flayanlar\u0131n rahatl\u0131kla anlayabilecekleri kitaplar haz\u0131rlanmal\u0131d\u0131r.<span class=\"excerpt-hellip\"> [\u2026]<\/span><\/p>\n","protected":false},"featured_media":0,"template":"","meta":{"_monsterinsights_skip_tracking":false,"_monsterinsights_sitenote_active":false,"_monsterinsights_sitenote_note":"","_monsterinsights_sitenote_category":0},"product_brand":[],"product_cat":[12477,12364],"product_tag":[],"class_list":{"0":"post-694762","1":"product","2":"type-product","3":"status-publish","5":"product_cat-eglence-mizah","6":"product_cat-genel-konular","7":"pa_tur-kitap","8":"pa_yayinevi-yeditepe-yayinevi","9":"pa_yazar-bahai","11":"first","12":"instock","13":"sale","14":"shipping-taxable","15":"purchasable","16":"product-type-simple"},"_links":{"self":[{"href":"https:\/\/roveyayinevi.com.tr\/index.php\/wp-json\/wp\/v2\/product\/694762","targetHints":{"allow":["GET"]}}],"collection":[{"href":"https:\/\/roveyayinevi.com.tr\/index.php\/wp-json\/wp\/v2\/product"}],"about":[{"href":"https:\/\/roveyayinevi.com.tr\/index.php\/wp-json\/wp\/v2\/types\/product"}],"wp:attachment":[{"href":"https:\/\/roveyayinevi.com.tr\/index.php\/wp-json\/wp\/v2\/media?parent=694762"}],"wp:term":[{"taxonomy":"product_brand","embeddable":true,"href":"https:\/\/roveyayinevi.com.tr\/index.php\/wp-json\/wp\/v2\/product_brand?post=694762"},{"taxonomy":"product_cat","embeddable":true,"href":"https:\/\/roveyayinevi.com.tr\/index.php\/wp-json\/wp\/v2\/product_cat?post=694762"},{"taxonomy":"product_tag","embeddable":true,"href":"https:\/\/roveyayinevi.com.tr\/index.php\/wp-json\/wp\/v2\/product_tag?post=694762"}],"curies":[{"name":"wp","href":"https:\/\/api.w.org\/{rel}","templated":true}]}}