{"id":694759,"date":"2025-08-27T14:23:06","date_gmt":"2025-08-27T11:23:06","guid":{"rendered":"https:\/\/roveyayinevi.com.tr\/index.php\/urun\/kanuninin-veziriazami-pargali-ibrahim-pasa\/"},"modified":"2026-04-16T02:04:40","modified_gmt":"2026-04-15T23:04:40","slug":"kanuninin-veziriazami-pargali-ibrahim-pasa","status":"publish","type":"product","link":"https:\/\/roveyayinevi.com.tr\/index.php\/urun\/kanuninin-veziriazami-pargali-ibrahim-pasa\/","title":{"rendered":"Kanuni\u2019nin Veziriazam\u0131 Pargal\u0131 \u0130brahim Pa\u015fa"},"content":{"rendered":"<p>Kanun\u00ee Sultan S\u00fcleyman&#8217;\u0131n veziriazam\u0131 olan ve Pargal\u0131, Frenk, Maktul, Makbul gibi \u00fcnvanlarla tan\u0131nan \u0130brahim Pa\u015fa bug\u00fcnk\u00fc Yunanistan&#8217;\u0131n Parga adl\u0131 \u015fehrinde bir bal\u0131k\u00e7\u0131n\u0131n o\u011flu olarak do\u011fmu\u015ftu. Manisa&#8217;dayken \u015eehz\u00e2de S\u00fcleyman&#8217;\u0131n maiyetine girdi. Pargal\u0131 \u0130brahim, 1523&#8217;te P\u00eer\u00ee Pa\u015fa&#8217;n\u0131n yerine, daha \u00f6nce benzeri g\u00f6r\u00fclmemi\u015f bir \u015fekilde ve genel team\u00fcle ayk\u0131r\u0131 olarak hasodaba\u015fl\u0131ktan veziriazaml\u0131\u011fa getirildi. Bu y\u00fczden Makbul \u0130brahim Pa\u015fa diye an\u0131ld\u0131. Ancak kazand\u0131\u011f\u0131 ba\u015far\u0131larla g\u00fcnden g\u00fcne artan sonunu haz\u0131rlad\u0131 ve 1536&#8217;da idam edildi. Art\u0131k  Maktul &#8216;d\u00fc. <\/p>\n","protected":false},"excerpt":{"rendered":"<p>Kanun\u00ee Sultan S\u00fcleyman&#8217;\u0131n veziriazam\u0131 olan ve Pargal\u0131, Frenk, Maktul, Makbul gibi \u00fcnvanlarla tan\u0131nan \u0130brahim Pa\u015fa bug\u00fcnk\u00fc Yunanistan&#8217;\u0131n Parga adl\u0131 \u015fehrinde bir bal\u0131k\u00e7\u0131n\u0131n o\u011flu olarak do\u011fmu\u015ftu. Manisa&#8217;dayken<span class=\"excerpt-hellip\"> [\u2026]<\/span><\/p>\n","protected":false},"featured_media":0,"template":"","meta":{"_monsterinsights_skip_tracking":false,"_monsterinsights_sitenote_active":false,"_monsterinsights_sitenote_note":"","_monsterinsights_sitenote_category":0},"product_brand":[],"product_cat":[13517,12304],"product_tag":[],"class_list":{"0":"post-694759","1":"product","2":"type-product","3":"status-publish","5":"product_cat-osmanli-tarihi","6":"product_cat-tarih","7":"pa_tur-kitap","8":"pa_yayinevi-yeditepe-yayinevi","9":"pa_yazar-hester-donaldson-jenkins","11":"first","12":"instock","13":"sale","14":"shipping-taxable","15":"purchasable","16":"product-type-simple"},"_links":{"self":[{"href":"https:\/\/roveyayinevi.com.tr\/index.php\/wp-json\/wp\/v2\/product\/694759","targetHints":{"allow":["GET"]}}],"collection":[{"href":"https:\/\/roveyayinevi.com.tr\/index.php\/wp-json\/wp\/v2\/product"}],"about":[{"href":"https:\/\/roveyayinevi.com.tr\/index.php\/wp-json\/wp\/v2\/types\/product"}],"wp:attachment":[{"href":"https:\/\/roveyayinevi.com.tr\/index.php\/wp-json\/wp\/v2\/media?parent=694759"}],"wp:term":[{"taxonomy":"product_brand","embeddable":true,"href":"https:\/\/roveyayinevi.com.tr\/index.php\/wp-json\/wp\/v2\/product_brand?post=694759"},{"taxonomy":"product_cat","embeddable":true,"href":"https:\/\/roveyayinevi.com.tr\/index.php\/wp-json\/wp\/v2\/product_cat?post=694759"},{"taxonomy":"product_tag","embeddable":true,"href":"https:\/\/roveyayinevi.com.tr\/index.php\/wp-json\/wp\/v2\/product_tag?post=694759"}],"curies":[{"name":"wp","href":"https:\/\/api.w.org\/{rel}","templated":true}]}}