{"id":694757,"date":"2025-08-27T14:23:06","date_gmt":"2025-08-27T11:23:06","guid":{"rendered":"https:\/\/roveyayinevi.com.tr\/index.php\/urun\/filistine-veda\/"},"modified":"2026-04-16T02:04:40","modified_gmt":"2026-04-15T23:04:40","slug":"filistine-veda","status":"publish","type":"product","link":"https:\/\/roveyayinevi.com.tr\/index.php\/urun\/filistine-veda\/","title":{"rendered":"Filistin\u2019e Veda"},"content":{"rendered":"<p>Filistine Veda, Osmanl\u0131 ordusunun 1917-1918 y\u0131llar\u0131nda Filistin-Suriye Cephesi\u2019nde \u0130ngilizlerleolan m\u00fccadelesini anlat\u0131yor.Bu m\u00fccadeleyi vermek \u00fczere 1917 senesinde kurulan Y\u0131ld\u0131r\u0131m Ordular Grubu\u2019nda kurmay subayolarak bizzat bulunmu\u015f olan Mirliva Sedat, Filistin Cephesi\u2019nde zaferlerle ba\u015flay\u0131p bozgunlaneticelenen asker\u00ee harek\u00e2t\u0131 nakletmektedir.Bu eserde;\u2022 Filistin hezimetini haz\u0131rlayan olaylar,\u2022 Gazze Muharebeleri,\u2022 Filistin Cephesi\u2019nde sava\u015ft\u0131\u011f\u0131m\u0131z \u0130ngiliz ordusunun te\u015fkilat\u0131,\u2022 Y\u0131ld\u0131r\u0131m Ordular Grubu\u2019nun kurulu\u015fu ve bu orduya kumanda eden iki Alman generaliFalkenhayn ve Liman von Sanders,\u2022 Y\u0131ld\u0131r\u0131m Ordular Grubu\u2019nu olu\u015fturan 4, 7 ve 8. Ordular\u0131n harek\u00e2t\u0131,\u2022 Eyl\u00fcl 1918\u2019de ba\u015flay\u0131p Mondros M\u00fctarekesi\u2019ne kadar devam eden bozgun ve ricat, harp tarihibelgelerine dayan\u0131larak ayr\u0131nt\u0131l\u0131 olarak anlat\u0131lmaktad\u0131r. <\/p>\n","protected":false},"excerpt":{"rendered":"<p>Filistine Veda, Osmanl\u0131 ordusunun 1917-1918 y\u0131llar\u0131nda Filistin-Suriye Cephesi\u2019nde \u0130ngilizlerleolan m\u00fccadelesini anlat\u0131yor.Bu m\u00fccadeleyi vermek \u00fczere 1917 senesinde kurulan Y\u0131ld\u0131r\u0131m Ordular Grubu\u2019nda kurmay subayolarak bizzat bulunmu\u015f olan Mirliva<span class=\"excerpt-hellip\"> [\u2026]<\/span><\/p>\n","protected":false},"featured_media":0,"template":"","meta":{"_monsterinsights_skip_tracking":false,"_monsterinsights_sitenote_active":false,"_monsterinsights_sitenote_note":"","_monsterinsights_sitenote_category":0},"product_brand":[],"product_cat":[12370,12304],"product_tag":[],"class_list":{"0":"post-694757","1":"product","2":"type-product","3":"status-publish","5":"product_cat-arastirma-inceleme","6":"product_cat-tarih","7":"pa_cilt-ciltsiz","8":"pa_tur-kitap","9":"pa_yayinevi-yeditepe-yayinevi","10":"pa_yazar-mirliva-sedat","12":"first","13":"instock","14":"sale","15":"shipping-taxable","16":"purchasable","17":"product-type-simple"},"_links":{"self":[{"href":"https:\/\/roveyayinevi.com.tr\/index.php\/wp-json\/wp\/v2\/product\/694757","targetHints":{"allow":["GET"]}}],"collection":[{"href":"https:\/\/roveyayinevi.com.tr\/index.php\/wp-json\/wp\/v2\/product"}],"about":[{"href":"https:\/\/roveyayinevi.com.tr\/index.php\/wp-json\/wp\/v2\/types\/product"}],"wp:attachment":[{"href":"https:\/\/roveyayinevi.com.tr\/index.php\/wp-json\/wp\/v2\/media?parent=694757"}],"wp:term":[{"taxonomy":"product_brand","embeddable":true,"href":"https:\/\/roveyayinevi.com.tr\/index.php\/wp-json\/wp\/v2\/product_brand?post=694757"},{"taxonomy":"product_cat","embeddable":true,"href":"https:\/\/roveyayinevi.com.tr\/index.php\/wp-json\/wp\/v2\/product_cat?post=694757"},{"taxonomy":"product_tag","embeddable":true,"href":"https:\/\/roveyayinevi.com.tr\/index.php\/wp-json\/wp\/v2\/product_tag?post=694757"}],"curies":[{"name":"wp","href":"https:\/\/api.w.org\/{rel}","templated":true}]}}