{"id":694755,"date":"2025-08-27T14:23:05","date_gmt":"2025-08-27T11:23:05","guid":{"rendered":"https:\/\/roveyayinevi.com.tr\/index.php\/urun\/kapitulasyonlarin-kaldirilmasi\/"},"modified":"2026-04-16T02:04:40","modified_gmt":"2026-04-15T23:04:40","slug":"kapitulasyonlarin-kaldirilmasi","status":"publish","type":"product","link":"https:\/\/roveyayinevi.com.tr\/index.php\/urun\/kapitulasyonlarin-kaldirilmasi\/","title":{"rendered":"Kapit\u00fclasyonlar\u0131n Kald\u0131r\u0131lmas\u0131"},"content":{"rendered":"<p>Kapit\u00fclasyonlar; adl\u00ee, idar\u00ee, mal\u00ee, ve iktisad\u00ee alanlarda yabanc\u0131lara verilmi\u015f imtiyazlard\u0131r. 18. Y\u00fczy\u0131la kadar kapit\u00fclasyonlar\u0131n Osmanl\u0131 Devleti \u00fczerinde olumsuz bir etkisi olmam\u0131\u015f; hatta ba\u015fta ekonomi olmak \u00fczere bir\u00e7ok alanda faydas\u0131 g\u00f6r\u00fclm\u00fc\u015ft\u00fcr. Buna kar\u015f\u0131n \u00f6zellikle bu y\u00fczy\u0131l\u0131n sonlar\u0131na do\u011fru kapit\u00fclasyonlar, Osmanl\u0131 Devleti a\u00e7\u0131s\u0131ndan olumsuz tesiri giderek artan ve pek \u00e7ok alanda hissedilen ciddi bir sorun haline gelmi\u015ftir. <\/p>\n","protected":false},"excerpt":{"rendered":"<p>Kapit\u00fclasyonlar; adl\u00ee, idar\u00ee, mal\u00ee, ve iktisad\u00ee alanlarda yabanc\u0131lara verilmi\u015f imtiyazlard\u0131r. 18. Y\u00fczy\u0131la kadar kapit\u00fclasyonlar\u0131n Osmanl\u0131 Devleti \u00fczerinde olumsuz bir etkisi olmam\u0131\u015f; hatta ba\u015fta ekonomi olmak \u00fczere<span class=\"excerpt-hellip\"> [\u2026]<\/span><\/p>\n","protected":false},"featured_media":0,"template":"","meta":{"_monsterinsights_skip_tracking":false,"_monsterinsights_sitenote_active":false,"_monsterinsights_sitenote_note":"","_monsterinsights_sitenote_category":0},"product_brand":[],"product_cat":[13517,12304],"product_tag":[],"class_list":{"0":"post-694755","1":"product","2":"type-product","3":"status-publish","5":"product_cat-osmanli-tarihi","6":"product_cat-tarih","7":"pa_tur-kitap","8":"pa_yayinevi-yeditepe-yayinevi","9":"pa_yazar-muhammet-emin-kulunk","11":"first","12":"instock","13":"sale","14":"shipping-taxable","15":"purchasable","16":"product-type-simple"},"_links":{"self":[{"href":"https:\/\/roveyayinevi.com.tr\/index.php\/wp-json\/wp\/v2\/product\/694755","targetHints":{"allow":["GET"]}}],"collection":[{"href":"https:\/\/roveyayinevi.com.tr\/index.php\/wp-json\/wp\/v2\/product"}],"about":[{"href":"https:\/\/roveyayinevi.com.tr\/index.php\/wp-json\/wp\/v2\/types\/product"}],"wp:attachment":[{"href":"https:\/\/roveyayinevi.com.tr\/index.php\/wp-json\/wp\/v2\/media?parent=694755"}],"wp:term":[{"taxonomy":"product_brand","embeddable":true,"href":"https:\/\/roveyayinevi.com.tr\/index.php\/wp-json\/wp\/v2\/product_brand?post=694755"},{"taxonomy":"product_cat","embeddable":true,"href":"https:\/\/roveyayinevi.com.tr\/index.php\/wp-json\/wp\/v2\/product_cat?post=694755"},{"taxonomy":"product_tag","embeddable":true,"href":"https:\/\/roveyayinevi.com.tr\/index.php\/wp-json\/wp\/v2\/product_tag?post=694755"}],"curies":[{"name":"wp","href":"https:\/\/api.w.org\/{rel}","templated":true}]}}