{"id":694754,"date":"2025-08-27T14:23:05","date_gmt":"2025-08-27T11:23:05","guid":{"rendered":"https:\/\/roveyayinevi.com.tr\/index.php\/urun\/istanbul-mavnalari\/"},"modified":"2026-04-16T02:04:40","modified_gmt":"2026-04-15T23:04:40","slug":"istanbul-mavnalari","status":"publish","type":"product","link":"https:\/\/roveyayinevi.com.tr\/index.php\/urun\/istanbul-mavnalari\/","title":{"rendered":"\u0130stanbul Mavnalar\u0131"},"content":{"rendered":"<p>\u0130stanbul&#8217;u y\u00fcrekten seven veas\u0131rlarca bu \u015fehre hizmet etmi\u015f olan Mavna ve Mavnac\u0131 Esnaf\u0131 ne az\u0131k ki g\u00fcn\u00fcm\u00fczde kaybolup girmi\u015ftir. Kaybolmu\u015f bir de\u011ferin yakla\u015f\u0131k be\u015fbu\u00e7uk as\u0131rl\u0131k tarihinin her a\u015famas\u0131 \u0130stanbul sevgisi, \u0130stanbul&#8217;a hizmet a\u015fk\u0131 ile ge\u00e7mi\u015ftir. \u0130stanbul&#8217;a \u00f6zg\u00fcn yap\u0131s\u0131 ve bu \u015fehrin insan\u0131na fayda sa\u011flamak \u00fczere ge\u00e7en as\u0131rlar boyunca ne hikayeleri vard\u0131r mavnac\u0131lar\u0131n. \u0130stanbul&#8217;un kaybolan de\u011ferlerinden olan Mavna ve Mavnac\u0131l\u0131k \u0130stanbul&#8217;un fethiyle birlikte ba\u015flay\u0131p milenium \u00e7a\u011f\u0131na yakla\u015ft\u0131\u011f\u0131m\u0131z d\u00f6nemde tamamen ortadan kaybolmu\u015f bir meslek olmu\u015ftur. Fetihten itibaren be\u015f as\u0131r \u0130stanbul Liman\u0131 ve Bo\u011fazi\u00e7i&#8217;nin g\u00fcndelik g\u00f6r\u00fcnt\u00fcleri ve sosyal ya\u015fant\u0131s\u0131n\u0131n ayr\u0131lmaz bir par\u00e7as\u0131 olan mavnalar temnolojiye yenik d\u00fc\u015ferek kaybolup gitmi\u015ftir. Bizler yakla\u015f\u0131k 550 y\u0131l \u0130stanbul&#8217;a hizmet etmi\u015f bir mesle\u011fin erbaplar\u0131n\u0131 ve hizmet arac\u0131 mavnalar\u0131n tarihsel belle\u011fini bu \u00e7al\u0131\u015fma ile sizlerle payla\u015f\u0131yoruz. \ufffcTan\u0131t\u0131m Metni<\/p>\n","protected":false},"excerpt":{"rendered":"<p>\u0130stanbul&#8217;u y\u00fcrekten seven veas\u0131rlarca bu \u015fehre hizmet etmi\u015f olan Mavna ve Mavnac\u0131 Esnaf\u0131 ne az\u0131k ki g\u00fcn\u00fcm\u00fczde kaybolup girmi\u015ftir. Kaybolmu\u015f bir de\u011ferin yakla\u015f\u0131k be\u015fbu\u00e7uk as\u0131rl\u0131k tarihinin<span class=\"excerpt-hellip\"> [\u2026]<\/span><\/p>\n","protected":false},"featured_media":0,"template":"","meta":{"_monsterinsights_skip_tracking":false,"_monsterinsights_sitenote_active":false,"_monsterinsights_sitenote_note":"","_monsterinsights_sitenote_category":0},"product_brand":[],"product_cat":[12370,12304],"product_tag":[],"class_list":{"0":"post-694754","1":"product","2":"type-product","3":"status-publish","5":"product_cat-arastirma-inceleme","6":"product_cat-tarih","7":"pa_tur-kitap","8":"pa_yayinevi-yeditepe-yayinevi","9":"pa_yazar-mehmet-mazak","11":"first","12":"instock","13":"sale","14":"shipping-taxable","15":"purchasable","16":"product-type-simple"},"_links":{"self":[{"href":"https:\/\/roveyayinevi.com.tr\/index.php\/wp-json\/wp\/v2\/product\/694754","targetHints":{"allow":["GET"]}}],"collection":[{"href":"https:\/\/roveyayinevi.com.tr\/index.php\/wp-json\/wp\/v2\/product"}],"about":[{"href":"https:\/\/roveyayinevi.com.tr\/index.php\/wp-json\/wp\/v2\/types\/product"}],"wp:attachment":[{"href":"https:\/\/roveyayinevi.com.tr\/index.php\/wp-json\/wp\/v2\/media?parent=694754"}],"wp:term":[{"taxonomy":"product_brand","embeddable":true,"href":"https:\/\/roveyayinevi.com.tr\/index.php\/wp-json\/wp\/v2\/product_brand?post=694754"},{"taxonomy":"product_cat","embeddable":true,"href":"https:\/\/roveyayinevi.com.tr\/index.php\/wp-json\/wp\/v2\/product_cat?post=694754"},{"taxonomy":"product_tag","embeddable":true,"href":"https:\/\/roveyayinevi.com.tr\/index.php\/wp-json\/wp\/v2\/product_tag?post=694754"}],"curies":[{"name":"wp","href":"https:\/\/api.w.org\/{rel}","templated":true}]}}