{"id":694753,"date":"2025-08-27T14:23:05","date_gmt":"2025-08-27T11:23:05","guid":{"rendered":"https:\/\/roveyayinevi.com.tr\/index.php\/urun\/bizansin-dususu\/"},"modified":"2026-04-16T02:04:39","modified_gmt":"2026-04-15T23:04:39","slug":"bizansin-dususu","status":"publish","type":"product","link":"https:\/\/roveyayinevi.com.tr\/index.php\/urun\/bizansin-dususu\/","title":{"rendered":"Bizans\u2019\u0131n D\u00fc\u015f\u00fc\u015f\u00fc"},"content":{"rendered":"<p>Bin y\u0131ldan fazla s\u00fcren tarihi ge\u00e7mi\u015fi boyunca say\u0131s\u0131z istila tehditleri ya\u015fam\u0131\u015f ve sald\u0131r\u0131lara maruz kalm\u0131\u015f olmas\u0131na ra\u011fmen Bizans, imparatorluk iktidar\u0131n\u0131n ebedili\u011fine inanc\u0131n\u0131 yitirmemi\u015f ve her defas\u0131nda k\u00fcllerinden yeniden do\u011fmay\u0131 ba\u015farm\u0131\u015ft\u0131. Fakat ne olmu\u015ftu da b\u00f6yle bir imparatorluk 1453 y\u0131l\u0131nda y\u0131k\u0131l\u0131p yok olmu\u015ftu?\u00b7 XI. y\u00fczy\u0131lda Sel\u00e7uklular\u0131n \u00f6nderli\u011finde Anadolu\u2019nun T\u00fcrklerce fethedilmesi Bizans i\u00e7in sonun bir ba\u015flang\u0131c\u0131 m\u0131yd\u0131?\u00b7 T\u00fcrklerin, XIII. as\u0131rda Mo\u011fol istilas\u0131na ra\u011fmen Bizans kar\u015f\u0131s\u0131ndaki \u00fcst\u00fcnl\u00fcklerini korumalar\u0131 ve ilerleyi\u015flerini devam ettirmeleri nas\u0131l bir etken oldu?\u00b7 Bizans\u2019\u0131n y\u0131k\u0131l\u0131\u015f\u0131n\u0131 sadece T\u00fcrklerin, sahip olduklar\u0131 maddi ve manevi \u00fcst\u00fcn g\u00fc\u00e7lere dayanarak ger\u00e7ekle\u015ftirdikleri muhte\u015fem bir askeri zafer olarak sunmak ve alg\u0131lamak yeterli midir?\u00b7 B\u00f6yle bir bak\u0131\u015f a\u00e7\u0131s\u0131 tarihi ger\u00e7eklerin sadece bir y\u00f6n\u00fcn\u00fc g\u00f6rmek ve di\u011fer bir\u00e7ok tarihi ger\u00e7e\u011fi g\u00f6z ard\u0131 etmek de\u011fil midir?\u00b7 Bin y\u0131ll\u0131k Bizans \u0130mparatorlu\u011funu y\u0131k\u0131ma s\u00fcr\u00fckleyen siyasi, dini, ekonomik, askeri fakt\u00f6rler nelerdi?\u0130\u015fte, t\u00fcm bu sorulara verece\u011fimiz cevaplar\u0131n hepsi bir b\u00fct\u00fcn\u00fcn par\u00e7alar\u0131 gibidir ve ancak t\u00fcm par\u00e7alar\u0131 bir araya getirerek Bizans\u2019\u0131n \u00e7\u00f6k\u00fc\u015f\u00fcn\u00fc ve T\u00fcrklerin muhte\u015fem zaferinin \u00f6nemini b\u00fct\u00fcn y\u00f6nleriyle sa\u011fl\u0131kl\u0131 bir \u015fekilde de\u011ferlendirmek m\u00fcmk\u00fcn olabilir. Bizans\u2019\u0131n \u00e7\u00f6k\u00fc\u015f\u00fcn\u00fcn ele al\u0131nd\u0131\u011f\u0131 bu \u00e7al\u0131\u015fmada, askeri ve siyasi olaylar da g\u00f6z ard\u0131 edilmeden imparatorlu\u011fu y\u0131k\u0131m s\u00fcr\u00fckleyen fakt\u00f6rlerin neler oldu\u011fu sorusuna cevap aranmaktad\u0131r.<\/p>\n","protected":false},"excerpt":{"rendered":"<p>Bin y\u0131ldan fazla s\u00fcren tarihi ge\u00e7mi\u015fi boyunca say\u0131s\u0131z istila tehditleri ya\u015fam\u0131\u015f ve sald\u0131r\u0131lara maruz kalm\u0131\u015f olmas\u0131na ra\u011fmen Bizans, imparatorluk iktidar\u0131n\u0131n ebedili\u011fine inanc\u0131n\u0131 yitirmemi\u015f ve her defas\u0131nda<span class=\"excerpt-hellip\"> [\u2026]<\/span><\/p>\n","protected":false},"featured_media":0,"template":"","meta":{"_monsterinsights_skip_tracking":false,"_monsterinsights_sitenote_active":false,"_monsterinsights_sitenote_note":"","_monsterinsights_sitenote_category":0},"product_brand":[],"product_cat":[12305,12304],"product_tag":[],"class_list":{"0":"post-694753","1":"product","2":"type-product","3":"status-publish","5":"product_cat-dunya-tarihi","6":"product_cat-tarih","7":"pa_cilt-ciltsiz","8":"pa_tur-kitap","9":"pa_yayinevi-yeditepe-yayinevi","10":"pa_yazar-mustafa-das","12":"first","13":"instock","14":"sale","15":"shipping-taxable","16":"purchasable","17":"product-type-simple"},"_links":{"self":[{"href":"https:\/\/roveyayinevi.com.tr\/index.php\/wp-json\/wp\/v2\/product\/694753","targetHints":{"allow":["GET"]}}],"collection":[{"href":"https:\/\/roveyayinevi.com.tr\/index.php\/wp-json\/wp\/v2\/product"}],"about":[{"href":"https:\/\/roveyayinevi.com.tr\/index.php\/wp-json\/wp\/v2\/types\/product"}],"wp:attachment":[{"href":"https:\/\/roveyayinevi.com.tr\/index.php\/wp-json\/wp\/v2\/media?parent=694753"}],"wp:term":[{"taxonomy":"product_brand","embeddable":true,"href":"https:\/\/roveyayinevi.com.tr\/index.php\/wp-json\/wp\/v2\/product_brand?post=694753"},{"taxonomy":"product_cat","embeddable":true,"href":"https:\/\/roveyayinevi.com.tr\/index.php\/wp-json\/wp\/v2\/product_cat?post=694753"},{"taxonomy":"product_tag","embeddable":true,"href":"https:\/\/roveyayinevi.com.tr\/index.php\/wp-json\/wp\/v2\/product_tag?post=694753"}],"curies":[{"name":"wp","href":"https:\/\/api.w.org\/{rel}","templated":true}]}}