{"id":694750,"date":"2025-08-27T14:23:04","date_gmt":"2025-08-27T11:23:04","guid":{"rendered":"https:\/\/roveyayinevi.com.tr\/index.php\/urun\/ibrahim-muteferrika-ya-da-ilk-osmanli-matbaa-seruveni\/"},"modified":"2026-04-16T02:04:39","modified_gmt":"2026-04-15T23:04:39","slug":"ibrahim-muteferrika-ya-da-ilk-osmanli-matbaa-seruveni","status":"publish","type":"product","link":"https:\/\/roveyayinevi.com.tr\/index.php\/urun\/ibrahim-muteferrika-ya-da-ilk-osmanli-matbaa-seruveni\/","title":{"rendered":"\u0130brahim M\u00fcteferrika ya da \u0130lk Osmanl\u0131 Matbaa Ser\u00fcveni"},"content":{"rendered":"<p>Bu kitap, \u0130brahim M\u00fcteferrika\u2019y\u0131 ve ilk Osmanl\u0131 matbaa ser\u00fcvenini konu olarak incelemektedir. Ba\u015fl\u0131\u011f\u0131n\u0131 te\u015fkil eden bu mecazi ifade, asl\u0131nda ara\u015ft\u0131rmam\u0131z\u0131n amac\u0131n\u0131 daha iyi bir \u015fekilde g\u00f6sterir ki, bu ama\u00e7 18. y\u00fczy\u0131l\u0131n ilk yar\u0131s\u0131nda gerek Osmanl\u0131 devletinin durumu, gerekse Avrupa\u2019daki matbaa geli\u015fmeleri ba\u011flam\u0131nda Osmanl\u0131 toplumunun hen\u00fcz tan\u0131mad\u0131\u011f\u0131 yeni bir ileti\u015fim aletinin kullanmas\u0131na ilk att\u0131\u011f\u0131 \u00fcrkek ad\u0131mlar\u0131n\u0131 anlatmak, incelemek ve de\u011ferlendirmektir. Ara\u015ft\u0131rma, \u015fu ana kadar bilinmeyen fakat \u00e7ok \u00f6nemli yeni buldu\u011fumuz belgeler \u0131\u015f\u0131\u011f\u0131nda ilk Osmanl\u0131 matbaas\u0131 hakk\u0131nda g\u00f6r\u00fc\u015fleri yeniden de\u011ferlendirir ve k\u0131smen do\u011frultur. <\/p>\n","protected":false},"excerpt":{"rendered":"<p>Bu kitap, \u0130brahim M\u00fcteferrika\u2019y\u0131 ve ilk Osmanl\u0131 matbaa ser\u00fcvenini konu olarak incelemektedir. Ba\u015fl\u0131\u011f\u0131n\u0131 te\u015fkil eden bu mecazi ifade, asl\u0131nda ara\u015ft\u0131rmam\u0131z\u0131n amac\u0131n\u0131 daha iyi bir \u015fekilde g\u00f6sterir<span class=\"excerpt-hellip\"> [\u2026]<\/span><\/p>\n","protected":false},"featured_media":0,"template":"","meta":{"_monsterinsights_skip_tracking":false,"_monsterinsights_sitenote_active":false,"_monsterinsights_sitenote_note":"","_monsterinsights_sitenote_category":0},"product_brand":[],"product_cat":[13517,12304],"product_tag":[],"class_list":{"0":"post-694750","1":"product","2":"type-product","3":"status-publish","5":"product_cat-osmanli-tarihi","6":"product_cat-tarih","7":"pa_cilt-ciltsiz","8":"pa_tur-kitap","9":"pa_yayinevi-yeditepe-yayinevi","10":"pa_yazar-orlin-sabev","12":"first","13":"instock","14":"sale","15":"shipping-taxable","16":"purchasable","17":"product-type-simple"},"_links":{"self":[{"href":"https:\/\/roveyayinevi.com.tr\/index.php\/wp-json\/wp\/v2\/product\/694750","targetHints":{"allow":["GET"]}}],"collection":[{"href":"https:\/\/roveyayinevi.com.tr\/index.php\/wp-json\/wp\/v2\/product"}],"about":[{"href":"https:\/\/roveyayinevi.com.tr\/index.php\/wp-json\/wp\/v2\/types\/product"}],"wp:attachment":[{"href":"https:\/\/roveyayinevi.com.tr\/index.php\/wp-json\/wp\/v2\/media?parent=694750"}],"wp:term":[{"taxonomy":"product_brand","embeddable":true,"href":"https:\/\/roveyayinevi.com.tr\/index.php\/wp-json\/wp\/v2\/product_brand?post=694750"},{"taxonomy":"product_cat","embeddable":true,"href":"https:\/\/roveyayinevi.com.tr\/index.php\/wp-json\/wp\/v2\/product_cat?post=694750"},{"taxonomy":"product_tag","embeddable":true,"href":"https:\/\/roveyayinevi.com.tr\/index.php\/wp-json\/wp\/v2\/product_tag?post=694750"}],"curies":[{"name":"wp","href":"https:\/\/api.w.org\/{rel}","templated":true}]}}