{"id":694748,"date":"2025-08-27T14:23:04","date_gmt":"2025-08-27T11:23:04","guid":{"rendered":"https:\/\/roveyayinevi.com.tr\/index.php\/urun\/girnati-seyahatnamesi\/"},"modified":"2026-04-16T02:04:39","modified_gmt":"2026-04-15T23:04:39","slug":"girnati-seyahatnamesi","status":"publish","type":"product","link":"https:\/\/roveyayinevi.com.tr\/index.php\/urun\/girnati-seyahatnamesi\/","title":{"rendered":"G\u0131rnati Seyahatnamesi"},"content":{"rendered":"<p>Bu \u00e7al\u0131\u015fma, Ebu Hamid Muhammed el-G\u0131rnati&#8217;nin 1114 y\u0131l\u0131nda \u0130spanya&#8217;n\u0131n G\u0131rnata \u015fehrinden yola \u00e7\u0131kmas\u0131 ile ba\u015flay\u0131p, 55 y\u0131l s\u00fcren gezisi s\u0131ras\u0131nda g\u00f6r\u00fcp duyduklar\u0131n\u0131 yazd\u0131\u011f\u0131 seyahatnamesini ihtiva etmektedir.M\u00fcellif bu s\u00fcre i\u00e7erisinde Kuzey Afrika, Arap Yar\u0131madas\u0131, \u0130ran Co\u011frafyas\u0131, Kafkaslar ve Do\u011fu Avrupa&#8217;ya kadar olan Karadeniz&#8217;in kuzeyindeki topraklar\u0131 gezmi\u015ftir. Buralarda g\u00f6rd\u00fc\u011f\u00fc ilgin\u00e7 olaylar\u0131, yap\u0131lar\u0131, insanlar\u0131 ve zaman zaman buralardaki insanlar\u0131n k\u00fclt\u00fcr hayat\u0131na dair \u00f6zellikleri 80&#8217;li ya\u015flar\u0131nda bir kitap halinde getirmi\u015ftir. 12. y\u00fczy\u0131la ait olanbu eserin sanat tarihi, k\u00fclt\u00fcr tarigi ve Karadeniz&#8217;in kuzeyinde ya\u015fayan T\u00fcrklerin tarihi hakk\u0131nda bilgiler vermesi, onu \u00f6nemli k\u0131lan \u00f6zellikleri aras\u0131ndad\u0131r. Bir di\u011fer \u00f6zelli\u011fi de eserde ge\u00e7enbaz\u0131 bilgilerin mitolojik diyebilece\u011fimiz rivayetlerden olu\u015fmas\u0131d\u0131r. D\u00fcnya&#8217;daki \u00f6nemli say\u0131labilecek denizler hakk\u0131nda bilgiler vermesi de eserin \u00f6zelliklerinden biridir.bununla birlikte deniz ve karadaki hayvanlar hakk\u0131nda bilgiler sunmaktad\u0131r. Bu seyahatnamenin, bilinmeyenleer dair ortaya yeni bilgiler koyarken, bilinenlere dair bilgileri de destekleyici olmas\u0131, eserin b\u00fct\u00fcn olarak tarih ara\u015ft\u0131rmalar\u0131 i\u00e7in \u00f6nemli oldu\u011funun bir kan\u0131t\u0131d\u0131r. Di\u011fer taraftan eserin geni\u015f bir \u015fekilde T\u00fcrklerden bahsediyor olmas\u0131 T\u00fcrk tarihi i\u00e7in ba\u015fl\u0131 ba\u015f\u0131na bir \u00f6nem arz etmektedir. <\/p>\n","protected":false},"excerpt":{"rendered":"<p>Bu \u00e7al\u0131\u015fma, Ebu Hamid Muhammed el-G\u0131rnati&#8217;nin 1114 y\u0131l\u0131nda \u0130spanya&#8217;n\u0131n G\u0131rnata \u015fehrinden yola \u00e7\u0131kmas\u0131 ile ba\u015flay\u0131p, 55 y\u0131l s\u00fcren gezisi s\u0131ras\u0131nda g\u00f6r\u00fcp duyduklar\u0131n\u0131 yazd\u0131\u011f\u0131 seyahatnamesini ihtiva etmektedir.M\u00fcellif<span class=\"excerpt-hellip\"> [\u2026]<\/span><\/p>\n","protected":false},"featured_media":0,"template":"","meta":{"_monsterinsights_skip_tracking":false,"_monsterinsights_sitenote_active":false,"_monsterinsights_sitenote_note":"","_monsterinsights_sitenote_category":0},"product_brand":[],"product_cat":[12312,12304],"product_tag":[],"class_list":{"0":"post-694748","1":"product","2":"type-product","3":"status-publish","5":"product_cat-diger","6":"product_cat-tarih","7":"pa_cilt-ciltsiz","8":"pa_tur-kitap","9":"pa_yayinevi-yeditepe-yayinevi","10":"pa_yazar-ebu-hamid-muhammed-el-girnati","12":"first","13":"instock","14":"sale","15":"shipping-taxable","16":"purchasable","17":"product-type-simple"},"_links":{"self":[{"href":"https:\/\/roveyayinevi.com.tr\/index.php\/wp-json\/wp\/v2\/product\/694748","targetHints":{"allow":["GET"]}}],"collection":[{"href":"https:\/\/roveyayinevi.com.tr\/index.php\/wp-json\/wp\/v2\/product"}],"about":[{"href":"https:\/\/roveyayinevi.com.tr\/index.php\/wp-json\/wp\/v2\/types\/product"}],"wp:attachment":[{"href":"https:\/\/roveyayinevi.com.tr\/index.php\/wp-json\/wp\/v2\/media?parent=694748"}],"wp:term":[{"taxonomy":"product_brand","embeddable":true,"href":"https:\/\/roveyayinevi.com.tr\/index.php\/wp-json\/wp\/v2\/product_brand?post=694748"},{"taxonomy":"product_cat","embeddable":true,"href":"https:\/\/roveyayinevi.com.tr\/index.php\/wp-json\/wp\/v2\/product_cat?post=694748"},{"taxonomy":"product_tag","embeddable":true,"href":"https:\/\/roveyayinevi.com.tr\/index.php\/wp-json\/wp\/v2\/product_tag?post=694748"}],"curies":[{"name":"wp","href":"https:\/\/api.w.org\/{rel}","templated":true}]}}