{"id":694747,"date":"2025-08-27T14:23:04","date_gmt":"2025-08-27T11:23:04","guid":{"rendered":"https:\/\/roveyayinevi.com.tr\/index.php\/urun\/dogunun-kalbine-seyahat\/"},"modified":"2026-04-16T02:04:39","modified_gmt":"2026-04-15T23:04:39","slug":"dogunun-kalbine-seyahat","status":"publish","type":"product","link":"https:\/\/roveyayinevi.com.tr\/index.php\/urun\/dogunun-kalbine-seyahat\/","title":{"rendered":"Do\u011fu\u2019nun Kalbine Seyahat"},"content":{"rendered":"<p>Elinizdeki kitap Arap edebiyat\u0131n\u0131n en eski seyahatnamesi olan S\u00fcleyman el-T\u00e2cir\u2019in hat\u0131ralar\u0131 ve Yezid el-S\u00eer\u00e2f\u00ee\u2019nin buna ilaveleri ile Mes\u00fbd\u00ee\u2019nin M\u00fcruc ez-Zeheb (Alt\u0131n Bozk\u0131rlar) adl\u0131 eserinden se\u00e7melerden olu\u015fmaktad\u0131r.    S\u00fcleyman el-T\u00e2cir 852 y\u0131l\u0131nda \u00c7in ve Hind \u00fclkelerine, yolculuk yapt\u0131 ve hat\u0131ralar\u0131n\u0131 Ahbar el-S\u00een ve\u2019l-Hind (\u00c7in ve Hind Haberleri) adl\u0131 eserinde kaleme ald\u0131. Yezid el-S\u00eer\u00e2f\u00ee ise, \u00e7e\u015fitli denizci ve gezginlerden \u00c7in ve Hind \u00fclkeleri ve deniz yollar\u0131 hakk\u0131nda toplad\u0131\u011f\u0131 bilgilerle S\u00fcleyman el-T\u00e2cir\u2019in eserine zeyl (ilave) yazd\u0131. B\u00fcy\u00fck tarih\u00e7i ve gezgin Mes\u00fbd\u00ee de Hind Okyanusu, Akdeniz ve Hazar Denizi\u2019nde \u00e7e\u015fitli denizcilerle yapt\u0131\u011f\u0131 seyahatleri kaleme ald\u0131 ve eserinde S\u00fcleyman el-T\u00e2cir ile Yezid el-S\u00eer\u00e2f\u00ee\u2019nin yazd\u0131klar\u0131ndan faydaland\u0131.    Adeta oturdu\u011funuz yerden \u00c7in ve Hind co\u011frafyas\u0131na sizi yolculu\u011fa \u00e7\u0131karacak olan bu kitap, bu t\u00fcr seyahatnamelerin ve yazarlar\u0131n\u0131n tan\u0131nmas\u0131na, M\u00fcsl\u00fcmanlar\u0131n \u00c7in, Hind, Endonezya ve Do\u011fu Afrika \u00fclkeleriyleilgili en eski hat\u0131ralar\u0131n\u0131n bilinmesine katk\u0131 yapacakt\u0131r. <\/p>\n","protected":false},"excerpt":{"rendered":"<p>Elinizdeki kitap Arap edebiyat\u0131n\u0131n en eski seyahatnamesi olan S\u00fcleyman el-T\u00e2cir\u2019in hat\u0131ralar\u0131 ve Yezid el-S\u00eer\u00e2f\u00ee\u2019nin buna ilaveleri ile Mes\u00fbd\u00ee\u2019nin M\u00fcruc ez-Zeheb (Alt\u0131n Bozk\u0131rlar) adl\u0131 eserinden se\u00e7melerden olu\u015fmaktad\u0131r.<span class=\"excerpt-hellip\"> [\u2026]<\/span><\/p>\n","protected":false},"featured_media":0,"template":"","meta":{"_monsterinsights_skip_tracking":false,"_monsterinsights_sitenote_active":false,"_monsterinsights_sitenote_note":"","_monsterinsights_sitenote_category":0},"product_brand":[],"product_cat":[12312,12304],"product_tag":[],"class_list":{"0":"post-694747","1":"product","2":"type-product","3":"status-publish","5":"product_cat-diger","6":"product_cat-tarih","7":"pa_cilt-ciltsiz","8":"pa_tur-kitap","9":"pa_yayinevi-yeditepe-yayinevi","10":"pa_yazar-suleyman-el-tacir","12":"first","13":"instock","14":"sale","15":"shipping-taxable","16":"purchasable","17":"product-type-simple"},"_links":{"self":[{"href":"https:\/\/roveyayinevi.com.tr\/index.php\/wp-json\/wp\/v2\/product\/694747","targetHints":{"allow":["GET"]}}],"collection":[{"href":"https:\/\/roveyayinevi.com.tr\/index.php\/wp-json\/wp\/v2\/product"}],"about":[{"href":"https:\/\/roveyayinevi.com.tr\/index.php\/wp-json\/wp\/v2\/types\/product"}],"wp:attachment":[{"href":"https:\/\/roveyayinevi.com.tr\/index.php\/wp-json\/wp\/v2\/media?parent=694747"}],"wp:term":[{"taxonomy":"product_brand","embeddable":true,"href":"https:\/\/roveyayinevi.com.tr\/index.php\/wp-json\/wp\/v2\/product_brand?post=694747"},{"taxonomy":"product_cat","embeddable":true,"href":"https:\/\/roveyayinevi.com.tr\/index.php\/wp-json\/wp\/v2\/product_cat?post=694747"},{"taxonomy":"product_tag","embeddable":true,"href":"https:\/\/roveyayinevi.com.tr\/index.php\/wp-json\/wp\/v2\/product_tag?post=694747"}],"curies":[{"name":"wp","href":"https:\/\/api.w.org\/{rel}","templated":true}]}}