{"id":694745,"date":"2025-08-27T14:23:03","date_gmt":"2025-08-27T11:23:03","guid":{"rendered":"https:\/\/roveyayinevi.com.tr\/index.php\/urun\/canakkale-gercegi\/"},"modified":"2026-04-16T02:04:39","modified_gmt":"2026-04-15T23:04:39","slug":"canakkale-gercegi","status":"publish","type":"product","link":"https:\/\/roveyayinevi.com.tr\/index.php\/urun\/canakkale-gercegi\/","title":{"rendered":"\u00c7anakkale Ger\u00e7e\u011fi"},"content":{"rendered":"<p>Tarihi olaylar\u0131n anla\u015f\u0131lmas\u0131 ve yorumlanmas\u0131nda, hat\u0131ra, g\u00fcnl\u00fck t\u00fcr\u00fc belgelerin subjektif olmas\u0131 muhtemel olmakla birlikte; bu tarz eserler, olaylar\u0131n arka planlar\u0131n\u0131 verip insani duygular\u0131 \u00f6ne \u00e7\u0131karmas\u0131 a\u00e7\u0131s\u0131ndan kayda de\u011fer \u00f6neme sahiptir. Elinizdeki kitap, sava\u015f esnas\u0131nda milli duygular\u0131 \u00f6nplana \u00e7\u0131km\u0131\u015f, Osmanl\u0131 Devleti&#8217;ne ve M\u00fcsl\u00fcman T\u00fcrk milletine kar\u015f\u0131 \u00f6nyarg\u0131l\u0131 ve hasmane g\u00f6r\u00fc\u015flere sahip bir ingiliz sava\u015f muhabiri olan Ellis Ashmead Bartlett&#8217;in kendi kamuoyunu bilgilendirmek \u00fczere Londra bas\u0131n\u0131na g\u00f6nderdi\u011fi raporlardan olu\u015fmaktad\u0131r. Yazar \u00c7anakkale \u00f6n\u00fcne gelen M\u00fcttefik ordusu i\u00e7in de  son ve en b\u00fcy\u00fck Ha\u00e7l\u0131 Ordusu  ifadesini kullanmaktan \u00e7ekinmez&#8230; Kitap sava\u015f\u0131n siper arkas\u0131n\u0131, insani y\u00f6n\u00fcn\u00fc vermesi ve Bartlett!in sahs\u0131nda \u0130ngiliz kamuoyunun sava\u015fa bak\u0131\u015f\u0131n\u0131 aksettirmesi bak\u0131m\u0131ndan \u00f6nem ta\u015f\u0131maktad\u0131r. <\/p>\n","protected":false},"excerpt":{"rendered":"<p>Tarihi olaylar\u0131n anla\u015f\u0131lmas\u0131 ve yorumlanmas\u0131nda, hat\u0131ra, g\u00fcnl\u00fck t\u00fcr\u00fc belgelerin subjektif olmas\u0131 muhtemel olmakla birlikte; bu tarz eserler, olaylar\u0131n arka planlar\u0131n\u0131 verip insani duygular\u0131 \u00f6ne \u00e7\u0131karmas\u0131 a\u00e7\u0131s\u0131ndan<span class=\"excerpt-hellip\"> [\u2026]<\/span><\/p>\n","protected":false},"featured_media":0,"template":"","meta":{"_monsterinsights_skip_tracking":false,"_monsterinsights_sitenote_active":false,"_monsterinsights_sitenote_note":"","_monsterinsights_sitenote_category":0},"product_brand":[],"product_cat":[12312,12304],"product_tag":[],"class_list":{"0":"post-694745","1":"product","2":"type-product","3":"status-publish","5":"product_cat-diger","6":"product_cat-tarih","7":"pa_cilt-ciltsiz","8":"pa_tur-kitap","9":"pa_yayinevi-yeditepe-yayinevi","10":"pa_yazar-ellis-ashmead-bartlett","12":"first","13":"instock","14":"sale","15":"shipping-taxable","16":"purchasable","17":"product-type-simple"},"_links":{"self":[{"href":"https:\/\/roveyayinevi.com.tr\/index.php\/wp-json\/wp\/v2\/product\/694745","targetHints":{"allow":["GET"]}}],"collection":[{"href":"https:\/\/roveyayinevi.com.tr\/index.php\/wp-json\/wp\/v2\/product"}],"about":[{"href":"https:\/\/roveyayinevi.com.tr\/index.php\/wp-json\/wp\/v2\/types\/product"}],"wp:attachment":[{"href":"https:\/\/roveyayinevi.com.tr\/index.php\/wp-json\/wp\/v2\/media?parent=694745"}],"wp:term":[{"taxonomy":"product_brand","embeddable":true,"href":"https:\/\/roveyayinevi.com.tr\/index.php\/wp-json\/wp\/v2\/product_brand?post=694745"},{"taxonomy":"product_cat","embeddable":true,"href":"https:\/\/roveyayinevi.com.tr\/index.php\/wp-json\/wp\/v2\/product_cat?post=694745"},{"taxonomy":"product_tag","embeddable":true,"href":"https:\/\/roveyayinevi.com.tr\/index.php\/wp-json\/wp\/v2\/product_tag?post=694745"}],"curies":[{"name":"wp","href":"https:\/\/api.w.org\/{rel}","templated":true}]}}