{"id":694744,"date":"2025-08-27T14:23:03","date_gmt":"2025-08-27T11:23:03","guid":{"rendered":"https:\/\/roveyayinevi.com.tr\/index.php\/urun\/halife-ve-sultan\/"},"modified":"2026-04-16T02:04:39","modified_gmt":"2026-04-15T23:04:39","slug":"halife-ve-sultan","status":"publish","type":"product","link":"https:\/\/roveyayinevi.com.tr\/index.php\/urun\/halife-ve-sultan\/","title":{"rendered":"Halife ve Sultan"},"content":{"rendered":"<p>Rus \u015farki\u015fat\u00e7\u0131 Vasilij Vladimirovi\u00e7 Barthold, \u0130sl\u00e2m, Orta Asya ve Do\u011fu Tarihi&#8217;ne dair \u00e7al\u0131\u015fmalar\u0131yla b\u00fct\u00fcn d\u00fcnyada tan\u0131nan bir bilim adam\u0131d\u0131r. Barthold&#8217;un en \u00f6nemli ara\u015ft\u0131r-malar\u0131ndan biri de Halife ve Sultan isimli ara\u015ft\u0131rmas\u0131d\u0131r. Barthold, bu ara\u015ft\u0131rmas\u0131nda halifelik kurumunun ortaya \u00e7\u0131k\u0131\u015f\u0131n\u0131, Emeviler ve Abbasiler zaman\u0131ndaki tarihi geli\u015fimini, B\u00fcy\u00fck Sel\u00e7uklu \u0130mparatorlu\u011fu&#8217;nun kurulu\u015fuyla halifelik kurumunun ge\u00e7irdi\u011fi de\u011fi\u015fikli\u011fi ve halifeli\u011fin Osmanl\u0131lar&#8217;a ge\u00e7i\u015fini incelemektedir. Bu kitapta ayr\u0131ca Barthold&#8217;un Karadeniz&#8217;de \u0130sl\u00e2m , T\u00fcrkiye , \u0130sl\u00e2m ve Hristiyanl\u0131k ve Mo\u011fol \u0130stil\u00e2s\u0131 ve \u0130ran K\u00fclt\u00fcr\u00fc&#8217;ne Tesirleri adl\u0131 makaleleri de yer almaktad\u0131r. \ufffcTan\u0131t\u0131m Metni<\/p>\n","protected":false},"excerpt":{"rendered":"<p>Rus \u015farki\u015fat\u00e7\u0131 Vasilij Vladimirovi\u00e7 Barthold, \u0130sl\u00e2m, Orta Asya ve Do\u011fu Tarihi&#8217;ne dair \u00e7al\u0131\u015fmalar\u0131yla b\u00fct\u00fcn d\u00fcnyada tan\u0131nan bir bilim adam\u0131d\u0131r. Barthold&#8217;un en \u00f6nemli ara\u015ft\u0131r-malar\u0131ndan biri de Halife<span class=\"excerpt-hellip\"> [\u2026]<\/span><\/p>\n","protected":false},"featured_media":0,"template":"","meta":{"_monsterinsights_skip_tracking":false,"_monsterinsights_sitenote_active":false,"_monsterinsights_sitenote_note":"","_monsterinsights_sitenote_category":0},"product_brand":[],"product_cat":[12370,12304],"product_tag":[],"class_list":{"0":"post-694744","1":"product","2":"type-product","3":"status-publish","5":"product_cat-arastirma-inceleme","6":"product_cat-tarih","7":"pa_cilt-ciltsiz","8":"pa_tur-kitap","9":"pa_yayinevi-yeditepe-yayinevi","10":"pa_yazar-vasilij-vladimirovic-barthold","12":"first","13":"instock","14":"sale","15":"shipping-taxable","16":"purchasable","17":"product-type-simple"},"_links":{"self":[{"href":"https:\/\/roveyayinevi.com.tr\/index.php\/wp-json\/wp\/v2\/product\/694744","targetHints":{"allow":["GET"]}}],"collection":[{"href":"https:\/\/roveyayinevi.com.tr\/index.php\/wp-json\/wp\/v2\/product"}],"about":[{"href":"https:\/\/roveyayinevi.com.tr\/index.php\/wp-json\/wp\/v2\/types\/product"}],"wp:attachment":[{"href":"https:\/\/roveyayinevi.com.tr\/index.php\/wp-json\/wp\/v2\/media?parent=694744"}],"wp:term":[{"taxonomy":"product_brand","embeddable":true,"href":"https:\/\/roveyayinevi.com.tr\/index.php\/wp-json\/wp\/v2\/product_brand?post=694744"},{"taxonomy":"product_cat","embeddable":true,"href":"https:\/\/roveyayinevi.com.tr\/index.php\/wp-json\/wp\/v2\/product_cat?post=694744"},{"taxonomy":"product_tag","embeddable":true,"href":"https:\/\/roveyayinevi.com.tr\/index.php\/wp-json\/wp\/v2\/product_tag?post=694744"}],"curies":[{"name":"wp","href":"https:\/\/api.w.org\/{rel}","templated":true}]}}