{"id":694743,"date":"2025-08-27T14:23:03","date_gmt":"2025-08-27T11:23:03","guid":{"rendered":"https:\/\/roveyayinevi.com.tr\/index.php\/urun\/tarihi-cografya\/"},"modified":"2026-04-16T02:04:39","modified_gmt":"2026-04-15T23:04:39","slug":"tarihi-cografya","status":"publish","type":"product","link":"https:\/\/roveyayinevi.com.tr\/index.php\/urun\/tarihi-cografya\/","title":{"rendered":"Tarihi Co\u011frafya"},"content":{"rendered":"<p>\u00dclkemize giri\u015finden itibaren ilgin\u00e7 bir geli\u015fim s\u00fcreci ya\u015fayan tarihi co\u011frafya, \u00f6zellikle son 25-30 y\u0131ld\u0131r ad\u0131ndan s\u0131k\u00e7a bahsedilir bir saha haline gelmi\u015ftir. Bu son d\u00f6nemde, T\u00fcrkiye\u2019de yeni \u00e7al\u0131\u015f\u0131lan bir saha durumundaki tarihi co\u011frafya, ne yaz\u0131k ki bir \u00e7oklar\u0131nca yanl\u0131\u015f anla\u015f\u0131l\u0131p uygulanmaktad\u0131r. Asl\u0131nda, tarihi co\u011frafya ayn\u0131 tarihi sosyoloji, tarihi jeoloji, tarihi dilbilim vb. \u00f6rneklerinde oldu\u011fu \u00fczere, g\u00fcn\u00fcm\u00fczde ait oldu\u011fu bilimin y\u00f6ntemlerini sadece ge\u00e7mi\u015fe uygulayan bir alt disiplinidir.        Yine t\u0131pk\u0131 di\u011ferlerinde oldu\u011fu gibi, ait oldu\u011fu bilimin \u00e7a\u011fda\u015flar\u0131nda ne yap\u0131l\u0131yor ve ara\u015ft\u0131r\u0131l\u0131yorsa, onu ge\u00e7mi\u015f i\u00e7in yapan ve ge\u00e7mi\u015fe uygulayan bir dald\u0131r. Dolay\u0131s\u0131yla tarihi co\u011frafya, modern co\u011frafya ilke ve y\u00f6ntemlerini kullanarak ge\u00e7mi\u015fte bir mekan \u00fczerinde ara\u015ft\u0131rma yapan co\u011frafya alt dal\u0131d\u0131r. \u015eimdiye kadar isminde \u2018tarihi co\u011frafya\u2019 ibaresini ta\u015f\u0131yan baz\u0131 kitap ve makaleler yay\u0131nlanm\u0131\u015fsa da, elinizdeki \u015fekliyle bu \u2018format\u2019ta T\u00fcrkiye\u2019de \u2018ilk\u2019 defa bas\u0131lmaktad\u0131r.        Ba\u015fka bir ifade ile, tarihi co\u011frafya ad\u0131 ile haz\u0131rlanan ve tarihi co\u011frafyan\u0131n ne olup olmad\u0131\u011f\u0131n\u0131, kavramlar\u0131n\u0131, kaynaklar\u0131n\u0131 ve metotlar\u0131n\u0131 ele alan ilk eser durumundad\u0131r. <\/p>\n","protected":false},"excerpt":{"rendered":"<p>\u00dclkemize giri\u015finden itibaren ilgin\u00e7 bir geli\u015fim s\u00fcreci ya\u015fayan tarihi co\u011frafya, \u00f6zellikle son 25-30 y\u0131ld\u0131r ad\u0131ndan s\u0131k\u00e7a bahsedilir bir saha haline gelmi\u015ftir. Bu son d\u00f6nemde, T\u00fcrkiye\u2019de yeni<span class=\"excerpt-hellip\"> [\u2026]<\/span><\/p>\n","protected":false},"featured_media":0,"template":"","meta":{"_monsterinsights_skip_tracking":false,"_monsterinsights_sitenote_active":false,"_monsterinsights_sitenote_note":"","_monsterinsights_sitenote_category":0},"product_brand":[],"product_cat":[12304,13493],"product_tag":[],"class_list":{"0":"post-694743","1":"product","2":"type-product","3":"status-publish","5":"product_cat-tarih","6":"product_cat-turkiye-ve-cumhuriyet-tarihi","7":"pa_cilt-ciltsiz","8":"pa_tur-kitap","9":"pa_yayinevi-yeditepe-yayinevi","10":"pa_yazar-osman-gumuscu","12":"first","13":"instock","14":"sale","15":"shipping-taxable","16":"purchasable","17":"product-type-simple"},"_links":{"self":[{"href":"https:\/\/roveyayinevi.com.tr\/index.php\/wp-json\/wp\/v2\/product\/694743","targetHints":{"allow":["GET"]}}],"collection":[{"href":"https:\/\/roveyayinevi.com.tr\/index.php\/wp-json\/wp\/v2\/product"}],"about":[{"href":"https:\/\/roveyayinevi.com.tr\/index.php\/wp-json\/wp\/v2\/types\/product"}],"wp:attachment":[{"href":"https:\/\/roveyayinevi.com.tr\/index.php\/wp-json\/wp\/v2\/media?parent=694743"}],"wp:term":[{"taxonomy":"product_brand","embeddable":true,"href":"https:\/\/roveyayinevi.com.tr\/index.php\/wp-json\/wp\/v2\/product_brand?post=694743"},{"taxonomy":"product_cat","embeddable":true,"href":"https:\/\/roveyayinevi.com.tr\/index.php\/wp-json\/wp\/v2\/product_cat?post=694743"},{"taxonomy":"product_tag","embeddable":true,"href":"https:\/\/roveyayinevi.com.tr\/index.php\/wp-json\/wp\/v2\/product_tag?post=694743"}],"curies":[{"name":"wp","href":"https:\/\/api.w.org\/{rel}","templated":true}]}}