{"id":694742,"date":"2025-08-27T14:23:03","date_gmt":"2025-08-27T11:23:03","guid":{"rendered":"https:\/\/roveyayinevi.com.tr\/index.php\/urun\/fransaya-osmanli-tokadi\/"},"modified":"2026-04-16T02:04:39","modified_gmt":"2026-04-15T23:04:39","slug":"fransaya-osmanli-tokadi","status":"publish","type":"product","link":"https:\/\/roveyayinevi.com.tr\/index.php\/urun\/fransaya-osmanli-tokadi\/","title":{"rendered":"Fransa\u2019ya Osmanl\u0131 Tokad\u0131"},"content":{"rendered":"<p>Kanuni, 1526 Ocak&#8217;\u0131nda Fransa Kral\u0131 Fransuva&#8217;n\u0131n annesinin yard\u0131m iste\u011fine kar\u015f\u0131l\u0131k g\u00f6nderdi\u011fi ferman\u0131nda kendi ha\u015fmetini belirtip, imparatorlu\u011funun vilayetlerini sayarken Fransa&#8217;y\u0131 s\u0131radan bir vilayet, kral\u0131n\u0131 da hi\u00e7 \u00fcnvan zikretmeden s\u0131radan bir h\u00fcm\u00fckdar olarak nitelendiriyordu: <\/p>\n","protected":false},"excerpt":{"rendered":"<p>Kanuni, 1526 Ocak&#8217;\u0131nda Fransa Kral\u0131 Fransuva&#8217;n\u0131n annesinin yard\u0131m iste\u011fine kar\u015f\u0131l\u0131k g\u00f6nderdi\u011fi ferman\u0131nda kendi ha\u015fmetini belirtip, imparatorlu\u011funun vilayetlerini sayarken Fransa&#8217;y\u0131 s\u0131radan bir vilayet, kral\u0131n\u0131 da hi\u00e7 \u00fcnvan<span class=\"excerpt-hellip\"> [\u2026]<\/span><\/p>\n","protected":false},"featured_media":0,"template":"","meta":{"_monsterinsights_skip_tracking":false,"_monsterinsights_sitenote_active":false,"_monsterinsights_sitenote_note":"","_monsterinsights_sitenote_category":0},"product_brand":[],"product_cat":[12370,12304],"product_tag":[],"class_list":{"0":"post-694742","1":"product","2":"type-product","3":"status-publish","5":"product_cat-arastirma-inceleme","6":"product_cat-tarih","7":"pa_tur-kitap","8":"pa_yayinevi-yeditepe-yayinevi","9":"pa_yazar-ahmet-onal","11":"first","12":"instock","13":"sale","14":"shipping-taxable","15":"purchasable","16":"product-type-simple"},"_links":{"self":[{"href":"https:\/\/roveyayinevi.com.tr\/index.php\/wp-json\/wp\/v2\/product\/694742","targetHints":{"allow":["GET"]}}],"collection":[{"href":"https:\/\/roveyayinevi.com.tr\/index.php\/wp-json\/wp\/v2\/product"}],"about":[{"href":"https:\/\/roveyayinevi.com.tr\/index.php\/wp-json\/wp\/v2\/types\/product"}],"wp:attachment":[{"href":"https:\/\/roveyayinevi.com.tr\/index.php\/wp-json\/wp\/v2\/media?parent=694742"}],"wp:term":[{"taxonomy":"product_brand","embeddable":true,"href":"https:\/\/roveyayinevi.com.tr\/index.php\/wp-json\/wp\/v2\/product_brand?post=694742"},{"taxonomy":"product_cat","embeddable":true,"href":"https:\/\/roveyayinevi.com.tr\/index.php\/wp-json\/wp\/v2\/product_cat?post=694742"},{"taxonomy":"product_tag","embeddable":true,"href":"https:\/\/roveyayinevi.com.tr\/index.php\/wp-json\/wp\/v2\/product_tag?post=694742"}],"curies":[{"name":"wp","href":"https:\/\/api.w.org\/{rel}","templated":true}]}}