{"id":694741,"date":"2025-08-27T14:23:02","date_gmt":"2025-08-27T11:23:02","guid":{"rendered":"https:\/\/roveyayinevi.com.tr\/index.php\/urun\/cizreli-izzeddin-sir-bey-ve-isyani\/"},"modified":"2026-04-16T02:04:39","modified_gmt":"2026-04-15T23:04:39","slug":"cizreli-izzeddin-sir-bey-ve-isyani","status":"publish","type":"product","link":"https:\/\/roveyayinevi.com.tr\/index.php\/urun\/cizreli-izzeddin-sir-bey-ve-isyani\/","title":{"rendered":"Cizreli \u0130zzeddin \u015eir Bey ve \u0130syan\u0131"},"content":{"rendered":"<p>Osmanl\u0131 Devleti hakimiyetindeki Do\u011fu ve G\u00fcneydo\u011fu Anadolu b\u00f6lgelerinin bir k\u0131sm\u0131nda h\u00fck\u00fcmet ve ekrad sancaklar\u0131 ad\u0131 verilen y\u00f6netim birimleri olu\u015fturmu\u015f ve bu birimler y\u00f6renin n\u00fcfuz sahibi beylerin y\u00f6netimine b\u0131rak\u0131lm\u0131\u015ft\u0131. <\/p>\n","protected":false},"excerpt":{"rendered":"<p>Osmanl\u0131 Devleti hakimiyetindeki Do\u011fu ve G\u00fcneydo\u011fu Anadolu b\u00f6lgelerinin bir k\u0131sm\u0131nda h\u00fck\u00fcmet ve ekrad sancaklar\u0131 ad\u0131 verilen y\u00f6netim birimleri olu\u015fturmu\u015f ve bu birimler y\u00f6renin n\u00fcfuz sahibi beylerin<span class=\"excerpt-hellip\"> [\u2026]<\/span><\/p>\n","protected":false},"featured_media":0,"template":"","meta":{"_monsterinsights_skip_tracking":false,"_monsterinsights_sitenote_active":false,"_monsterinsights_sitenote_note":"","_monsterinsights_sitenote_category":0},"product_brand":[],"product_cat":[12370,12304],"product_tag":[],"class_list":{"0":"post-694741","1":"product","2":"type-product","3":"status-publish","5":"product_cat-arastirma-inceleme","6":"product_cat-tarih","7":"pa_tur-kitap","8":"pa_yayinevi-yeditepe-yayinevi","9":"pa_yazar-tuncay-ogun","11":"first","12":"instock","13":"sale","14":"shipping-taxable","15":"purchasable","16":"product-type-simple"},"_links":{"self":[{"href":"https:\/\/roveyayinevi.com.tr\/index.php\/wp-json\/wp\/v2\/product\/694741","targetHints":{"allow":["GET"]}}],"collection":[{"href":"https:\/\/roveyayinevi.com.tr\/index.php\/wp-json\/wp\/v2\/product"}],"about":[{"href":"https:\/\/roveyayinevi.com.tr\/index.php\/wp-json\/wp\/v2\/types\/product"}],"wp:attachment":[{"href":"https:\/\/roveyayinevi.com.tr\/index.php\/wp-json\/wp\/v2\/media?parent=694741"}],"wp:term":[{"taxonomy":"product_brand","embeddable":true,"href":"https:\/\/roveyayinevi.com.tr\/index.php\/wp-json\/wp\/v2\/product_brand?post=694741"},{"taxonomy":"product_cat","embeddable":true,"href":"https:\/\/roveyayinevi.com.tr\/index.php\/wp-json\/wp\/v2\/product_cat?post=694741"},{"taxonomy":"product_tag","embeddable":true,"href":"https:\/\/roveyayinevi.com.tr\/index.php\/wp-json\/wp\/v2\/product_tag?post=694741"}],"curies":[{"name":"wp","href":"https:\/\/api.w.org\/{rel}","templated":true}]}}