{"id":694737,"date":"2025-08-27T14:23:01","date_gmt":"2025-08-27T11:23:01","guid":{"rendered":"https:\/\/roveyayinevi.com.tr\/index.php\/urun\/nisanin-iki-gunu\/"},"modified":"2026-04-16T02:04:39","modified_gmt":"2026-04-15T23:04:39","slug":"nisanin-iki-gunu","status":"publish","type":"product","link":"https:\/\/roveyayinevi.com.tr\/index.php\/urun\/nisanin-iki-gunu\/","title":{"rendered":"Nisan\u0131n \u0130ki G\u00fcn\u00fc"},"content":{"rendered":"<p>Birinci D\u00fcnya Sava\u015f\u0131 y\u0131llar\u0131. Deh\u015fetin sadece cepheleri de\u011fil, \u015fehirleri, kasabalar\u0131, k\u00f6yleri de sard\u0131\u011f\u0131 g\u00fcnler. \u0130stanbul her an d\u00fc\u015febilir. Bir yanda sava\u015f\u0131 Devlet-i Aliyye&#8217;den kurtulmak i\u00e7in f\u0131rsat sayanlar, di\u011fer yanda son savunma hatt\u0131nda tutunmaya \u00e7al\u0131\u015fanlar. 24 Nisan 1915 sabah\u0131 \u0130stanbul&#8217;da \u00e7al\u0131nan kap\u0131lar, tutuklamalar. 25 Nisan 1915 sabah\u0131 Gelibolu&#8217;ya ya\u011fan bombalar,kur\u015funlar.  Levent&#8217;in Bahri&#8217;nin, Hasmik&#8217;in Karabet&#8217;in Av\u015far Onba\u015f\u0131&#8217;n\u0131n onurlu m\u00fccadelesi.Kazanmay\u0131 beklemeyen, kaybetmemeye \u00e7al\u0131\u015fan cesur ve dirayetli insanlar\u0131n h\u00fcz\u00fcnl\u00fc roman\u0131. <\/p>\n","protected":false},"excerpt":{"rendered":"<p>Birinci D\u00fcnya Sava\u015f\u0131 y\u0131llar\u0131. Deh\u015fetin sadece cepheleri de\u011fil, \u015fehirleri, kasabalar\u0131, k\u00f6yleri de sard\u0131\u011f\u0131 g\u00fcnler. \u0130stanbul her an d\u00fc\u015febilir. Bir yanda sava\u015f\u0131 Devlet-i Aliyye&#8217;den kurtulmak i\u00e7in f\u0131rsat<span class=\"excerpt-hellip\"> [\u2026]<\/span><\/p>\n","protected":false},"featured_media":0,"template":"","meta":{"_monsterinsights_skip_tracking":false,"_monsterinsights_sitenote_active":false,"_monsterinsights_sitenote_note":"","_monsterinsights_sitenote_category":0},"product_brand":[],"product_cat":[12291,12745],"product_tag":[],"class_list":{"0":"post-694737","1":"product","2":"type-product","3":"status-publish","5":"product_cat-edebiyat","6":"product_cat-tarihi-roman","7":"pa_cilt-ciltsiz","8":"pa_tur-kitap","9":"pa_yayinevi-yeditepe-yayinevi","10":"pa_yazar-tufan-gunduz","12":"first","13":"instock","14":"sale","15":"shipping-taxable","16":"purchasable","17":"product-type-simple"},"_links":{"self":[{"href":"https:\/\/roveyayinevi.com.tr\/index.php\/wp-json\/wp\/v2\/product\/694737","targetHints":{"allow":["GET"]}}],"collection":[{"href":"https:\/\/roveyayinevi.com.tr\/index.php\/wp-json\/wp\/v2\/product"}],"about":[{"href":"https:\/\/roveyayinevi.com.tr\/index.php\/wp-json\/wp\/v2\/types\/product"}],"wp:attachment":[{"href":"https:\/\/roveyayinevi.com.tr\/index.php\/wp-json\/wp\/v2\/media?parent=694737"}],"wp:term":[{"taxonomy":"product_brand","embeddable":true,"href":"https:\/\/roveyayinevi.com.tr\/index.php\/wp-json\/wp\/v2\/product_brand?post=694737"},{"taxonomy":"product_cat","embeddable":true,"href":"https:\/\/roveyayinevi.com.tr\/index.php\/wp-json\/wp\/v2\/product_cat?post=694737"},{"taxonomy":"product_tag","embeddable":true,"href":"https:\/\/roveyayinevi.com.tr\/index.php\/wp-json\/wp\/v2\/product_tag?post=694737"}],"curies":[{"name":"wp","href":"https:\/\/api.w.org\/{rel}","templated":true}]}}