{"id":694736,"date":"2025-08-27T14:23:01","date_gmt":"2025-08-27T11:23:01","guid":{"rendered":"https:\/\/roveyayinevi.com.tr\/index.php\/urun\/ataturkun-bakani-sukru-kaya\/"},"modified":"2026-04-16T02:04:39","modified_gmt":"2026-04-15T23:04:39","slug":"ataturkun-bakani-sukru-kaya","status":"publish","type":"product","link":"https:\/\/roveyayinevi.com.tr\/index.php\/urun\/ataturkun-bakani-sukru-kaya\/","title":{"rendered":"Atat\u00fcrk\u2019\u00fcn Bakan\u0131 \u015e\u00fckr\u00fc Kaya"},"content":{"rendered":"<p>\u015e\u00fckr\u00fc Kaya, 1927\u2019den 1938\u2019in sonuna kadar   Atat\u00fcrk\u2019\u00fcn \u0130\u00e7i\u015fleri Bakan\u0131   s\u0131fat\u0131yla \u00fclkesine hizmet etti. Modern Belediyecilik anlay\u0131\u015f\u0131n\u0131 yerle\u015ftirdi. Toprak Reformu yasa tasar\u0131lar\u0131 haz\u0131rlad\u0131. Ekonomik ve siyasal ba\u011f\u0131ms\u0131zl\u0131\u011f\u0131n gere\u011fi olarak Devlet\u00e7ili\u011fi benimsedi. Laikli\u011fin kurumsalla\u015fmas\u0131 i\u00e7in; A\u011fa, hac\u0131, haf\u0131z, efendi, bey, pa\u015fa gibi unvanlar\u0131n kald\u0131r\u0131lmas\u0131na, baz\u0131 kisvelerin giyilmeyece\u011fine, ulusal bayramlar ve tatillerin kabul\u00fcne dair yasalar\u0131n \u00e7\u0131kar\u0131lmas\u0131na \u00f6nc\u00fcl\u00fck etti. <\/p>\n","protected":false},"excerpt":{"rendered":"<p>\u015e\u00fckr\u00fc Kaya, 1927\u2019den 1938\u2019in sonuna kadar Atat\u00fcrk\u2019\u00fcn \u0130\u00e7i\u015fleri Bakan\u0131 s\u0131fat\u0131yla \u00fclkesine hizmet etti. Modern Belediyecilik anlay\u0131\u015f\u0131n\u0131 yerle\u015ftirdi. Toprak Reformu yasa tasar\u0131lar\u0131 haz\u0131rlad\u0131. Ekonomik ve siyasal ba\u011f\u0131ms\u0131zl\u0131\u011f\u0131n<span class=\"excerpt-hellip\"> [\u2026]<\/span><\/p>\n","protected":false},"featured_media":0,"template":"","meta":{"_monsterinsights_skip_tracking":false,"_monsterinsights_sitenote_active":false,"_monsterinsights_sitenote_note":"","_monsterinsights_sitenote_category":0},"product_brand":[],"product_cat":[12370,12304],"product_tag":[],"class_list":{"0":"post-694736","1":"product","2":"type-product","3":"status-publish","5":"product_cat-arastirma-inceleme","6":"product_cat-tarih","7":"pa_tur-kitap","8":"pa_yayinevi-kaynak-yayinlari","9":"pa_yazar-mustafa-solak","11":"first","12":"instock","13":"sale","14":"shipping-taxable","15":"purchasable","16":"product-type-simple"},"_links":{"self":[{"href":"https:\/\/roveyayinevi.com.tr\/index.php\/wp-json\/wp\/v2\/product\/694736","targetHints":{"allow":["GET"]}}],"collection":[{"href":"https:\/\/roveyayinevi.com.tr\/index.php\/wp-json\/wp\/v2\/product"}],"about":[{"href":"https:\/\/roveyayinevi.com.tr\/index.php\/wp-json\/wp\/v2\/types\/product"}],"wp:attachment":[{"href":"https:\/\/roveyayinevi.com.tr\/index.php\/wp-json\/wp\/v2\/media?parent=694736"}],"wp:term":[{"taxonomy":"product_brand","embeddable":true,"href":"https:\/\/roveyayinevi.com.tr\/index.php\/wp-json\/wp\/v2\/product_brand?post=694736"},{"taxonomy":"product_cat","embeddable":true,"href":"https:\/\/roveyayinevi.com.tr\/index.php\/wp-json\/wp\/v2\/product_cat?post=694736"},{"taxonomy":"product_tag","embeddable":true,"href":"https:\/\/roveyayinevi.com.tr\/index.php\/wp-json\/wp\/v2\/product_tag?post=694736"}],"curies":[{"name":"wp","href":"https:\/\/api.w.org\/{rel}","templated":true}]}}