{"id":694731,"date":"2025-08-27T14:23:00","date_gmt":"2025-08-27T11:23:00","guid":{"rendered":"https:\/\/roveyayinevi.com.tr\/index.php\/urun\/anadoluya-ve-irana-seyahat\/"},"modified":"2026-04-16T02:04:39","modified_gmt":"2026-04-15T23:04:39","slug":"anadoluya-ve-irana-seyahat","status":"publish","type":"product","link":"https:\/\/roveyayinevi.com.tr\/index.php\/urun\/anadoluya-ve-irana-seyahat\/","title":{"rendered":"Anadolu\u2019ya ve \u0130ran\u2019a Seyahat"},"content":{"rendered":"<p>Venedikli tacir ve el\u00e7i olan Josaphat Barbaro, Osmanl\u0131-Venedik sava\u015flar\u0131n\u0131n s\u00fcrd\u00fc\u011f\u00fc bir d\u00f6nemde Venedik Cumhuriyeti ad\u0131na Akkoyunlu Saray\u0131&#8217;na el\u00e7i olarak g\u00f6nderildi.G\u00f6revi, Venedik Cumhuriyeti&#8217;nden g\u00f6nderilen ate\u015fli silahlar\u0131 teslim ve Akkoyunlu Padi\u015fah\u0131 Uzun Hasan&#8217;\u0131 Osmanl\u0131lara kar\u015f\u0131 sava\u015fa te\u015fvik etmekti. Karaman topraklar\u0131n\u0131n Osmanl\u0131lara ge\u00e7mesi \u00fczerine silahlar\u0131 g\u00f6t\u00fcremedi ama Adana \u00fczerinden kara yoluyla Akkoyunlu \u00fclkesine ula\u015ft\u0131. Uzun Hasan&#8217;\u0131n yan\u0131nda bir s\u00fcre kald\u0131. Do\u011fu Anadolu&#8217;yu \u0130ran&#8217;r ve Kafkaslar\u0131 gezdi. Daha \u00f6nce Tatarlar aras\u0131nda ge\u00e7irdi\u011fi d\u00f6nemler ile Akkoyunlu \u00fclkesinde edindi\u011fi izlenimleri b\u00fcy\u00fck bir dikkatle kaleme ald\u0131. Sava\u015ftan spora, geleneklerden kanunlara, ordunun sevk ve idaresinden yabanc\u0131 el\u00e7ilerin kabul t\u00f6renlerine kadar g\u00f6rd\u00fcrlerini ve duyduklar\u0131n\u0131 abartmadan yazd\u0131. <\/p>\n","protected":false},"excerpt":{"rendered":"<p>Venedikli tacir ve el\u00e7i olan Josaphat Barbaro, Osmanl\u0131-Venedik sava\u015flar\u0131n\u0131n s\u00fcrd\u00fc\u011f\u00fc bir d\u00f6nemde Venedik Cumhuriyeti ad\u0131na Akkoyunlu Saray\u0131&#8217;na el\u00e7i olarak g\u00f6nderildi.G\u00f6revi, Venedik Cumhuriyeti&#8217;nden g\u00f6nderilen ate\u015fli silahlar\u0131 teslim<span class=\"excerpt-hellip\"> [\u2026]<\/span><\/p>\n","protected":false},"featured_media":0,"template":"","meta":{"_monsterinsights_skip_tracking":false,"_monsterinsights_sitenote_active":false,"_monsterinsights_sitenote_note":"","_monsterinsights_sitenote_category":0},"product_brand":[],"product_cat":[12370,12304],"product_tag":[],"class_list":{"0":"post-694731","1":"product","2":"type-product","3":"status-publish","5":"product_cat-arastirma-inceleme","6":"product_cat-tarih","7":"pa_tur-kitap","8":"pa_yayinevi-yeditepe-yayinevi","9":"pa_yazar-josaphat-barbaro","11":"first","12":"instock","13":"sale","14":"shipping-taxable","15":"purchasable","16":"product-type-simple"},"_links":{"self":[{"href":"https:\/\/roveyayinevi.com.tr\/index.php\/wp-json\/wp\/v2\/product\/694731","targetHints":{"allow":["GET"]}}],"collection":[{"href":"https:\/\/roveyayinevi.com.tr\/index.php\/wp-json\/wp\/v2\/product"}],"about":[{"href":"https:\/\/roveyayinevi.com.tr\/index.php\/wp-json\/wp\/v2\/types\/product"}],"wp:attachment":[{"href":"https:\/\/roveyayinevi.com.tr\/index.php\/wp-json\/wp\/v2\/media?parent=694731"}],"wp:term":[{"taxonomy":"product_brand","embeddable":true,"href":"https:\/\/roveyayinevi.com.tr\/index.php\/wp-json\/wp\/v2\/product_brand?post=694731"},{"taxonomy":"product_cat","embeddable":true,"href":"https:\/\/roveyayinevi.com.tr\/index.php\/wp-json\/wp\/v2\/product_cat?post=694731"},{"taxonomy":"product_tag","embeddable":true,"href":"https:\/\/roveyayinevi.com.tr\/index.php\/wp-json\/wp\/v2\/product_tag?post=694731"}],"curies":[{"name":"wp","href":"https:\/\/api.w.org\/{rel}","templated":true}]}}