{"id":694730,"date":"2025-08-27T14:23:00","date_gmt":"2025-08-27T11:23:00","guid":{"rendered":"https:\/\/roveyayinevi.com.tr\/index.php\/urun\/2-abdulhamid-ve-dis-politika\/"},"modified":"2026-04-16T02:04:39","modified_gmt":"2026-04-15T23:04:39","slug":"2-abdulhamid-ve-dis-politika","status":"publish","type":"product","link":"https:\/\/roveyayinevi.com.tr\/index.php\/urun\/2-abdulhamid-ve-dis-politika\/","title":{"rendered":"2. Abd\u00fclhamid ve D\u0131\u015f Politika"},"content":{"rendered":"<p>2. Abd\u00fclhamid, emperyalist g\u00fc\u00e7lerin Osmanl\u0131 Devleti&#8217;ni kesin olarak par\u00e7alamaya ve T\u00fcrkleri Avrupa&#8217;dan ve giderek Anadolu&#8217;dan s\u00f6k\u00fcp atmaya karar verdikleri bir d\u00f6nemde tahta \u00e7\u0131km\u0131\u015ft\u0131. Sultan, bu zor d\u00f6nemde \u00fclkenin par\u00e7alanmas\u0131n\u0131n \u00f6n\u00fcne ge\u00e7meye \u00e7al\u0131\u015farak Osmanl\u0131 Devleti&#8217;nin siyasi ve iktisadi g\u00fcc\u00fcn\u00fc kullan\u0131p, her yabanc\u0131 \u00fclkeyi ayr\u0131 ayr\u0131 de\u011ferlendirip ona g\u00f6re politika uygulamay\u0131 tercih etti. 2. Abd\u00fclhamid b\u00fcy\u00fck devletlere y\u00f6nelik politikas\u0131n\u0131 uygularken \u00e7o\u011fu zaman olar\u0131n aras\u0131ndaki rekabetten faydalanmay\u0131 bir y\u00f6ntem olarak kulland\u0131. Politikas\u0131n\u0131n temel unsunurunu Osmanl\u0131 Devleti&#8217;nin toprak b\u00fct\u00fcnl\u00fc\u011f\u00fcn\u00fcn muhafazas\u0131 olu\u015fturuyordu. Bunu yaparken de \u00fclkenin baz\u0131 vilayetleri i\u00e7in \u00e7ok hassas davrand\u0131\u011f\u0131 halde devletin g\u00fcc\u00fcn\u00fcn uzanamay\u0131p s\u0131n\u0131rl\u0131 kald\u0131\u011f\u0131 vilayetler i\u00e7in ayn\u0131 hassasiyeti g\u00f6stermedi. \u00c7\u00fcnk\u00fc bu y\u0131llarda Osmanl\u0131 Devleti ancak kendi varl\u0131\u011f\u0131n\u0131 koruma pe\u015findeydi. Sultan, esas itibariyle devletin mevcut g\u00fcc\u00fcn\u00fcn ba\u015fka bir \u015fekilde davranmas\u0131na imkan tan\u0131mad\u0131\u011f\u0131n\u0131n da bilincindeydi. Bu y\u00fczden meseleleri daha \u00e7ok bar\u0131\u015f\u00e7\u0131 ve diplomatik yollarla \u00e7\u00f6zmeyi tercih etti. Milletleraras\u0131 siyasette istihbarat\u0131n \u00f6nemini \u00e7ok iyi bildi\u011fi i\u00e7in de, b\u00fcy\u00fck paralar harcama pahas\u0131na, g\u00fc\u00e7l\u00fc bir istihbarat \u00f6rg\u00fct\u00fc kurdu. Bu sayede d\u00fcnyadaki geli\u015fmelerden haberdar olup, istihbarat bilgilerine g\u00f6re \u00f6nmel almaya \u00e7al\u0131\u015ft\u0131. <\/p>\n","protected":false},"excerpt":{"rendered":"<p>2. Abd\u00fclhamid, emperyalist g\u00fc\u00e7lerin Osmanl\u0131 Devleti&#8217;ni kesin olarak par\u00e7alamaya ve T\u00fcrkleri Avrupa&#8217;dan ve giderek Anadolu&#8217;dan s\u00f6k\u00fcp atmaya karar verdikleri bir d\u00f6nemde tahta \u00e7\u0131km\u0131\u015ft\u0131. Sultan, bu zor<span class=\"excerpt-hellip\"> [\u2026]<\/span><\/p>\n","protected":false},"featured_media":0,"template":"","meta":{"_monsterinsights_skip_tracking":false,"_monsterinsights_sitenote_active":false,"_monsterinsights_sitenote_note":"","_monsterinsights_sitenote_category":0},"product_brand":[],"product_cat":[13517,12304],"product_tag":[],"class_list":{"0":"post-694730","1":"product","2":"type-product","3":"status-publish","5":"product_cat-osmanli-tarihi","6":"product_cat-tarih","7":"pa_cilt-ciltsiz","8":"pa_tur-kitap","9":"pa_yayinevi-yeditepe-yayinevi","10":"pa_yazar-vahdettin-engin","12":"first","13":"instock","14":"sale","15":"shipping-taxable","16":"purchasable","17":"product-type-simple"},"_links":{"self":[{"href":"https:\/\/roveyayinevi.com.tr\/index.php\/wp-json\/wp\/v2\/product\/694730","targetHints":{"allow":["GET"]}}],"collection":[{"href":"https:\/\/roveyayinevi.com.tr\/index.php\/wp-json\/wp\/v2\/product"}],"about":[{"href":"https:\/\/roveyayinevi.com.tr\/index.php\/wp-json\/wp\/v2\/types\/product"}],"wp:attachment":[{"href":"https:\/\/roveyayinevi.com.tr\/index.php\/wp-json\/wp\/v2\/media?parent=694730"}],"wp:term":[{"taxonomy":"product_brand","embeddable":true,"href":"https:\/\/roveyayinevi.com.tr\/index.php\/wp-json\/wp\/v2\/product_brand?post=694730"},{"taxonomy":"product_cat","embeddable":true,"href":"https:\/\/roveyayinevi.com.tr\/index.php\/wp-json\/wp\/v2\/product_cat?post=694730"},{"taxonomy":"product_tag","embeddable":true,"href":"https:\/\/roveyayinevi.com.tr\/index.php\/wp-json\/wp\/v2\/product_tag?post=694730"}],"curies":[{"name":"wp","href":"https:\/\/api.w.org\/{rel}","templated":true}]}}