{"id":694727,"date":"2025-08-27T14:22:59","date_gmt":"2025-08-27T11:22:59","guid":{"rendered":"https:\/\/roveyayinevi.com.tr\/index.php\/urun\/osmanlinin-wikileaks-raporlari\/"},"modified":"2026-04-16T02:04:39","modified_gmt":"2026-04-15T23:04:39","slug":"osmanlinin-wikileaks-raporlari","status":"publish","type":"product","link":"https:\/\/roveyayinevi.com.tr\/index.php\/urun\/osmanlinin-wikileaks-raporlari\/","title":{"rendered":"Osmanl\u0131\u2019n\u0131n Wikileaks Raporlar\u0131"},"content":{"rendered":"<p>\u0130stihbarat toplama, her devlet i\u00e7in sava\u015f ya da bar\u0131\u015f zaman\u0131 olsun her zaman \u00e7ok \u00f6nemli ve vazge\u00e7ilmez faaliyetlerdir. \u00d6zellikle sava\u015f zamanlar\u0131nda istihbarat \u00e7al\u0131\u015fmalar\u0131 belli hedef ve politikalara y\u00f6nelik olarak daha bir yo\u011funluk kazan\u0131r. Asker\u00ee istihbarat ile normal zamanlarda toplanm\u0131\u015f olan di\u011fer istihbarat birle\u015ftirilir ve ilgili ki\u015fi ya da birimlerin hizmetine sunulur. Hatta m\u00fcttefik olan devletler bile birbirleri hakk\u0131nda y\u00fcr\u00fctt\u00fckleri istihbarat toplama faaliyetlerine devam ederler. Bilginin her \u015fey oldu\u011fu zaman\u0131m\u0131zda en k\u00fc\u00e7\u00fck bilgi notu ya da istihbarat bile ihmal edilmeden de\u011ferlendirilmeye al\u0131nmaktad\u0131r. Bu kitab\u0131n as\u0131l konusunu olu\u015fturan ki\u015fisel bilgi notlar\u0131 ya da di\u011fer bir ifadeyle Osmanl\u0131 \u0130mparatorlu\u011fu&#8217;nda ya\u015fayan \u00f6nemli \u015fahsiyetlerin \u0130ngilizler taraf\u0131ndan fi\u015flenmesi bilgilerinde dikkat \u00e7eken en \u00f6nemli husus, ki\u015filerin psikolojik tahlillerinin yap\u0131lm\u0131\u015f olmas\u0131d\u0131r. \u00d6zellikle ki\u015fisel zaaflar\u0131, korkular\u0131, siyas\u00ee g\u00f6r\u00fc\u015fleri, etnik k\u00f6kenleri ve ailev\u00ee sorunlar\u0131 dikkatle not edilmi\u015f ve bu bilgileri kullanacak olan g\u00f6revlilerin hizmetine sunulmu\u015ftur. <\/p>\n","protected":false},"excerpt":{"rendered":"<p>\u0130stihbarat toplama, her devlet i\u00e7in sava\u015f ya da bar\u0131\u015f zaman\u0131 olsun her zaman \u00e7ok \u00f6nemli ve vazge\u00e7ilmez faaliyetlerdir. \u00d6zellikle sava\u015f zamanlar\u0131nda istihbarat \u00e7al\u0131\u015fmalar\u0131 belli hedef ve<span class=\"excerpt-hellip\"> [\u2026]<\/span><\/p>\n","protected":false},"featured_media":0,"template":"","meta":{"_monsterinsights_skip_tracking":false,"_monsterinsights_sitenote_active":false,"_monsterinsights_sitenote_note":"","_monsterinsights_sitenote_category":0},"product_brand":[],"product_cat":[13517,12304],"product_tag":[],"class_list":{"0":"post-694727","1":"product","2":"type-product","3":"status-publish","5":"product_cat-osmanli-tarihi","6":"product_cat-tarih","7":"pa_tur-kitap","8":"pa_yayinevi-yeditepe-yayinevi","9":"pa_yazar-bulent-ozdemir","11":"first","12":"instock","13":"sale","14":"shipping-taxable","15":"purchasable","16":"product-type-simple"},"_links":{"self":[{"href":"https:\/\/roveyayinevi.com.tr\/index.php\/wp-json\/wp\/v2\/product\/694727","targetHints":{"allow":["GET"]}}],"collection":[{"href":"https:\/\/roveyayinevi.com.tr\/index.php\/wp-json\/wp\/v2\/product"}],"about":[{"href":"https:\/\/roveyayinevi.com.tr\/index.php\/wp-json\/wp\/v2\/types\/product"}],"wp:attachment":[{"href":"https:\/\/roveyayinevi.com.tr\/index.php\/wp-json\/wp\/v2\/media?parent=694727"}],"wp:term":[{"taxonomy":"product_brand","embeddable":true,"href":"https:\/\/roveyayinevi.com.tr\/index.php\/wp-json\/wp\/v2\/product_brand?post=694727"},{"taxonomy":"product_cat","embeddable":true,"href":"https:\/\/roveyayinevi.com.tr\/index.php\/wp-json\/wp\/v2\/product_cat?post=694727"},{"taxonomy":"product_tag","embeddable":true,"href":"https:\/\/roveyayinevi.com.tr\/index.php\/wp-json\/wp\/v2\/product_tag?post=694727"}],"curies":[{"name":"wp","href":"https:\/\/api.w.org\/{rel}","templated":true}]}}