{"id":694720,"date":"2025-08-27T14:22:58","date_gmt":"2025-08-27T11:22:58","guid":{"rendered":"https:\/\/roveyayinevi.com.tr\/index.php\/urun\/aklini-en-dogru-sekilde-kullan\/"},"modified":"2025-12-30T09:43:47","modified_gmt":"2025-12-30T06:43:47","slug":"aklini-en-dogru-sekilde-kullan","status":"publish","type":"product","link":"https:\/\/roveyayinevi.com.tr\/index.php\/urun\/aklini-en-dogru-sekilde-kullan\/","title":{"rendered":"Akl\u0131n\u0131 En Do\u011fru \u015eekilde Kullan"},"content":{"rendered":"<p>Bir y\u00f6netici ya da bir ebeveynseniz, her \u015feyi bir kenara b\u0131rak\u0131n ve \u00f6nce bu kitab\u0131 okuyun. Yetenekleriniz, azminiz ve donan\u0131mlar\u0131n\u0131z sayesinde ba\u015far\u0131 merdivenini t\u0131rmanabilirsiniz ama d\u00fc\u015f\u00fcnce bi\u00e7iminizi de\u011fi\u015ftirmedik\u00e7e zirveye oturman\u0131z ve ba\u015far\u0131n\u0131z\u0131n s\u00fcreklili\u011fini sa\u011flaman\u0131z m\u00fcmk\u00fcn de\u011fil! Bildiklerinizi unutun \u00e7\u00fcnk\u00fc onlar sizi sadece s\u0131radan ve ortalama bir insan yapar. Siz Akl\u0131n\u0131z\u0131 En Do\u011fru \u015eekilde Kullan\u0131n&#8230; Ailelerin, \u00f6\u011fretmenlerin, y\u00f6neticilerin, e\u011fitmenlerin ayr\u0131ca ba\u015farma gururunu ve ki\u015fisel tatminlerini art\u0131rmak isteyen herkesin okumak zorunda oldu\u011fu bir kitap. -Library Journal- (Y\u0131ld\u0131zl\u0131 \u0130nceleme) \u00d6nemli, uygulanabilir bir kitap. Dweck\u2019in, kat\u0131 d\u00fc\u015f\u00fcncenin kimseye -en az\u0131ndan kendinize- fayda sa\u011flamad\u0131\u011f\u0131na dair iddias\u0131 olduk\u00e7a etkileyici. Publishers Weekly<\/p>\n","protected":false},"excerpt":{"rendered":"<p>Bir y\u00f6netici ya da bir ebeveynseniz, her \u015feyi bir kenara b\u0131rak\u0131n ve \u00f6nce bu kitab\u0131 okuyun. Yetenekleriniz, azminiz ve donan\u0131mlar\u0131n\u0131z sayesinde ba\u015far\u0131 merdivenini t\u0131rmanabilirsiniz ama d\u00fc\u015f\u00fcnce<span class=\"excerpt-hellip\"> [\u2026]<\/span><\/p>\n","protected":false},"featured_media":0,"template":"","meta":{"_monsterinsights_skip_tracking":false,"_monsterinsights_sitenote_active":false,"_monsterinsights_sitenote_note":"","_monsterinsights_sitenote_category":0},"product_brand":[],"product_cat":[12364,12376],"product_tag":[],"class_list":{"0":"post-694720","1":"product","2":"type-product","3":"status-publish","5":"product_cat-genel-konular","6":"product_cat-kisisel-gelisim","7":"pa_cilt-ciltsiz","8":"pa_tur-kitap","9":"pa_yayinevi-yakamoz-yayinevi","10":"pa_yazar-carol-s-dweck","12":"first","13":"instock","14":"sale","15":"shipping-taxable","16":"purchasable","17":"product-type-simple"},"_links":{"self":[{"href":"https:\/\/roveyayinevi.com.tr\/index.php\/wp-json\/wp\/v2\/product\/694720","targetHints":{"allow":["GET"]}}],"collection":[{"href":"https:\/\/roveyayinevi.com.tr\/index.php\/wp-json\/wp\/v2\/product"}],"about":[{"href":"https:\/\/roveyayinevi.com.tr\/index.php\/wp-json\/wp\/v2\/types\/product"}],"wp:attachment":[{"href":"https:\/\/roveyayinevi.com.tr\/index.php\/wp-json\/wp\/v2\/media?parent=694720"}],"wp:term":[{"taxonomy":"product_brand","embeddable":true,"href":"https:\/\/roveyayinevi.com.tr\/index.php\/wp-json\/wp\/v2\/product_brand?post=694720"},{"taxonomy":"product_cat","embeddable":true,"href":"https:\/\/roveyayinevi.com.tr\/index.php\/wp-json\/wp\/v2\/product_cat?post=694720"},{"taxonomy":"product_tag","embeddable":true,"href":"https:\/\/roveyayinevi.com.tr\/index.php\/wp-json\/wp\/v2\/product_tag?post=694720"}],"curies":[{"name":"wp","href":"https:\/\/api.w.org\/{rel}","templated":true}]}}