{"id":694705,"date":"2025-08-27T14:22:54","date_gmt":"2025-08-27T11:22:54","guid":{"rendered":"https:\/\/roveyayinevi.com.tr\/index.php\/urun\/20-yuzyilin-uluslararasi-tarihi\/"},"modified":"2026-04-16T02:04:38","modified_gmt":"2026-04-15T23:04:38","slug":"20-yuzyilin-uluslararasi-tarihi","status":"publish","type":"product","link":"https:\/\/roveyayinevi.com.tr\/index.php\/urun\/20-yuzyilin-uluslararasi-tarihi\/","title":{"rendered":"20. Y\u00fczy\u0131l\u0131n Uluslararas\u0131 Tarihi"},"content":{"rendered":"<p>20. Y\u00fczy\u0131l\u0131n Uluslararas\u0131 Tarihi, Avrupa&#8217;n\u0131n d\u00fcnyay\u0131 kendi suretinde yaratmaya muktedir hale geldi\u011fi 19. y\u00fczy\u0131l\u0131n ard\u0131ndan bir y\u00fczy\u0131l boyunca ya\u015fanan d\u00fcnya tarihsel kilometre ta\u015flar\u0131n\u0131, b\u00fct\u00fcnl\u00fckl\u00fc bir uluslararas\u0131 ili\u015fkiler perspektifiyle ele al\u0131yor. B\u00fcy\u00fck devletler, g\u00fc\u00e7 dengeleri ve devletler sisteminin d\u00f6n\u00fc\u015f\u00fcmlerini bir arada ele alan kitap, y\u00fczy\u0131l boyunca ortaya \u00e7\u0131kan yeni kavramlar\u0131n her birini kendi ba\u011flamlar\u0131 d\u00e2hilinde a\u00e7\u0131kl\u0131yor. \u0130nsanl\u0131k tarihinin her anlamda en \u201cuzun\u201d y\u00fczy\u0131l\u0131 olan 20. y\u00fczy\u0131l\u0131n, yeni g\u00fc\u00e7 dengelerinin ve yeni bir d\u00fcnya sisteminin kurulma sanc\u0131lar\u0131n\u0131n ya\u015fand\u0131\u011f\u0131 21. y\u00fczy\u0131la neler devretti\u011fini ve al\u0131nabilecek dersleri de sorgulayan 20. Y\u00fczy\u0131l\u0131n Uluslararas\u0131 Tarihi, iki b\u00fcy\u00fck d\u00fcnya sava\u015f\u0131n\u0131n, say\u0131s\u0131z devrimin, soyk\u0131r\u0131mlar\u0131n ve etnik temizliklerin, bilim ve teknolojide inan\u0131lmaz geli\u015fmelerin ya\u015fand\u0131\u011f\u0131 bir y\u00fczy\u0131l\u0131 uluslararas\u0131 ili\u015fkiler \u00fczerinden de\u011ferlendirmeyi dert ediniyor.<\/p>\n","protected":false},"excerpt":{"rendered":"<p>20. Y\u00fczy\u0131l\u0131n Uluslararas\u0131 Tarihi, Avrupa&#8217;n\u0131n d\u00fcnyay\u0131 kendi suretinde yaratmaya muktedir hale geldi\u011fi 19. y\u00fczy\u0131l\u0131n ard\u0131ndan bir y\u00fczy\u0131l boyunca ya\u015fanan d\u00fcnya tarihsel kilometre ta\u015flar\u0131n\u0131, b\u00fct\u00fcnl\u00fckl\u00fc bir uluslararas\u0131<span class=\"excerpt-hellip\"> [\u2026]<\/span><\/p>\n","protected":false},"featured_media":0,"template":"","meta":{"_monsterinsights_skip_tracking":false,"_monsterinsights_sitenote_active":false,"_monsterinsights_sitenote_note":"","_monsterinsights_sitenote_category":0},"product_brand":[],"product_cat":[12305,12304],"product_tag":[],"class_list":{"0":"post-694705","1":"product","2":"type-product","3":"status-publish","5":"product_cat-dunya-tarihi","6":"product_cat-tarih","7":"pa_cilt-ciltsiz","8":"pa_tur-kitap","9":"pa_yayinevi-siyasal-kitabevi-akademik-kitaplar","10":"pa_yazar-kirsten-e-schulze","12":"first","13":"instock","14":"sale","15":"shipping-taxable","16":"purchasable","17":"product-type-simple"},"_links":{"self":[{"href":"https:\/\/roveyayinevi.com.tr\/index.php\/wp-json\/wp\/v2\/product\/694705","targetHints":{"allow":["GET"]}}],"collection":[{"href":"https:\/\/roveyayinevi.com.tr\/index.php\/wp-json\/wp\/v2\/product"}],"about":[{"href":"https:\/\/roveyayinevi.com.tr\/index.php\/wp-json\/wp\/v2\/types\/product"}],"wp:attachment":[{"href":"https:\/\/roveyayinevi.com.tr\/index.php\/wp-json\/wp\/v2\/media?parent=694705"}],"wp:term":[{"taxonomy":"product_brand","embeddable":true,"href":"https:\/\/roveyayinevi.com.tr\/index.php\/wp-json\/wp\/v2\/product_brand?post=694705"},{"taxonomy":"product_cat","embeddable":true,"href":"https:\/\/roveyayinevi.com.tr\/index.php\/wp-json\/wp\/v2\/product_cat?post=694705"},{"taxonomy":"product_tag","embeddable":true,"href":"https:\/\/roveyayinevi.com.tr\/index.php\/wp-json\/wp\/v2\/product_tag?post=694705"}],"curies":[{"name":"wp","href":"https:\/\/api.w.org\/{rel}","templated":true}]}}