{"id":694701,"date":"2025-08-27T14:22:53","date_gmt":"2025-08-27T11:22:53","guid":{"rendered":"https:\/\/roveyayinevi.com.tr\/index.php\/urun\/cocugunuza-sinir-koyma-1\/"},"modified":"2026-04-16T02:04:38","modified_gmt":"2026-04-15T23:04:38","slug":"cocugunuza-sinir-koyma-1","status":"publish","type":"product","link":"https:\/\/roveyayinevi.com.tr\/index.php\/urun\/cocugunuza-sinir-koyma-1\/","title":{"rendered":"\u00c7ocu\u011funuza S\u0131n\u0131r Koyma 1"},"content":{"rendered":"<p>\u00c7ocuklar\u0131n\u0131z kurallar\u0131n\u0131za u\u0131ymuyor, yanl\u0131\u015f davran\u0131\u015flarda m\u0131 bulunuyorlar? Do\u011fru davranmalar\u0131 konusundaki \u00f6nerilerinizi \u00f6nemsiyor ya da ret mi ediyorlar? Yumu\u015fak ve otoriter e\u011fitim modelleri aras\u0131nda karars\u0131z m\u0131 kal\u0131yorsunuz? Oysa bu modellerden daha e\u011fitici ve daha az \u00e7aba gerektiren bir y\u00f6ntem var. \u00c7ocu\u011funuza S\u0131n\u0131r Koyma, \u00e7ocuklar\u0131n\u0131z\u0131n daha nazik ve sayg\u0131l\u0131 olmas\u0131 i\u00e7in altyap\u0131 olu\u015fturman\u0131za yard\u0131mc\u0131 olur.Robert MacKenzie taraf\u0131ndan yaz\u0131lm\u0131\u015f ve tekrar g\u00f6zden ge\u00e7ilerek geni\u015fletilmi\u015f bu bask\u0131 ile kan\u0131tlanm\u0131\u015f teknik ve y\u00f6ntemleri \u00f6\u011frenecek ve \u00e7ocu\u011funuzun sizinle i\u015fbirli\u011fi yapmas\u0131n\u0131 sa\u011flayacaks\u0131n\u0131z.Bu kitap anne-babalara \u015fu \u00f6zellikleri kazand\u0131r\u0131yor:Anla\u015f\u0131l\u0131ri kesin ve etkili s\u0131n\u0131rlar koymak\u00c7at\u0131\u015fma ve g\u00fc\u00e7 m\u00fccadelelerine son vermek\u0130\u015fbirli\u011fine y\u00f6nlendirecek kurallar koymak\u00c7ocuklara sorun \u00e7\u00f6zme becerileri kazand\u0131rmakYanl\u0131\u015f davran\u0131\u015flar kar\u015f\u0131s\u0131nda mant\u0131sal sonu\u00e7lar uygulamak\u00c7ocuklar\u0131n geli\u015fimlerini y\u00f6nlendiricek s\u0131n\u0131rlara ihtiya\u00e7lar\u0131 vard\u0131r. MacKenzie&#8217;nin rehberli\u011finde sizler de mutlu ve tatminkar bir aile hayat\u0131 i\u00e7in gerekli olan e\u011fitici s\u0131n\u0131rlar\u0131 olu\u015fturmay\u0131 \u00f6\u011freneceksiniz.<\/p>\n","protected":false},"excerpt":{"rendered":"<p>\u00c7ocuklar\u0131n\u0131z kurallar\u0131n\u0131za u\u0131ymuyor, yanl\u0131\u015f davran\u0131\u015flarda m\u0131 bulunuyorlar? Do\u011fru davranmalar\u0131 konusundaki \u00f6nerilerinizi \u00f6nemsiyor ya da ret mi ediyorlar? Yumu\u015fak ve otoriter e\u011fitim modelleri aras\u0131nda karars\u0131z m\u0131 kal\u0131yorsunuz?<span class=\"excerpt-hellip\"> [\u2026]<\/span><\/p>\n","protected":false},"featured_media":0,"template":"","meta":{"_monsterinsights_skip_tracking":false,"_monsterinsights_sitenote_active":false,"_monsterinsights_sitenote_note":"","_monsterinsights_sitenote_category":0},"product_brand":[],"product_cat":[12831,12324],"product_tag":[],"class_list":{"0":"post-694701","1":"product","2":"type-product","3":"status-publish","5":"product_cat-aile-ve-cocuk","6":"product_cat-sosyoloji","7":"pa_cilt-ciltsiz","8":"pa_tur-kitap","9":"pa_yayinevi-yakamoz-yayinevi","10":"pa_yazar-robert-j-mackenzie","12":"first","13":"instock","14":"sale","15":"shipping-taxable","16":"purchasable","17":"product-type-simple"},"_links":{"self":[{"href":"https:\/\/roveyayinevi.com.tr\/index.php\/wp-json\/wp\/v2\/product\/694701","targetHints":{"allow":["GET"]}}],"collection":[{"href":"https:\/\/roveyayinevi.com.tr\/index.php\/wp-json\/wp\/v2\/product"}],"about":[{"href":"https:\/\/roveyayinevi.com.tr\/index.php\/wp-json\/wp\/v2\/types\/product"}],"wp:attachment":[{"href":"https:\/\/roveyayinevi.com.tr\/index.php\/wp-json\/wp\/v2\/media?parent=694701"}],"wp:term":[{"taxonomy":"product_brand","embeddable":true,"href":"https:\/\/roveyayinevi.com.tr\/index.php\/wp-json\/wp\/v2\/product_brand?post=694701"},{"taxonomy":"product_cat","embeddable":true,"href":"https:\/\/roveyayinevi.com.tr\/index.php\/wp-json\/wp\/v2\/product_cat?post=694701"},{"taxonomy":"product_tag","embeddable":true,"href":"https:\/\/roveyayinevi.com.tr\/index.php\/wp-json\/wp\/v2\/product_tag?post=694701"}],"curies":[{"name":"wp","href":"https:\/\/api.w.org\/{rel}","templated":true}]}}