{"id":694700,"date":"2025-08-27T14:22:53","date_gmt":"2025-08-27T11:22:53","guid":{"rendered":"https:\/\/roveyayinevi.com.tr\/index.php\/urun\/cocugunuza-sinir-koyma-2\/"},"modified":"2026-04-16T02:04:38","modified_gmt":"2026-04-15T23:04:38","slug":"cocugunuza-sinir-koyma-2","status":"publish","type":"product","link":"https:\/\/roveyayinevi.com.tr\/index.php\/urun\/cocugunuza-sinir-koyma-2\/","title":{"rendered":"\u00c7ocu\u011funuza S\u0131n\u0131r Koyma &#8211; 2"},"content":{"rendered":"<p>\u00c7ocu\u011funuz istedi\u011fini yapt\u0131rmak i\u00e7in s\u0131n\u0131rlar\u0131n\u0131z\u0131  s\u00fcrekli zorluyor mu? \u00c7ocu\u011funuzla basit bir olayda bile g\u00fc\u00e7 m\u00fccadelelerine mi giriyorsunuz? Kendinizi yorgun ve tahamm\u00fcls\u00fcz m\u00fc hissediyorsunuz? Kat\u0131 ya da yumu\u015fak e\u011fitim modelleriniz \u00e7ocu\u011funuzla ileti\u015fim kurman\u0131z i\u00e7in yeterli de\u011fil mi? \u00c7ocu\u011funuza S\u0131n\u0131r Koyma 2, \u00f6zellikle inat\u00e7\u0131 ve \u0131srarc\u0131 \u00e7ocuklar\u0131n\u0131z\u0131n e\u011fitiminde size yeni bir y\u00f6ntem sunuyor. \u00c7ocuklar\u0131n\u0131z\u0131n daha pozitif, sayg\u0131l\u0131, ileti\u015fime a\u00e7\u0131k ve koydu\u011funuz kurallara uyan bir birey olarak yeti\u015fmesinde etkin rol oynayacak. <\/p>\n","protected":false},"excerpt":{"rendered":"<p>\u00c7ocu\u011funuz istedi\u011fini yapt\u0131rmak i\u00e7in s\u0131n\u0131rlar\u0131n\u0131z\u0131 s\u00fcrekli zorluyor mu? \u00c7ocu\u011funuzla basit bir olayda bile g\u00fc\u00e7 m\u00fccadelelerine mi giriyorsunuz? Kendinizi yorgun ve tahamm\u00fcls\u00fcz m\u00fc hissediyorsunuz? Kat\u0131 ya da<span class=\"excerpt-hellip\"> [\u2026]<\/span><\/p>\n","protected":false},"featured_media":0,"template":"","meta":{"_monsterinsights_skip_tracking":false,"_monsterinsights_sitenote_active":false,"_monsterinsights_sitenote_note":"","_monsterinsights_sitenote_category":0},"product_brand":[],"product_cat":[12831,12324],"product_tag":[],"class_list":{"0":"post-694700","1":"product","2":"type-product","3":"status-publish","5":"product_cat-aile-ve-cocuk","6":"product_cat-sosyoloji","7":"pa_cilt-ciltsiz","8":"pa_tur-kitap","9":"pa_yayinevi-yakamoz-yayinevi","10":"pa_yazar-robert-j-mackenzie","12":"first","13":"instock","14":"sale","15":"shipping-taxable","16":"purchasable","17":"product-type-simple"},"_links":{"self":[{"href":"https:\/\/roveyayinevi.com.tr\/index.php\/wp-json\/wp\/v2\/product\/694700","targetHints":{"allow":["GET"]}}],"collection":[{"href":"https:\/\/roveyayinevi.com.tr\/index.php\/wp-json\/wp\/v2\/product"}],"about":[{"href":"https:\/\/roveyayinevi.com.tr\/index.php\/wp-json\/wp\/v2\/types\/product"}],"wp:attachment":[{"href":"https:\/\/roveyayinevi.com.tr\/index.php\/wp-json\/wp\/v2\/media?parent=694700"}],"wp:term":[{"taxonomy":"product_brand","embeddable":true,"href":"https:\/\/roveyayinevi.com.tr\/index.php\/wp-json\/wp\/v2\/product_brand?post=694700"},{"taxonomy":"product_cat","embeddable":true,"href":"https:\/\/roveyayinevi.com.tr\/index.php\/wp-json\/wp\/v2\/product_cat?post=694700"},{"taxonomy":"product_tag","embeddable":true,"href":"https:\/\/roveyayinevi.com.tr\/index.php\/wp-json\/wp\/v2\/product_tag?post=694700"}],"curies":[{"name":"wp","href":"https:\/\/api.w.org\/{rel}","templated":true}]}}