{"id":694697,"date":"2025-08-27T14:22:53","date_gmt":"2025-08-27T11:22:53","guid":{"rendered":"https:\/\/roveyayinevi.com.tr\/index.php\/urun\/cehennem-makineleri-ucuncu-kitap-mekanik-prenses\/"},"modified":"2025-11-22T02:36:47","modified_gmt":"2025-11-21T23:36:47","slug":"cehennem-makineleri-ucuncu-kitap-mekanik-prenses","status":"publish","type":"product","link":"https:\/\/roveyayinevi.com.tr\/index.php\/urun\/cehennem-makineleri-ucuncu-kitap-mekanik-prenses\/","title":{"rendered":"Cehennem Makineleri \u00dc\u00e7\u00fcnc\u00fc Kitap: Mekanik Prenses"},"content":{"rendered":"<p>G\u00f6lge Avc\u0131lar\u0131 yok olman\u0131n e\u015fi\u011fine s\u00fcr\u00fcklenirken tehlike ve ihanet, s\u0131r ve cazibe, a\u015fk ve \u00f6l\u00fcm birbirine kar\u0131\u015f\u0131yor! Tessa Gray mutlu olmal\u0131yd\u0131. Ne de olsa b\u00fct\u00fcn gelinler mutludur,  \u00f6yle de\u011fil mi? Ancak Tessa, Jem Carstairs\u2019la evlenmeye haz\u0131rlan\u0131rken Londra Enstit\u00fcs\u00fc\u2019ndeki G\u00f6lge Avc\u0131lar\u0131\u2019n\u0131n ba\u015flar\u0131 b\u00fcy\u00fck beladayd\u0131.  Mortmain, ac\u0131mas\u0131z otomatlardan olu\u015fan Cehennem Makineleri ordusunu, G\u00f6lge Avc\u0131lar\u0131\u2019n\u0131 yok etmek i\u00e7in kullanmay\u0131 planl\u0131yordu. Plan\u0131n\u0131 tamamlamak i\u00e7in de son bir \u015feye ihtiyac\u0131 vard\u0131: Tessa Gray\u2019e.  Enstit\u00fc ba\u015fkan\u0131 Charlotte Branwell, Mortmain\u2019i bulup onu durdurmak i\u00e7in her \u015feyi g\u00f6ze alm\u0131\u015ft\u0131. Fakat Mortmain, Tessa\u2019y\u0131 ka\u00e7\u0131rm\u0131\u015ft\u0131 ve gen\u00e7 k\u0131za a\u015f\u0131k iki adam, Jem ve Will, onun i\u00e7in sava\u015fmaya haz\u0131rd\u0131. En yak\u0131nlar\u0131 Tessa\u2019y\u0131 Mortmain\u2019in kurtarmaya \u00e7al\u0131\u015f\u0131rken, gen\u00e7 k\u0131z, kurtulu\u015fun yaln\u0131zca kendi elinde oldu\u011funu anlayacakt\u0131. Ancak Tessa, melekleri kontrol etme g\u00fcc\u00fcne sahip olsa bile, ac\u0131mas\u0131z bir orduyla tek ba\u015f\u0131na m\u00fccadele edebilir miydi?<\/p>\n","protected":false},"excerpt":{"rendered":"<p>G\u00f6lge Avc\u0131lar\u0131 yok olman\u0131n e\u015fi\u011fine s\u00fcr\u00fcklenirken tehlike ve ihanet, s\u0131r ve cazibe, a\u015fk ve \u00f6l\u00fcm birbirine kar\u0131\u015f\u0131yor! Tessa Gray mutlu olmal\u0131yd\u0131. Ne de olsa b\u00fct\u00fcn gelinler<span class=\"excerpt-hellip\"> [\u2026]<\/span><\/p>\n","protected":false},"featured_media":0,"template":"","meta":{"_monsterinsights_skip_tracking":false,"_monsterinsights_sitenote_active":false,"_monsterinsights_sitenote_note":"","_monsterinsights_sitenote_category":0},"product_brand":[],"product_cat":[12291,14777],"product_tag":[],"class_list":{"0":"post-694697","1":"product","2":"type-product","3":"status-publish","5":"product_cat-edebiyat","6":"product_cat-fantastik","7":"pa_cilt-ciltli","8":"pa_tur-kitap","9":"pa_yayinevi-artemis-yayinlari","10":"pa_yazar-cassandra-clare","12":"first","13":"instock","14":"sale","15":"shipping-taxable","16":"purchasable","17":"product-type-simple"},"_links":{"self":[{"href":"https:\/\/roveyayinevi.com.tr\/index.php\/wp-json\/wp\/v2\/product\/694697","targetHints":{"allow":["GET"]}}],"collection":[{"href":"https:\/\/roveyayinevi.com.tr\/index.php\/wp-json\/wp\/v2\/product"}],"about":[{"href":"https:\/\/roveyayinevi.com.tr\/index.php\/wp-json\/wp\/v2\/types\/product"}],"wp:attachment":[{"href":"https:\/\/roveyayinevi.com.tr\/index.php\/wp-json\/wp\/v2\/media?parent=694697"}],"wp:term":[{"taxonomy":"product_brand","embeddable":true,"href":"https:\/\/roveyayinevi.com.tr\/index.php\/wp-json\/wp\/v2\/product_brand?post=694697"},{"taxonomy":"product_cat","embeddable":true,"href":"https:\/\/roveyayinevi.com.tr\/index.php\/wp-json\/wp\/v2\/product_cat?post=694697"},{"taxonomy":"product_tag","embeddable":true,"href":"https:\/\/roveyayinevi.com.tr\/index.php\/wp-json\/wp\/v2\/product_tag?post=694697"}],"curies":[{"name":"wp","href":"https:\/\/api.w.org\/{rel}","templated":true}]}}