{"id":694694,"date":"2025-08-27T14:22:52","date_gmt":"2025-08-27T11:22:52","guid":{"rendered":"https:\/\/roveyayinevi.com.tr\/index.php\/urun\/pikolo-ile-felsefe-ogreniyorum-konus-benimle-kucuk-kedi\/"},"modified":"2026-04-16T02:04:38","modified_gmt":"2026-04-15T23:04:38","slug":"pikolo-ile-felsefe-ogreniyorum-konus-benimle-kucuk-kedi","status":"publish","type":"product","link":"https:\/\/roveyayinevi.com.tr\/index.php\/urun\/pikolo-ile-felsefe-ogreniyorum-konus-benimle-kucuk-kedi\/","title":{"rendered":"Pikolo ile Felsefe \u00d6\u011freniyorum &#8211; Konu\u015f Benimle K\u00fc\u00e7\u00fck Kedi"},"content":{"rendered":"<p>Pikolo, kedisi Bergamot ile konu\u015farak ileti\u015fim kurmak istiyor, fakat kedisinin konu\u015famad\u0131\u011f\u0131n\u0131n fark\u0131na var\u0131yor. Kediler ni\u00e7in bizim gibi s\u00f6zc\u00fckler kullanmazlar? Nas\u0131l ileti\u015fim kurarlar? Biz insanlar, dilimizi nas\u0131l kullan\u0131r\u0131z. \ufffcTan\u0131t\u0131m Metni<\/p>\n","protected":false},"excerpt":{"rendered":"<p>Pikolo, kedisi Bergamot ile konu\u015farak ileti\u015fim kurmak istiyor, fakat kedisinin konu\u015famad\u0131\u011f\u0131n\u0131n fark\u0131na var\u0131yor. Kediler ni\u00e7in bizim gibi s\u00f6zc\u00fckler kullanmazlar? Nas\u0131l ileti\u015fim kurarlar? Biz insanlar, dilimizi nas\u0131l<span class=\"excerpt-hellip\"> [\u2026]<\/span><\/p>\n","protected":false},"featured_media":0,"template":"","meta":{"_monsterinsights_skip_tracking":false,"_monsterinsights_sitenote_active":false,"_monsterinsights_sitenote_note":"","_monsterinsights_sitenote_category":0},"product_brand":[],"product_cat":[12492,12274],"product_tag":[],"class_list":{"0":"post-694694","1":"product","2":"type-product","3":"status-publish","5":"product_cat-bilmece-bulmaca","6":"product_cat-cocuk-ve-genclik-kitaplari","7":"pa_tur-kitap","8":"pa_yayinevi-odtu-gelistirme-vakfi-yayincilik","9":"pa_yazar-michel-piquemal","11":"first","12":"instock","13":"sale","14":"shipping-taxable","15":"purchasable","16":"product-type-simple"},"_links":{"self":[{"href":"https:\/\/roveyayinevi.com.tr\/index.php\/wp-json\/wp\/v2\/product\/694694","targetHints":{"allow":["GET"]}}],"collection":[{"href":"https:\/\/roveyayinevi.com.tr\/index.php\/wp-json\/wp\/v2\/product"}],"about":[{"href":"https:\/\/roveyayinevi.com.tr\/index.php\/wp-json\/wp\/v2\/types\/product"}],"wp:attachment":[{"href":"https:\/\/roveyayinevi.com.tr\/index.php\/wp-json\/wp\/v2\/media?parent=694694"}],"wp:term":[{"taxonomy":"product_brand","embeddable":true,"href":"https:\/\/roveyayinevi.com.tr\/index.php\/wp-json\/wp\/v2\/product_brand?post=694694"},{"taxonomy":"product_cat","embeddable":true,"href":"https:\/\/roveyayinevi.com.tr\/index.php\/wp-json\/wp\/v2\/product_cat?post=694694"},{"taxonomy":"product_tag","embeddable":true,"href":"https:\/\/roveyayinevi.com.tr\/index.php\/wp-json\/wp\/v2\/product_tag?post=694694"}],"curies":[{"name":"wp","href":"https:\/\/api.w.org\/{rel}","templated":true}]}}