{"id":694693,"date":"2025-08-27T14:22:52","date_gmt":"2025-08-27T11:22:52","guid":{"rendered":"https:\/\/roveyayinevi.com.tr\/index.php\/urun\/felsefe-el-kitabi-the-handbook-of-philosophy\/"},"modified":"2026-04-16T02:04:38","modified_gmt":"2026-04-15T23:04:38","slug":"felsefe-el-kitabi-the-handbook-of-philosophy","status":"publish","type":"product","link":"https:\/\/roveyayinevi.com.tr\/index.php\/urun\/felsefe-el-kitabi-the-handbook-of-philosophy\/","title":{"rendered":"Felsefe El Kitab\u0131 (The Handbook of Philosophy)"},"content":{"rendered":"<p>Diyalektik ve tarihsel materyalizm, bilimsel sosyalizmin temel bile\u015fenlerinden biridir ve Marksizmin genel teorik ve y\u00f6ntembilimsel temelini olu\u015fturur. Marksist felsefeyi incelemek, bilimsel bir d\u00fcnya g\u00f6r\u00fc\u015f\u00fc olu\u015fturman\u0131n ba\u015fl\u0131ca yollar\u0131ndan biridir. Bu nedenle felsefe bilmeden ne bir b\u00fct\u00fcn olarak Marksizm-Leninizm ne de bilimsel sosyalizm, ekonomi politik ya da \u00f6teki toplumsal bilimler lay\u0131k\u0131yla \u00f6\u011frenilebilir. Prof. B. I. Suslakov ve Prof. L. A. Yakovleva ba\u015fkanl\u0131\u011f\u0131ndaki geni\u015f bir kurul taraf\u0131ndan olu\u015fturulan bu \u00f6zl\u00fc kitapta diyalektik ve tarihsel materyalizmin temel konular\u0131 inceleniyor. &#8220;Diyalektik Materyalizm&#8221; ve &#8220;Tarihsel Materyalizm&#8221; ba\u015fl\u0131kl\u0131 iki k\u0131s\u0131mdan olu\u015fan kitab\u0131n ilk k\u0131sm\u0131nda felsefenin konusu ve toplumda oynad\u0131\u011f\u0131 rol; Marksizm \u00f6ncesi felsefede idealizm-materyalizm kavgas\u0131; Marksist felsefenin do\u011fu\u015fu ve y\u00fckseli\u015fi; madde, varl\u0131k ve bilin\u00e7; diyalekti\u011fin temel yasalar\u0131 ve kategorileri; bilgi kuram\u0131&#8230; gibi konular inceleniyor. \u0130kinci k\u0131s\u0131mda ise materyalist tarih anlay\u0131\u015f\u0131; toplum ve do\u011fa; tarihsel geli\u015fmenin ba\u015fl\u0131ca a\u015famalar\u0131; toplumsal yap\u0131, s\u0131n\u0131flar ve s\u0131n\u0131f ili\u015fkileri; toplumsal devrim; toplumsal bilin\u00e7, bilim ve toplumsal ya\u015famda bilimin rol\u00fc; k\u00fclt\u00fcr ve k\u00fclt\u00fcr\u00fcn geli\u015fiminin yasalar\u0131&#8230; gibi konular ele al\u0131n\u0131yor. \ufffcTan\u0131t\u0131m Metni<\/p>\n","protected":false},"excerpt":{"rendered":"<p>Diyalektik ve tarihsel materyalizm, bilimsel sosyalizmin temel bile\u015fenlerinden biridir ve Marksizmin genel teorik ve y\u00f6ntembilimsel temelini olu\u015fturur. Marksist felsefeyi incelemek, bilimsel bir d\u00fcnya g\u00f6r\u00fc\u015f\u00fc olu\u015fturman\u0131n ba\u015fl\u0131ca<span class=\"excerpt-hellip\"> [\u2026]<\/span><\/p>\n","protected":false},"featured_media":0,"template":"","meta":{"_monsterinsights_skip_tracking":false,"_monsterinsights_sitenote_active":false,"_monsterinsights_sitenote_note":"","_monsterinsights_sitenote_category":0},"product_brand":[],"product_cat":[12388,15309],"product_tag":[],"class_list":{"0":"post-694693","1":"product","2":"type-product","3":"status-publish","5":"product_cat-felsefe","6":"product_cat-felsefi-akimlar","7":"pa_cilt-ciltsiz","8":"pa_tur-kitap","9":"pa_yayinevi-yordam-kitap","10":"pa_yazar-l-a-yakovleva","12":"first","13":"instock","14":"sale","15":"shipping-taxable","16":"purchasable","17":"product-type-simple"},"_links":{"self":[{"href":"https:\/\/roveyayinevi.com.tr\/index.php\/wp-json\/wp\/v2\/product\/694693","targetHints":{"allow":["GET"]}}],"collection":[{"href":"https:\/\/roveyayinevi.com.tr\/index.php\/wp-json\/wp\/v2\/product"}],"about":[{"href":"https:\/\/roveyayinevi.com.tr\/index.php\/wp-json\/wp\/v2\/types\/product"}],"wp:attachment":[{"href":"https:\/\/roveyayinevi.com.tr\/index.php\/wp-json\/wp\/v2\/media?parent=694693"}],"wp:term":[{"taxonomy":"product_brand","embeddable":true,"href":"https:\/\/roveyayinevi.com.tr\/index.php\/wp-json\/wp\/v2\/product_brand?post=694693"},{"taxonomy":"product_cat","embeddable":true,"href":"https:\/\/roveyayinevi.com.tr\/index.php\/wp-json\/wp\/v2\/product_cat?post=694693"},{"taxonomy":"product_tag","embeddable":true,"href":"https:\/\/roveyayinevi.com.tr\/index.php\/wp-json\/wp\/v2\/product_tag?post=694693"}],"curies":[{"name":"wp","href":"https:\/\/api.w.org\/{rel}","templated":true}]}}