{"id":694692,"date":"2025-08-27T14:22:52","date_gmt":"2025-08-27T11:22:52","guid":{"rendered":"https:\/\/roveyayinevi.com.tr\/index.php\/urun\/karl-marx-ve-marksizm-uzerine\/"},"modified":"2026-04-16T02:04:38","modified_gmt":"2026-04-15T23:04:38","slug":"karl-marx-ve-marksizm-uzerine","status":"publish","type":"product","link":"https:\/\/roveyayinevi.com.tr\/index.php\/urun\/karl-marx-ve-marksizm-uzerine\/","title":{"rendered":"Karl Marx ve Marksizm \u00dczerine"},"content":{"rendered":"<p>Lenin&#8217;in Marx&#8217;\u0131 ve Marksizmi tan\u0131tmak \u00fczere 1914 y\u0131l\u0131nda pop\u00fcler bir ansiklopedi i\u00e7in kaleme ald\u0131\u011f\u0131 bu metin, Karl Marx&#8217;\u0131n k\u0131sa ya\u015fam\u00f6yk\u00fcs\u00fcn\u00fc ve Marksizmin yo\u011fun ve anla\u015f\u0131l\u0131r bir \u00f6zetini sunuyor. Daha sonra, Lenin&#8217;in sa\u011fl\u0131\u011f\u0131nda, kitap\u00e7\u0131k olarak da yay\u0131nlanan bu parlak \u00f6zet, Marksizm okuyucular\u0131 i\u00e7in yol g\u00f6sterici nitelikteki ayr\u0131nt\u0131l\u0131 bir kaynak\u00e7a da i\u00e7eriyor. Kitap\u00e7\u0131ktaki fikirleri b\u00fct\u00fcnleyen &#8220;Marksizmin \u00dc\u00e7 Kayna\u011f\u0131 ve \u00dc\u00e7 Bile\u015feni&#8221; ba\u015fl\u0131kl\u0131 makale, Marksizmin beslendi\u011fi kaynaklara, bu kaynaklarla kurdu\u011fu ele\u015ftirel ve sahiplenici ili\u015fkiye a\u00e7\u0131kl\u0131k getiriyor. Marksizmin, miras\u00e7\u0131s\u0131 oldu\u011fu ama kapsayarak a\u015ft\u0131\u011f\u0131 Alman felsefesi, \u0130ngiliz ekonomi politi\u011fi ve Frans\u0131z sosyalizmi \u00fczerinde duruyor. Bu k\u0131lavuz kitap, Mazlum Beyhan&#8217;\u0131n Rus\u00e7a asl\u0131ndan yapt\u0131\u011f\u0131 \u00f6zenli \u00e7eviriyle sunuluyor. \ufffcTan\u0131t\u0131m Metni<\/p>\n","protected":false},"excerpt":{"rendered":"<p>Lenin&#8217;in Marx&#8217;\u0131 ve Marksizmi tan\u0131tmak \u00fczere 1914 y\u0131l\u0131nda pop\u00fcler bir ansiklopedi i\u00e7in kaleme ald\u0131\u011f\u0131 bu metin, Karl Marx&#8217;\u0131n k\u0131sa ya\u015fam\u00f6yk\u00fcs\u00fcn\u00fc ve Marksizmin yo\u011fun ve anla\u015f\u0131l\u0131r bir<span class=\"excerpt-hellip\"> [\u2026]<\/span><\/p>\n","protected":false},"featured_media":0,"template":"","meta":{"_monsterinsights_skip_tracking":false,"_monsterinsights_sitenote_active":false,"_monsterinsights_sitenote_note":"","_monsterinsights_sitenote_category":0},"product_brand":[],"product_cat":[12388,15536],"product_tag":[],"class_list":{"0":"post-694692","1":"product","2":"type-product","3":"status-publish","5":"product_cat-felsefe","6":"product_cat-siyaset-felsefesi","7":"pa_cilt-ciltsiz","8":"pa_tur-kitap","9":"pa_yayinevi-yordam-kitap","10":"pa_yazar-vladimir-ilyic-lenin","12":"first","13":"instock","14":"sale","15":"shipping-taxable","16":"purchasable","17":"product-type-simple"},"_links":{"self":[{"href":"https:\/\/roveyayinevi.com.tr\/index.php\/wp-json\/wp\/v2\/product\/694692","targetHints":{"allow":["GET"]}}],"collection":[{"href":"https:\/\/roveyayinevi.com.tr\/index.php\/wp-json\/wp\/v2\/product"}],"about":[{"href":"https:\/\/roveyayinevi.com.tr\/index.php\/wp-json\/wp\/v2\/types\/product"}],"wp:attachment":[{"href":"https:\/\/roveyayinevi.com.tr\/index.php\/wp-json\/wp\/v2\/media?parent=694692"}],"wp:term":[{"taxonomy":"product_brand","embeddable":true,"href":"https:\/\/roveyayinevi.com.tr\/index.php\/wp-json\/wp\/v2\/product_brand?post=694692"},{"taxonomy":"product_cat","embeddable":true,"href":"https:\/\/roveyayinevi.com.tr\/index.php\/wp-json\/wp\/v2\/product_cat?post=694692"},{"taxonomy":"product_tag","embeddable":true,"href":"https:\/\/roveyayinevi.com.tr\/index.php\/wp-json\/wp\/v2\/product_tag?post=694692"}],"curies":[{"name":"wp","href":"https:\/\/api.w.org\/{rel}","templated":true}]}}