{"id":694689,"date":"2025-08-27T14:22:51","date_gmt":"2025-08-27T11:22:51","guid":{"rendered":"https:\/\/roveyayinevi.com.tr\/index.php\/urun\/swannlarin-tarafi\/"},"modified":"2026-04-16T02:04:38","modified_gmt":"2026-04-15T23:04:38","slug":"swannlarin-tarafi","status":"publish","type":"product","link":"https:\/\/roveyayinevi.com.tr\/index.php\/urun\/swannlarin-tarafi\/","title":{"rendered":"Swann\u2019lar\u0131n Taraf\u0131"},"content":{"rendered":"<p>Combray\u2019de g\u00fcnbat\u0131m\u0131, al\u0131\u015fkanl\u0131k, iyi geceler \u00f6p\u00fcc\u00fc\u011f\u00fc, Fran\u00e7oise, L\u00e9onie Hala, kilise, Adolphe Amca, pembeli kad\u0131n, bah\u00e7ede kitap okuma, akdikenler, mehtapta gezinti, sonbahar yaln\u0131zl\u0131\u011f\u0131, arzunun do\u011fu\u015fu, Balbec, zambak kokan oda, Verdurin\u2019ler ve m\u00fcritleri, Swann\u2019la Odette\u2019in kar\u015f\u0131la\u015fmas\u0131, Vinteuil\u2019\u00fcn sonat\u0131, Swann\u2019\u0131n a\u015fk\u0131, kas\u0131mpatlar\u0131, k\u0131skan\u00e7l\u0131k, yalan, bekleyi\u015f, m\u00fczi\u011fin dili, Champs-\u00c9lys\u00e9es\u2019de karl\u0131 g\u00fcnler, Gilberte, hayal k\u0131r\u0131kl\u0131\u011f\u0131, umut&#8230; \u00c7aya bat\u0131r\u0131lan bir madlenle yeniden yakalanan, belle\u011fin yarat\u0131c\u0131 g\u00fcc\u00fcyle yeniden canland\u0131r\u0131lan bir ge\u00e7mi\u015f&#8230;       Kay\u0131p Zaman\u0131n \u0130zinde hem komik romand\u0131r hem trajik roman, hem ser\u00fcven roman\u0131d\u0131r hem \u015fiirsel roman, hem d\u00fc\u015flerin roman\u0131d\u0131r hem de imgeler roman\u0131&#8230;     \u201c&#8230; t\u0131pk\u0131 Japonlar\u0131n, suyla dolu porselen bir k\u00e2seye Kay\u0131p Zaman\u0131n \u0130zinde att\u0131klar\u0131 silik k\u00e2\u011f\u0131t par\u00e7alar\u0131n\u0131n, suya girer girmez \u00e7\u00f6z\u00fcl\u00fcp \u015fekillenerek, renklenerek belirginlik kazand\u0131\u011f\u0131, somut, \u015f\u00fcpheye yer b\u0131rakmayan birer \u00e7i\u00e7ek, ev, insan oldu\u011fu oyunlar\u0131ndaki gibi, hem bizim bah\u00e7edeki, hem M. Swann\u2019\u0131n bah\u00e7esindeki b\u00fct\u00fcn \u00e7i\u00e7ekler, Vivonne nehrinin nil\u00fcferleri, k\u00f6y\u00fcn iyi y\u00fcrekli sakinleri, onlar\u0131n k\u00fc\u00e7\u00fck evleri, kilise, b\u00fct\u00fcn Combray ve civar\u0131 \u015fekillenip hacim kazand\u0131, bah\u00e7eleriyle b\u00fct\u00fcn kent \u00e7ay fincan\u0131mdan d\u0131\u015far\u0131 f\u0131rlad\u0131.\u201d <\/p>\n","protected":false},"excerpt":{"rendered":"<p>Combray\u2019de g\u00fcnbat\u0131m\u0131, al\u0131\u015fkanl\u0131k, iyi geceler \u00f6p\u00fcc\u00fc\u011f\u00fc, Fran\u00e7oise, L\u00e9onie Hala, kilise, Adolphe Amca, pembeli kad\u0131n, bah\u00e7ede kitap okuma, akdikenler, mehtapta gezinti, sonbahar yaln\u0131zl\u0131\u011f\u0131, arzunun do\u011fu\u015fu, Balbec, zambak<span class=\"excerpt-hellip\"> [\u2026]<\/span><\/p>\n","protected":false},"featured_media":0,"template":"","meta":{"_monsterinsights_skip_tracking":false,"_monsterinsights_sitenote_active":false,"_monsterinsights_sitenote_note":"","_monsterinsights_sitenote_category":0},"product_brand":[],"product_cat":[12291,13376],"product_tag":[],"class_list":{"0":"post-694689","1":"product","2":"type-product","3":"status-publish","5":"product_cat-edebiyat","6":"product_cat-fransiz-edebiyati","7":"pa_cilt-ciltsiz","8":"pa_tur-kitap","9":"pa_yayinevi-yapi-kredi-yayinlari","10":"pa_yazar-marcel-proust","12":"first","13":"instock","14":"sale","15":"shipping-taxable","16":"purchasable","17":"product-type-simple"},"_links":{"self":[{"href":"https:\/\/roveyayinevi.com.tr\/index.php\/wp-json\/wp\/v2\/product\/694689","targetHints":{"allow":["GET"]}}],"collection":[{"href":"https:\/\/roveyayinevi.com.tr\/index.php\/wp-json\/wp\/v2\/product"}],"about":[{"href":"https:\/\/roveyayinevi.com.tr\/index.php\/wp-json\/wp\/v2\/types\/product"}],"wp:attachment":[{"href":"https:\/\/roveyayinevi.com.tr\/index.php\/wp-json\/wp\/v2\/media?parent=694689"}],"wp:term":[{"taxonomy":"product_brand","embeddable":true,"href":"https:\/\/roveyayinevi.com.tr\/index.php\/wp-json\/wp\/v2\/product_brand?post=694689"},{"taxonomy":"product_cat","embeddable":true,"href":"https:\/\/roveyayinevi.com.tr\/index.php\/wp-json\/wp\/v2\/product_cat?post=694689"},{"taxonomy":"product_tag","embeddable":true,"href":"https:\/\/roveyayinevi.com.tr\/index.php\/wp-json\/wp\/v2\/product_tag?post=694689"}],"curies":[{"name":"wp","href":"https:\/\/api.w.org\/{rel}","templated":true}]}}