{"id":694687,"date":"2025-08-27T14:22:50","date_gmt":"2025-08-27T11:22:50","guid":{"rendered":"https:\/\/roveyayinevi.com.tr\/index.php\/urun\/stiller\/"},"modified":"2026-04-16T02:04:38","modified_gmt":"2026-04-15T23:04:38","slug":"stiller","status":"publish","type":"product","link":"https:\/\/roveyayinevi.com.tr\/index.php\/urun\/stiller\/","title":{"rendered":"Stiller"},"content":{"rendered":"<p>Anatol Ludwig Stiller adl\u0131 heykeltra\u015f uzun s\u00fcredir kay\u0131pt\u0131r. \u0130svi\u00e7re\u2019ye giri\u015f yaparken Mr. White adl\u0131 biri tutuklan\u0131r, \u00e7\u00fcnk\u00fc bu ki\u015finin kay\u0131p Stiller oldu\u011fu san\u0131l\u0131r. \u0130\u015fin garibi, kar\u0131s\u0131 da dahil t\u00fcm yak\u0131nlar\u0131 bu ku\u015fkuyu do\u011frular. Mr. White bunu kabullenemez tabii; bir ba\u015fkas\u0131 olmay\u0131 se\u00e7ebilme \u00f6zg\u00fcrl\u00fc\u011f\u00fcn\u00fc elinde tutmak ister \u00e7\u00fcnk\u00fc. Tutukevinde notlar tutar ve zamanla Stiller\u2019in kimli\u011fine ilgi duyar: D\u00fcnyan\u0131n kar\u015f\u0131s\u0131nda, d\u00fcnyan\u0131n \u00e7o\u011funlukta olmas\u0131 ve \u00fcst\u00fcnl\u00fc\u011f\u00fc kar\u015f\u0131s\u0131nda yorulmamak \u00e7ok g\u00fc\u00e7, bunlar\u0131n do\u011frulu\u011funu kabul ediyorum. \u0130nsan\u0131n yaln\u0131zken ya\u015fad\u0131\u011f\u0131n\u0131 sand\u0131\u011f\u0131 \u015feyleri tek ba\u015f\u0131na, yan\u0131nda tan\u0131k olmadan bilmesi \u00e7ok g\u00fc\u00e7, asla kan\u0131tlayamayaca\u011f\u0131m bir bilgiyi ta\u015f\u0131mam da \u00e7ok g\u00fc\u00e7. Stiller, okuyucuyu da oyuna katan bir ba\u015fyap\u0131t. \ufffc\ufffcTan\u0131t\u0131m Metni<\/p>\n","protected":false},"excerpt":{"rendered":"<p>Anatol Ludwig Stiller adl\u0131 heykeltra\u015f uzun s\u00fcredir kay\u0131pt\u0131r. \u0130svi\u00e7re\u2019ye giri\u015f yaparken Mr. White adl\u0131 biri tutuklan\u0131r, \u00e7\u00fcnk\u00fc bu ki\u015finin kay\u0131p Stiller oldu\u011fu san\u0131l\u0131r. \u0130\u015fin garibi, kar\u0131s\u0131<span class=\"excerpt-hellip\"> [\u2026]<\/span><\/p>\n","protected":false},"featured_media":0,"template":"","meta":{"_monsterinsights_skip_tracking":false,"_monsterinsights_sitenote_active":false,"_monsterinsights_sitenote_note":"","_monsterinsights_sitenote_category":0},"product_brand":[],"product_cat":[12782,12291],"product_tag":[],"class_list":{"0":"post-694687","1":"product","2":"type-product","3":"status-publish","5":"product_cat-alman-edebiyati","6":"product_cat-edebiyat","7":"pa_cilt-ciltsiz","8":"pa_tur-kitap","9":"pa_yayinevi-yapi-kredi-yayinlari","10":"pa_yazar-max-frisch","12":"first","13":"instock","14":"sale","15":"shipping-taxable","16":"purchasable","17":"product-type-simple"},"_links":{"self":[{"href":"https:\/\/roveyayinevi.com.tr\/index.php\/wp-json\/wp\/v2\/product\/694687","targetHints":{"allow":["GET"]}}],"collection":[{"href":"https:\/\/roveyayinevi.com.tr\/index.php\/wp-json\/wp\/v2\/product"}],"about":[{"href":"https:\/\/roveyayinevi.com.tr\/index.php\/wp-json\/wp\/v2\/types\/product"}],"wp:attachment":[{"href":"https:\/\/roveyayinevi.com.tr\/index.php\/wp-json\/wp\/v2\/media?parent=694687"}],"wp:term":[{"taxonomy":"product_brand","embeddable":true,"href":"https:\/\/roveyayinevi.com.tr\/index.php\/wp-json\/wp\/v2\/product_brand?post=694687"},{"taxonomy":"product_cat","embeddable":true,"href":"https:\/\/roveyayinevi.com.tr\/index.php\/wp-json\/wp\/v2\/product_cat?post=694687"},{"taxonomy":"product_tag","embeddable":true,"href":"https:\/\/roveyayinevi.com.tr\/index.php\/wp-json\/wp\/v2\/product_tag?post=694687"}],"curies":[{"name":"wp","href":"https:\/\/api.w.org\/{rel}","templated":true}]}}