{"id":694686,"date":"2025-08-27T14:22:50","date_gmt":"2025-08-27T11:22:50","guid":{"rendered":"https:\/\/roveyayinevi.com.tr\/index.php\/urun\/dokuz-oyku\/"},"modified":"2026-04-16T02:04:38","modified_gmt":"2026-04-15T23:04:38","slug":"dokuz-oyku","status":"publish","type":"product","link":"https:\/\/roveyayinevi.com.tr\/index.php\/urun\/dokuz-oyku\/","title":{"rendered":"Dokuz \u00d6yk\u00fc"},"content":{"rendered":"<p>Otele New York&#8217;lu doksan yedi reklamc\u0131 dolu\u015fmu\u015f ve adamlar\u0131n \u015fehirleraras\u0131 hatlara koydu\u011fu tekel y\u00fcz\u00fcnden 507 no&#8217;lu odadadki k\u0131z, \u00f6\u011flende yazd\u0131rd\u0131\u011f\u0131 telefonu saat iki bu\u00e7u\u011fa kadar beklemek zorunda kalm\u0131\u015ft\u0131. Bu s\u00fcre i\u00e7inde bo\u015f durmam\u0131\u015ft\u0131 ama. K\u00fc\u00e7\u00fck boy bir kad\u0131n dergisinde Seks Bir E\u011flence yada Cehennemdir adl\u0131 bir yaz\u0131 okumu\u015f, tara\u011f\u0131yla f\u0131r\u00e7as\u0131n\u0131 y\u0131kam\u0131\u015f, yerini de\u011fi\u015ftirmi\u015f, beninde peyda olan iki y\u00fcz\u00fc c\u0131mb\u0131zla alm\u0131\u015ft\u0131. Sonunda santraldan arad\u0131klar\u0131nda, pencere kenar\u0131na oturmu\u015f, sol elinin ojesini bitirmek \u00fczereydi. \u00d6yle telefon \u00e7al\u0131\u015fca elindekileri yerlere d\u00fc\u015f\u00fcrecek k\u0131zlardan de\u011fildi. Ergenli\u011fe girdi\u011fi g\u00fcnlerden ber telefonu hep \u00e7al\u0131yormu\u015f gibi bir hali vard\u0131. Telefon \u00e7alarken, ojenin f\u0131r\u00e7as\u0131yla ser\u00e7e parma\u011f\u0131n\u0131n kavsini tamamlad\u0131. Sonra kapa\u011f\u0131 oje \u015fi\u015fesine yerle\u015ftirip kapatt\u0131. Aya\u011fa kalkt\u0131, sol-yeni ojeli-elini havada ileri geri sallad\u0131. Ojesi kurumu\u015f eliyle pencerenin kenar\u0131nda duran tepeleme dolu k\u00fcl tablas\u0131n\u0131 ald\u0131 ve telefonun durdu\u011fu komodini \u00fcst\u00fcne koydu. Yeni d\u00fczeltilmi\u015f iki yataktan birinin kenar\u0131na oturdu ve -be\u015finci ya da alt\u0131nc\u0131 \u00e7al\u0131\u015fta- al\u0131c\u0131y\u0131 eline ald\u0131. <\/p>\n","protected":false},"excerpt":{"rendered":"<p>Otele New York&#8217;lu doksan yedi reklamc\u0131 dolu\u015fmu\u015f ve adamlar\u0131n \u015fehirleraras\u0131 hatlara koydu\u011fu tekel y\u00fcz\u00fcnden 507 no&#8217;lu odadadki k\u0131z, \u00f6\u011flende yazd\u0131rd\u0131\u011f\u0131 telefonu saat iki bu\u00e7u\u011fa kadar beklemek<span class=\"excerpt-hellip\"> [\u2026]<\/span><\/p>\n","protected":false},"featured_media":0,"template":"","meta":{"_monsterinsights_skip_tracking":false,"_monsterinsights_sitenote_active":false,"_monsterinsights_sitenote_note":"","_monsterinsights_sitenote_category":0},"product_brand":[],"product_cat":[12891,12291],"product_tag":[],"class_list":{"0":"post-694686","1":"product","2":"type-product","3":"status-publish","5":"product_cat-amerikan-edebiyati","6":"product_cat-edebiyat","7":"pa_cilt-ciltsiz","8":"pa_tur-kitap","9":"pa_yayinevi-yapi-kredi-yayinlari","10":"pa_yazar-jerome-david-salinger","12":"first","13":"instock","14":"sale","15":"shipping-taxable","16":"purchasable","17":"product-type-simple"},"_links":{"self":[{"href":"https:\/\/roveyayinevi.com.tr\/index.php\/wp-json\/wp\/v2\/product\/694686","targetHints":{"allow":["GET"]}}],"collection":[{"href":"https:\/\/roveyayinevi.com.tr\/index.php\/wp-json\/wp\/v2\/product"}],"about":[{"href":"https:\/\/roveyayinevi.com.tr\/index.php\/wp-json\/wp\/v2\/types\/product"}],"wp:attachment":[{"href":"https:\/\/roveyayinevi.com.tr\/index.php\/wp-json\/wp\/v2\/media?parent=694686"}],"wp:term":[{"taxonomy":"product_brand","embeddable":true,"href":"https:\/\/roveyayinevi.com.tr\/index.php\/wp-json\/wp\/v2\/product_brand?post=694686"},{"taxonomy":"product_cat","embeddable":true,"href":"https:\/\/roveyayinevi.com.tr\/index.php\/wp-json\/wp\/v2\/product_cat?post=694686"},{"taxonomy":"product_tag","embeddable":true,"href":"https:\/\/roveyayinevi.com.tr\/index.php\/wp-json\/wp\/v2\/product_tag?post=694686"}],"curies":[{"name":"wp","href":"https:\/\/api.w.org\/{rel}","templated":true}]}}