{"id":694685,"date":"2025-08-27T14:22:50","date_gmt":"2025-08-27T11:22:50","guid":{"rendered":"https:\/\/roveyayinevi.com.tr\/index.php\/urun\/sehzade-murat\/"},"modified":"2026-04-16T02:04:38","modified_gmt":"2026-04-15T23:04:38","slug":"sehzade-murat","status":"publish","type":"product","link":"https:\/\/roveyayinevi.com.tr\/index.php\/urun\/sehzade-murat\/","title":{"rendered":"\u015eehzade Murat"},"content":{"rendered":"<p>\u00c7irkinli\u011fi sebebiyle di\u011fer \u015fehzadeler taraf\u0131ndan sevilmeyen \u015eehzade Murat sava\u015fta \u00e7ok kabiliyetliydi. Babas\u0131 ve karde\u015flerinin y\u00f6netti\u011fi bir sava\u015f kaybedilmek \u00fczereyken \u015eehzade Murat duruma el koydu.Seyran Ovas\u0131`nda bozguna u\u011fratt\u0131\u011f\u0131 d\u00fc\u015fman neredeyse babas\u0131 ve karde\u015flerini yok edecekti. Bu zaferini g\u00f6ren babas\u0131 yerini ona b\u0131rakmak istedi. Ancak \u015eehzade Murat`\u0131n tahtta g\u00f6z\u00fc yoktu. Taht\u0131 karde\u015flerine b\u0131rakarak devleti i\u00e7in \u00e7e\u015fitli seferler d\u00fczenledi.Kitapta yer alan ikinci hik\u00e2ye ise K\u0131br\u0131sl\u0131 Mehmet\u2026 K\u0131br\u0131sl\u0131 Mehmet k\u00fc\u00e7\u00fck ya\u015f\u0131na ra\u011fmen sava\u015fta g\u00f6rev alacak kadar cesur bir \u00e7ocuktu. Rumlara kar\u015f\u0131 m\u00fccadele veren askerlerin durumunu kararg\u00e2ha bildirip yard\u0131m getirmek i\u00e7in can\u0131n\u0131 ortaya koydu.\u015eehzade Murat ile K\u0131br\u0131sl\u0131 Mehmet, tarihin tozlu sayfalar\u0131na isimlerini alt\u0131n harflerle yazd\u0131ran iki yi\u011fidin hik\u00e2yesi\u2026 Vatan sevgisiyle dolu bu iki y\u00fcrek, farkl\u0131 zaman dilimlerinde ayn\u0131 ama\u00e7 i\u00e7in m\u00fccadele ediyorlar.<\/p>\n","protected":false},"excerpt":{"rendered":"<p>\u00c7irkinli\u011fi sebebiyle di\u011fer \u015fehzadeler taraf\u0131ndan sevilmeyen \u015eehzade Murat sava\u015fta \u00e7ok kabiliyetliydi. Babas\u0131 ve karde\u015flerinin y\u00f6netti\u011fi bir sava\u015f kaybedilmek \u00fczereyken \u015eehzade Murat duruma el koydu.Seyran Ovas\u0131`nda bozguna<span class=\"excerpt-hellip\"> [\u2026]<\/span><\/p>\n","protected":false},"featured_media":0,"template":"","meta":{"_monsterinsights_skip_tracking":false,"_monsterinsights_sitenote_active":false,"_monsterinsights_sitenote_note":"","_monsterinsights_sitenote_category":0},"product_brand":[],"product_cat":[12274,18802],"product_tag":[],"class_list":{"0":"post-694685","1":"product","2":"type-product","3":"status-publish","5":"product_cat-cocuk-ve-genclik-kitaplari","6":"product_cat-din-egitimi","7":"pa_cilt-ciltsiz","8":"pa_tur-kitap","9":"pa_yayinevi-nesil-cocuk-yayinlari","10":"pa_yazar-yavuz-bahadiroglu","12":"first","13":"instock","14":"sale","15":"shipping-taxable","16":"purchasable","17":"product-type-simple"},"_links":{"self":[{"href":"https:\/\/roveyayinevi.com.tr\/index.php\/wp-json\/wp\/v2\/product\/694685","targetHints":{"allow":["GET"]}}],"collection":[{"href":"https:\/\/roveyayinevi.com.tr\/index.php\/wp-json\/wp\/v2\/product"}],"about":[{"href":"https:\/\/roveyayinevi.com.tr\/index.php\/wp-json\/wp\/v2\/types\/product"}],"wp:attachment":[{"href":"https:\/\/roveyayinevi.com.tr\/index.php\/wp-json\/wp\/v2\/media?parent=694685"}],"wp:term":[{"taxonomy":"product_brand","embeddable":true,"href":"https:\/\/roveyayinevi.com.tr\/index.php\/wp-json\/wp\/v2\/product_brand?post=694685"},{"taxonomy":"product_cat","embeddable":true,"href":"https:\/\/roveyayinevi.com.tr\/index.php\/wp-json\/wp\/v2\/product_cat?post=694685"},{"taxonomy":"product_tag","embeddable":true,"href":"https:\/\/roveyayinevi.com.tr\/index.php\/wp-json\/wp\/v2\/product_tag?post=694685"}],"curies":[{"name":"wp","href":"https:\/\/api.w.org\/{rel}","templated":true}]}}