{"id":694684,"date":"2025-08-27T14:22:50","date_gmt":"2025-08-27T11:22:50","guid":{"rendered":"https:\/\/roveyayinevi.com.tr\/index.php\/urun\/yavuzun-kavgasi\/"},"modified":"2026-04-16T02:04:38","modified_gmt":"2026-04-15T23:04:38","slug":"yavuzun-kavgasi","status":"publish","type":"product","link":"https:\/\/roveyayinevi.com.tr\/index.php\/urun\/yavuzun-kavgasi\/","title":{"rendered":"Yavuz\u2019un Kavgas\u0131"},"content":{"rendered":"<p>H. Erdem \u00c7\u0131pa\u2019n\u0131n elinizdeki \u00e7al\u0131\u015fmas\u0131 tarih\u00e7ili\u011fimizde \u201cYavuz\u201d lakab\u0131yla an\u0131lagelmi\u015f olan I. Selim\u2019in padi\u015fahl\u0131\u011f\u0131yla sonu\u00e7lanan tart\u0131\u015fmal\u0131 saltanat m\u00fccadelesini incelerken, bu \u00e2si \u015fehzadeye taht kavgas\u0131n\u0131 kazand\u0131ran birincil askeri ve siyasi g\u00fcc\u00fcn \u201cmerkezdeki\u201d (\u0130stanbul) yeni\u00e7erilerden ziyade \u201cta\u015fradaki\u201d (Rumeli) beyler ve idari amirlerden m\u00fcte\u015fekkil oldu\u011funu vurguluyor. Gerek siyasi bir akt\u00f6r olarak Selim\u2019in sosyal, siyasi ve askeri \u015fah\u0131s ve topluluklar\u0131 harekete ge\u00e7irmek i\u00e7in uygulad\u0131\u011f\u0131 stratejiler, gerekse Selim\u2019e destek olanlar\u0131n toplumsal bile\u015fiminin irdelendi\u011fi bu \u00e7al\u0131\u015fmada 15. ve 16. y\u00fczy\u0131lda \u0130slam\u00ee ilke ve s\u00f6ylemlere dayal\u0131 bir siyasi olu\u015fum olan Osmanl\u0131 devletinde bir h\u00fck\u00fcmdar\u0131n saltanat\u0131n\u0131n nas\u0131l te\u015fekk\u00fcl etti\u011fi ile ilgili \u00f6nemli ipu\u00e7lar\u0131 sunuluyor. \u201cElinizdeki \u00e7al\u0131\u015fman\u0131n konusu I. Selim\u2019in Osmanl\u0131 taht\u0131na benzersiz oldu\u011fu kadar tart\u0131\u015fmal\u0131 bir \u015fekilde ge\u00e7mesidir. S\u00f6z konusu s\u00fcre\u00e7 Selim\u2019in ya\u015f\u00e7a en k\u00fc\u00e7\u00fck ve babas\u0131 taraf\u0131ndan hemen hi\u00e7 desteklenmeyen \u015fehzade olmas\u0131n\u0131n yan\u0131s\u0131ra, Bayezid\u2019in saltanat\u0131n\u0131n b\u00fcy\u00fck bir b\u00f6l\u00fcm\u00fcnde payitahtta devlet adamlar\u0131 aras\u0131nda \u00e7ok az say\u0131da destek\u00e7isinin bulunmas\u0131 nedeniyle benzersizdir. Bu s\u00fcreci tart\u0131\u015fmal\u0131 k\u0131lan ise Selim\u2019in me\u015fru bir Osmanl\u0131 padi\u015fah\u0131 olan babas\u0131n\u0131 zorla tahttan indirdikten sonra \u00f6l\u00fcm\u00fcnde oynam\u0131\u015f olmas\u0131 muhtemel rol\u00fcn yan\u0131s\u0131ra, i\u00e7 ve d\u0131\u015f siyasette izlemi\u015f oldu\u011fu amans\u0131z ve m\u00fctecaviz politikalard\u0131r. \u015eahsiyetinin baz\u0131 s\u0131rad\u0131\u015f\u0131 boyutlar\u0131n\u0131 bir kenara b\u0131rakacak olursak, ilerki d\u00f6nemlerde Selim\u2019in \u2018Yavuz\u2019 olarak an\u0131lmas\u0131n\u0131n temel nedeni de izledi\u011fi genel siyasetin bu niteli\u011fidir.\u201d <\/p>\n","protected":false},"excerpt":{"rendered":"<p>H. Erdem \u00c7\u0131pa\u2019n\u0131n elinizdeki \u00e7al\u0131\u015fmas\u0131 tarih\u00e7ili\u011fimizde \u201cYavuz\u201d lakab\u0131yla an\u0131lagelmi\u015f olan I. Selim\u2019in padi\u015fahl\u0131\u011f\u0131yla sonu\u00e7lanan tart\u0131\u015fmal\u0131 saltanat m\u00fccadelesini incelerken, bu \u00e2si \u015fehzadeye taht kavgas\u0131n\u0131 kazand\u0131ran birincil askeri<span class=\"excerpt-hellip\"> [\u2026]<\/span><\/p>\n","protected":false},"featured_media":0,"template":"","meta":{"_monsterinsights_skip_tracking":false,"_monsterinsights_sitenote_active":false,"_monsterinsights_sitenote_note":"","_monsterinsights_sitenote_category":0},"product_brand":[],"product_cat":[13517,12304],"product_tag":[],"class_list":{"0":"post-694684","1":"product","2":"type-product","3":"status-publish","5":"product_cat-osmanli-tarihi","6":"product_cat-tarih","7":"pa_cilt-ciltsiz","8":"pa_tur-kitap","9":"pa_yayinevi-yapi-kredi-yayinlari","10":"pa_yazar-h-erdem-cipa","12":"first","13":"instock","14":"sale","15":"shipping-taxable","16":"purchasable","17":"product-type-simple"},"_links":{"self":[{"href":"https:\/\/roveyayinevi.com.tr\/index.php\/wp-json\/wp\/v2\/product\/694684","targetHints":{"allow":["GET"]}}],"collection":[{"href":"https:\/\/roveyayinevi.com.tr\/index.php\/wp-json\/wp\/v2\/product"}],"about":[{"href":"https:\/\/roveyayinevi.com.tr\/index.php\/wp-json\/wp\/v2\/types\/product"}],"wp:attachment":[{"href":"https:\/\/roveyayinevi.com.tr\/index.php\/wp-json\/wp\/v2\/media?parent=694684"}],"wp:term":[{"taxonomy":"product_brand","embeddable":true,"href":"https:\/\/roveyayinevi.com.tr\/index.php\/wp-json\/wp\/v2\/product_brand?post=694684"},{"taxonomy":"product_cat","embeddable":true,"href":"https:\/\/roveyayinevi.com.tr\/index.php\/wp-json\/wp\/v2\/product_cat?post=694684"},{"taxonomy":"product_tag","embeddable":true,"href":"https:\/\/roveyayinevi.com.tr\/index.php\/wp-json\/wp\/v2\/product_tag?post=694684"}],"curies":[{"name":"wp","href":"https:\/\/api.w.org\/{rel}","templated":true}]}}