{"id":694681,"date":"2025-08-27T14:22:49","date_gmt":"2025-08-27T11:22:49","guid":{"rendered":"https:\/\/roveyayinevi.com.tr\/index.php\/urun\/ogretmen-yetistirmenin-bugunu-ve-gelecegi-sorunlar-ve-cozum-onerileri\/"},"modified":"2026-04-16T02:04:38","modified_gmt":"2026-04-15T23:04:38","slug":"ogretmen-yetistirmenin-bugunu-ve-gelecegi-sorunlar-ve-cozum-onerileri","status":"publish","type":"product","link":"https:\/\/roveyayinevi.com.tr\/index.php\/urun\/ogretmen-yetistirmenin-bugunu-ve-gelecegi-sorunlar-ve-cozum-onerileri\/","title":{"rendered":"\u00d6\u011fretmen Yeti\u015ftirmenin Bug\u00fcn\u00fc ve Gelece\u011fi: Sorunlar ve \u00c7\u00f6z\u00fcm \u00d6nerileri"},"content":{"rendered":"<p>Sonucunda \u00f6rnek bir ara\u015ft\u0131rma ve \u00e7al\u0131\u015fma ile iddias\u0131n\u0131 kuvvetlendiren eser metodolojik bir tarzla \u00f6\u011fretmen yeti\u015ftirme modelleri, farkl\u0131 \u00fclkelerdeki \u00f6\u011fretmenlik e\u011fitimi, e\u011fitim fak\u00fcltelerinin genel profili \u00fczerinden akademik e\u011fitim sistemine dair farkl\u0131 bir bak\u0131\u015f a\u00e7\u0131s\u0131n\u0131 ve \u00f6nerilerini ortaya koyuyor. \ufffcTan\u0131t\u0131m Metni<\/p>\n","protected":false},"excerpt":{"rendered":"<p>Sonucunda \u00f6rnek bir ara\u015ft\u0131rma ve \u00e7al\u0131\u015fma ile iddias\u0131n\u0131 kuvvetlendiren eser metodolojik bir tarzla \u00f6\u011fretmen yeti\u015ftirme modelleri, farkl\u0131 \u00fclkelerdeki \u00f6\u011fretmenlik e\u011fitimi, e\u011fitim fak\u00fcltelerinin genel profili \u00fczerinden akademik<span class=\"excerpt-hellip\"> [\u2026]<\/span><\/p>\n","protected":false},"featured_media":0,"template":"","meta":{"_monsterinsights_skip_tracking":false,"_monsterinsights_sitenote_active":false,"_monsterinsights_sitenote_note":"","_monsterinsights_sitenote_category":0},"product_brand":[],"product_cat":[12312,12304],"product_tag":[],"class_list":{"0":"post-694681","1":"product","2":"type-product","3":"status-publish","5":"product_cat-diger","6":"product_cat-tarih","7":"pa_cilt-ciltsiz","8":"pa_tur-kitap","9":"pa_yayinevi-ani-yayincilik","10":"pa_yazar-ali-riza-erdem","12":"first","13":"instock","14":"sale","15":"shipping-taxable","16":"purchasable","17":"product-type-simple"},"_links":{"self":[{"href":"https:\/\/roveyayinevi.com.tr\/index.php\/wp-json\/wp\/v2\/product\/694681","targetHints":{"allow":["GET"]}}],"collection":[{"href":"https:\/\/roveyayinevi.com.tr\/index.php\/wp-json\/wp\/v2\/product"}],"about":[{"href":"https:\/\/roveyayinevi.com.tr\/index.php\/wp-json\/wp\/v2\/types\/product"}],"wp:attachment":[{"href":"https:\/\/roveyayinevi.com.tr\/index.php\/wp-json\/wp\/v2\/media?parent=694681"}],"wp:term":[{"taxonomy":"product_brand","embeddable":true,"href":"https:\/\/roveyayinevi.com.tr\/index.php\/wp-json\/wp\/v2\/product_brand?post=694681"},{"taxonomy":"product_cat","embeddable":true,"href":"https:\/\/roveyayinevi.com.tr\/index.php\/wp-json\/wp\/v2\/product_cat?post=694681"},{"taxonomy":"product_tag","embeddable":true,"href":"https:\/\/roveyayinevi.com.tr\/index.php\/wp-json\/wp\/v2\/product_tag?post=694681"}],"curies":[{"name":"wp","href":"https:\/\/api.w.org\/{rel}","templated":true}]}}