{"id":694680,"date":"2025-08-27T14:22:49","date_gmt":"2025-08-27T11:22:49","guid":{"rendered":"https:\/\/roveyayinevi.com.tr\/index.php\/urun\/demokrasi-savascilari-olarak-marx-ve-engels\/"},"modified":"2026-04-16T02:04:38","modified_gmt":"2026-04-15T23:04:38","slug":"demokrasi-savascilari-olarak-marx-ve-engels","status":"publish","type":"product","link":"https:\/\/roveyayinevi.com.tr\/index.php\/urun\/demokrasi-savascilari-olarak-marx-ve-engels\/","title":{"rendered":"Demokrasi Sava\u015f\u00e7\u0131lar\u0131 Olarak Marx ve Engels"},"content":{"rendered":"<p>Karl Marx ve Friedrich Engels, insanl\u0131\u011f\u0131n demokrasi m\u00fccadelesinde belirleyici s\u0131\u00e7rama d\u00f6nemi olan 19. y\u00fczy\u0131l demokratik hareketinin ba\u015fkahramanlar\u0131d\u0131r. Ne var ki, 20. Y\u00fczy\u0131l kapan\u0131rken, Marx ve Engels\u2019in d\u00fc\u015f\u00fcnceleri ile siyasi demokrasinin ba\u011fda\u015fmad\u0131\u011f\u0131 gibi bir iddia adeta d\u00fcnya \u00e7ap\u0131nda kabul g\u00f6r\u00fcr oldu. Nimtz, kitab\u0131nda bu iddiaya meydan okurken, g\u00fcn\u00fcm\u00fcz entelekt\u00fcellerinin Marx\u2019\u0131 ve Engels\u2019i her \u015feyden \u00f6nce entelekt\u00fceller ya da sadece b\u00fcy\u00fck d\u00fc\u015f\u00fcn\u00fcrler olarak g\u00f6sterme e\u011filimine de kar\u015f\u0131 \u00e7\u0131k\u0131yor. Onlar\u0131n her \u015feyden \u00f6nce siyasi eylemci ve devrimci olduklar\u0131n\u0131 vurguluyor. Marx ve Engels\u2019in, kom\u00fcnistler olarak 1848-1849 devrimci ayaklanmalar\u0131na aktif \u015fekilde kat\u0131lmalar\u0131, demokrasi kavgas\u0131ndaki etkilerini g\u00fc\u00e7lendiren dersler ve sonu\u00e7lar \u00e7\u0131karmalar\u0131na imk\u00e2n verdi. Bu, sosyalizm kavgas\u0131n\u0131 geli\u015ftirirken demokratik m\u00fccadeleyi ilerletmenin t\u00fcm\u00fcyle Marx ve Engels\u2019in ba\u015far\u0131s\u0131 oldu\u011fu iddias\u0131n\u0131 da i\u00e7inde ta\u015f\u0131yor. Kitapta ayr\u0131ca, k\u00f6yl\u00fcl\u00fckle ilgili siyasi tutumlar\u0131, uluslar\u0131n kendi kaderlerini tayin hakk\u0131na verdikleri \u00f6nem, kad\u0131nlar\u0131n e\u015fitli\u011fi i\u00e7in m\u00fccadeleleri, s\u00f6zde Avrupa merkezci \u00f6nyarg\u0131lar\u0131, 19. y\u00fczy\u0131l sonlar\u0131 Rusya\u2019s\u0131 gibi b\u00fcy\u00fck bir \u00e7o\u011funlukla k\u00f6yl\u00fc ve geri kalm\u0131\u015f bir \u00fclkede sosyalist devrimin olanakl\u0131l\u0131\u011f\u0131na ili\u015fkin g\u00f6r\u00fc\u015fleri gibi konularda Marx ve Engels hakk\u0131nda s\u0131k\u00e7a dile getirilen ele\u015ftirilere de yan\u0131t veriyor. \ufffcTan\u0131t\u0131m Metni<\/p>\n","protected":false},"excerpt":{"rendered":"<p>Karl Marx ve Friedrich Engels, insanl\u0131\u011f\u0131n demokrasi m\u00fccadelesinde belirleyici s\u0131\u00e7rama d\u00f6nemi olan 19. y\u00fczy\u0131l demokratik hareketinin ba\u015fkahramanlar\u0131d\u0131r. Ne var ki, 20. Y\u00fczy\u0131l kapan\u0131rken, Marx ve Engels\u2019in<span class=\"excerpt-hellip\"> [\u2026]<\/span><\/p>\n","protected":false},"featured_media":0,"template":"","meta":{"_monsterinsights_skip_tracking":false,"_monsterinsights_sitenote_active":false,"_monsterinsights_sitenote_note":"","_monsterinsights_sitenote_category":0},"product_brand":[],"product_cat":[12312,12304],"product_tag":[],"class_list":{"0":"post-694680","1":"product","2":"type-product","3":"status-publish","5":"product_cat-diger","6":"product_cat-tarih","7":"pa_cilt-ciltsiz","8":"pa_tur-kitap","9":"pa_yayinevi-yordam-kitap","10":"pa_yazar-august-h-nimtz","12":"first","13":"instock","14":"sale","15":"shipping-taxable","16":"purchasable","17":"product-type-simple"},"_links":{"self":[{"href":"https:\/\/roveyayinevi.com.tr\/index.php\/wp-json\/wp\/v2\/product\/694680","targetHints":{"allow":["GET"]}}],"collection":[{"href":"https:\/\/roveyayinevi.com.tr\/index.php\/wp-json\/wp\/v2\/product"}],"about":[{"href":"https:\/\/roveyayinevi.com.tr\/index.php\/wp-json\/wp\/v2\/types\/product"}],"wp:attachment":[{"href":"https:\/\/roveyayinevi.com.tr\/index.php\/wp-json\/wp\/v2\/media?parent=694680"}],"wp:term":[{"taxonomy":"product_brand","embeddable":true,"href":"https:\/\/roveyayinevi.com.tr\/index.php\/wp-json\/wp\/v2\/product_brand?post=694680"},{"taxonomy":"product_cat","embeddable":true,"href":"https:\/\/roveyayinevi.com.tr\/index.php\/wp-json\/wp\/v2\/product_cat?post=694680"},{"taxonomy":"product_tag","embeddable":true,"href":"https:\/\/roveyayinevi.com.tr\/index.php\/wp-json\/wp\/v2\/product_tag?post=694680"}],"curies":[{"name":"wp","href":"https:\/\/api.w.org\/{rel}","templated":true}]}}