{"id":694678,"date":"2025-08-27T14:22:48","date_gmt":"2025-08-27T11:22:48","guid":{"rendered":"https:\/\/roveyayinevi.com.tr\/index.php\/urun\/aydinlik\/"},"modified":"2026-04-16T02:04:38","modified_gmt":"2026-04-15T23:04:38","slug":"aydinlik","status":"publish","type":"product","link":"https:\/\/roveyayinevi.com.tr\/index.php\/urun\/aydinlik\/","title":{"rendered":"Ayd\u0131nl\u0131k"},"content":{"rendered":"<p>Ayd\u0131nl\u0131k , \u00fcnl\u00fc Frans\u0131z yazar\u0131 Henri Barbusse\u2019\u00fcn, ki\u015fisel ser\u00fcveninden de izler ta\u015f\u0131yan roman\u0131, Frans\u0131z milliyet\u00e7ili\u011fine ve genel olarak her t\u00fcrl\u00fc \u015fovenizme kesin ele\u015ftiriler y\u00f6nelten yazar, sistemi alt kademelerinde, yal\u0131t\u0131lm\u0131\u015f bir hayat s\u00fcren k\u00fc\u00e7\u00fck burjuva bir fabrika memurunun zihinsel ayd\u0131nlanma s\u00fcrecini anlat\u0131r. \u2018Sava\u015f\u2019, \u2018Kahramanl\u0131k\u2019, \u2018Vatanseverlik\u2019 gibi kavramlarla cepheye s\u00fcr\u00fclen y\u0131\u011f\u0131nlar\u0131n kendi \u00f6z \u00e7\u0131karlar\u0131ndan nas\u0131l uzakla\u015ft\u0131r\u0131ld\u0131\u011f\u0131n\u0131, cephede birbirinizi bo\u011fazlamak zorunda b\u0131rak\u0131lan her ulustan insanlar\u0131n asl\u0131nda nas\u0131lda birbirlerine benzedi\u011fini ve insanl\u0131\u011f\u0131n kurtulu\u015funun da bu benzerlikten do\u011facak karde\u015flik \u00fczerinden ger\u00e7ekle\u015febilece\u011fini \u00e7arp\u0131c\u0131 bir dille anlat\u0131yor. Emperyalist payla\u015f\u0131m sava\u015flar\u0131n\u0131n ve birbirine k\u0131rd\u0131r\u0131lan emek\u00e7ilerin hik\u00e2ye edildi\u011fi kitap, asl\u0131nda g\u00fcn\u00fcm\u00fcz d\u00fcnyas\u0131n\u0131n ahvaline de \u0131\u015f\u0131k tutuyor. Duygulu, derein ve sade anlat\u0131m\u0131yla Barbusse, y\u00fczy\u0131l \u00f6ncesinden g\u00fcn\u00fcm\u00fcze sesleniyor: Bar\u0131\u015f g\u00fcnlerinde forsalar gibi \u00e7al\u0131\u015ft\u0131r\u0131lan ve sava\u015fta \u00f6l\u00fcme s\u00fcr\u00fcklenenlerde b\u00fct\u00fcn umudumuz. Sadece onlar\u0131n \u0131\u015f\u0131\u011fa, ayd\u0131nl\u0131\u011fa ihtiyac\u0131 var. B\u00fct\u00fcn umudumuz d\u00fcnyam\u0131z\u0131n yoksul insanlar\u0131nda! \ufffcTan\u0131t\u0131m Metni<\/p>\n","protected":false},"excerpt":{"rendered":"<p>Ayd\u0131nl\u0131k , \u00fcnl\u00fc Frans\u0131z yazar\u0131 Henri Barbusse\u2019\u00fcn, ki\u015fisel ser\u00fcveninden de izler ta\u015f\u0131yan roman\u0131, Frans\u0131z milliyet\u00e7ili\u011fine ve genel olarak her t\u00fcrl\u00fc \u015fovenizme kesin ele\u015ftiriler y\u00f6nelten yazar, sistemi<span class=\"excerpt-hellip\"> [\u2026]<\/span><\/p>\n","protected":false},"featured_media":0,"template":"","meta":{"_monsterinsights_skip_tracking":false,"_monsterinsights_sitenote_active":false,"_monsterinsights_sitenote_note":"","_monsterinsights_sitenote_category":0},"product_brand":[],"product_cat":[12291,13376],"product_tag":[],"class_list":{"0":"post-694678","1":"product","2":"type-product","3":"status-publish","5":"product_cat-edebiyat","6":"product_cat-fransiz-edebiyati","7":"pa_cilt-ciltsiz","8":"pa_tur-kitap","9":"pa_yayinevi-yordam-kitap","10":"pa_yazar-henri-barbusse","12":"first","13":"instock","14":"sale","15":"shipping-taxable","16":"purchasable","17":"product-type-simple"},"_links":{"self":[{"href":"https:\/\/roveyayinevi.com.tr\/index.php\/wp-json\/wp\/v2\/product\/694678","targetHints":{"allow":["GET"]}}],"collection":[{"href":"https:\/\/roveyayinevi.com.tr\/index.php\/wp-json\/wp\/v2\/product"}],"about":[{"href":"https:\/\/roveyayinevi.com.tr\/index.php\/wp-json\/wp\/v2\/types\/product"}],"wp:attachment":[{"href":"https:\/\/roveyayinevi.com.tr\/index.php\/wp-json\/wp\/v2\/media?parent=694678"}],"wp:term":[{"taxonomy":"product_brand","embeddable":true,"href":"https:\/\/roveyayinevi.com.tr\/index.php\/wp-json\/wp\/v2\/product_brand?post=694678"},{"taxonomy":"product_cat","embeddable":true,"href":"https:\/\/roveyayinevi.com.tr\/index.php\/wp-json\/wp\/v2\/product_cat?post=694678"},{"taxonomy":"product_tag","embeddable":true,"href":"https:\/\/roveyayinevi.com.tr\/index.php\/wp-json\/wp\/v2\/product_tag?post=694678"}],"curies":[{"name":"wp","href":"https:\/\/api.w.org\/{rel}","templated":true}]}}