{"id":694675,"date":"2025-08-27T14:22:48","date_gmt":"2025-08-27T11:22:48","guid":{"rendered":"https:\/\/roveyayinevi.com.tr\/index.php\/urun\/dogunun-limanlari\/"},"modified":"2026-04-16T02:04:38","modified_gmt":"2026-04-15T23:04:38","slug":"dogunun-limanlari","status":"publish","type":"product","link":"https:\/\/roveyayinevi.com.tr\/index.php\/urun\/dogunun-limanlari\/","title":{"rendered":"Do\u011fu&#8217;nun Limanlar\u0131"},"content":{"rendered":"<p>Adana&#8217;da ayaklanmalar olmu\u015ftu. Ahali, Ermeni mahallesini talan etmi\u015fti. Alt\u0131 y\u0131l sonra \u00e7ok daha b\u00fcy\u00fck \u00e7apta olacaklar\u0131n bir provas\u0131. Ama bu kadar\u0131 bile korkun\u00e7tu. Y\u00fczlerce \u00f6l\u00fc. Belki de binlerce. Nubar&#8217;\u0131nki de dahil, say\u0131s\u0131z ev yak\u0131lm\u0131\u015ft\u0131. Ama Nubar \u015fimdi ender rastlanan Arsinoe ad\u0131ndaki kar\u0131s\u0131, on ya\u015f\u0131ndaki k\u0131zlar\u0131 ve d\u00f6rt ya\u015f\u0131ndaki o\u011fullar\u0131yla birlikte ka\u00e7may\u0131 ba\u015farm\u0131\u015ft\u0131. Can \u00e7eki\u015fen Osmanl\u0131 \u0130mparatorlu\u011fu ve Beyrut ile Fransa aras\u0131nda ya\u015fam\u0131 s\u00fcr\u00fcklenen \u0130syan. Do\u011fu&#8217;nun Limanlar\u0131 bu y\u00fczy\u0131l\u0131n ba\u015f\u0131n\u0131, bir insan\u0131n trajik \u00f6yk\u00fcs\u00fcn\u00fcn i\u00e7inden anlat\u0131yor. <\/p>\n","protected":false},"excerpt":{"rendered":"<p>Adana&#8217;da ayaklanmalar olmu\u015ftu. Ahali, Ermeni mahallesini talan etmi\u015fti. Alt\u0131 y\u0131l sonra \u00e7ok daha b\u00fcy\u00fck \u00e7apta olacaklar\u0131n bir provas\u0131. Ama bu kadar\u0131 bile korkun\u00e7tu. Y\u00fczlerce \u00f6l\u00fc. Belki<span class=\"excerpt-hellip\"> [\u2026]<\/span><\/p>\n","protected":false},"featured_media":0,"template":"","meta":{"_monsterinsights_skip_tracking":false,"_monsterinsights_sitenote_active":false,"_monsterinsights_sitenote_note":"","_monsterinsights_sitenote_category":0},"product_brand":[],"product_cat":[13835],"product_tag":[],"class_list":{"0":"post-694675","1":"product","2":"type-product","3":"status-publish","5":"product_cat-cok-satanlar","6":"pa_cilt-ciltsiz","7":"pa_tur-kitap","8":"pa_yayinevi-yapi-kredi-yayinlari","9":"pa_yazar-amin-maalouf","11":"first","12":"instock","13":"sale","14":"shipping-taxable","15":"purchasable","16":"product-type-simple"},"_links":{"self":[{"href":"https:\/\/roveyayinevi.com.tr\/index.php\/wp-json\/wp\/v2\/product\/694675","targetHints":{"allow":["GET"]}}],"collection":[{"href":"https:\/\/roveyayinevi.com.tr\/index.php\/wp-json\/wp\/v2\/product"}],"about":[{"href":"https:\/\/roveyayinevi.com.tr\/index.php\/wp-json\/wp\/v2\/types\/product"}],"wp:attachment":[{"href":"https:\/\/roveyayinevi.com.tr\/index.php\/wp-json\/wp\/v2\/media?parent=694675"}],"wp:term":[{"taxonomy":"product_brand","embeddable":true,"href":"https:\/\/roveyayinevi.com.tr\/index.php\/wp-json\/wp\/v2\/product_brand?post=694675"},{"taxonomy":"product_cat","embeddable":true,"href":"https:\/\/roveyayinevi.com.tr\/index.php\/wp-json\/wp\/v2\/product_cat?post=694675"},{"taxonomy":"product_tag","embeddable":true,"href":"https:\/\/roveyayinevi.com.tr\/index.php\/wp-json\/wp\/v2\/product_tag?post=694675"}],"curies":[{"name":"wp","href":"https:\/\/api.w.org\/{rel}","templated":true}]}}