{"id":694673,"date":"2025-08-27T14:22:47","date_gmt":"2025-08-27T11:22:47","guid":{"rendered":"https:\/\/roveyayinevi.com.tr\/index.php\/urun\/doguda-seyahat\/"},"modified":"2026-04-16T02:04:37","modified_gmt":"2026-04-15T23:04:37","slug":"doguda-seyahat","status":"publish","type":"product","link":"https:\/\/roveyayinevi.com.tr\/index.php\/urun\/doguda-seyahat\/","title":{"rendered":"Do\u011fu\u2019da Seyahat"},"content":{"rendered":"<p>Do\u011fu\u2019da Seyahat, k\u0131sa Bat\u0131 izlenimleriyle a\u00e7\u0131l\u0131p Syra\u2019dan \u0130skenderiye\u2019ye, Kahire\u2019den \u0130stanbul\u2019a uzan\u0131yor. Nerval, gezdi\u011fi yerlerin tarihi, toplumsal ve siyasal d\u00fczeni, gelenekleri, efsaneleri \u00fcst\u00fcne bilgi edinip saptamalar yap\u0131yor; bu yeniliklerin, bu bilinmezlerin, kendi i\u00e7 d\u00fcnyas\u0131yla \u00e7ak\u0131\u015ft\u0131\u011f\u0131 yerlerde de \u015fair kimli\u011fini a\u00e7\u0131\u011fa vuruyor.Farkl\u0131 toplumlar\u0131 d\u0131\u015far\u0131dan de\u011fil, halklar\u0131n i\u00e7inden yans\u0131tmaya \u00f6zen g\u00f6steren, dost\u00e7a bir mektup i\u00e7tenli\u011fiyle kurulan bu ba\u015fyap\u0131t, Bat\u0131l\u0131 \u201cseyahat d\u00fc\u015f\u00fcncesinde\u201c bir kilometre ta\u015f\u0131 olma \u00f6zelli\u011fini hala koruyor, koruyacak. Binbir Gece Masallar\u0131 havas\u0131nda bir tan\u0131kl\u0131k Do\u011fu\u2019da Seyahat.<\/p>\n","protected":false},"excerpt":{"rendered":"<p>Do\u011fu\u2019da Seyahat, k\u0131sa Bat\u0131 izlenimleriyle a\u00e7\u0131l\u0131p Syra\u2019dan \u0130skenderiye\u2019ye, Kahire\u2019den \u0130stanbul\u2019a uzan\u0131yor. Nerval, gezdi\u011fi yerlerin tarihi, toplumsal ve siyasal d\u00fczeni, gelenekleri, efsaneleri \u00fcst\u00fcne bilgi edinip saptamalar yap\u0131yor;<span class=\"excerpt-hellip\"> [\u2026]<\/span><\/p>\n","protected":false},"featured_media":0,"template":"","meta":{"_monsterinsights_skip_tracking":false,"_monsterinsights_sitenote_active":false,"_monsterinsights_sitenote_note":"","_monsterinsights_sitenote_category":0},"product_brand":[],"product_cat":[13055,13054],"product_tag":[],"class_list":{"0":"post-694673","1":"product","2":"type-product","3":"status-publish","5":"product_cat-gezi-rehberi","6":"product_cat-gezi-ve-rehber-kitaplari","7":"pa_cilt-ciltsiz","8":"pa_tur-kitap","9":"pa_yayinevi-yapi-kredi-yayinlari","10":"pa_yazar-gerard-de-nerval","12":"first","13":"instock","14":"sale","15":"shipping-taxable","16":"purchasable","17":"product-type-simple"},"_links":{"self":[{"href":"https:\/\/roveyayinevi.com.tr\/index.php\/wp-json\/wp\/v2\/product\/694673","targetHints":{"allow":["GET"]}}],"collection":[{"href":"https:\/\/roveyayinevi.com.tr\/index.php\/wp-json\/wp\/v2\/product"}],"about":[{"href":"https:\/\/roveyayinevi.com.tr\/index.php\/wp-json\/wp\/v2\/types\/product"}],"wp:attachment":[{"href":"https:\/\/roveyayinevi.com.tr\/index.php\/wp-json\/wp\/v2\/media?parent=694673"}],"wp:term":[{"taxonomy":"product_brand","embeddable":true,"href":"https:\/\/roveyayinevi.com.tr\/index.php\/wp-json\/wp\/v2\/product_brand?post=694673"},{"taxonomy":"product_cat","embeddable":true,"href":"https:\/\/roveyayinevi.com.tr\/index.php\/wp-json\/wp\/v2\/product_cat?post=694673"},{"taxonomy":"product_tag","embeddable":true,"href":"https:\/\/roveyayinevi.com.tr\/index.php\/wp-json\/wp\/v2\/product_tag?post=694673"}],"curies":[{"name":"wp","href":"https:\/\/api.w.org\/{rel}","templated":true}]}}