{"id":694671,"date":"2025-08-27T14:22:47","date_gmt":"2025-08-27T11:22:47","guid":{"rendered":"https:\/\/roveyayinevi.com.tr\/index.php\/urun\/dus-hirkasi\/"},"modified":"2026-04-16T02:04:37","modified_gmt":"2026-04-15T23:04:37","slug":"dus-hirkasi","status":"publish","type":"product","link":"https:\/\/roveyayinevi.com.tr\/index.php\/urun\/dus-hirkasi\/","title":{"rendered":"D\u00fc\u015f H\u0131rkas\u0131"},"content":{"rendered":"<p>Filiz \u00d6zdem&#8217;in Korku Benim Sahibim&#8217;den sonraki roman\u0131 D\u00fc\u015f H\u0131rkas\u0131 akl\u0131n \u00f6teki y\u00fcz\u00fcne d\u00fc\u015f\u00fc\u015f\u00fc anlat\u0131yor. Bir ge\u00e7itten ge\u00e7en onlarca insan\u0131n, ge\u00e7idin ortas\u0131nda d\u00fckk\u00e2n camek\u00e2nlar\u0131yla birka\u00e7 eski binan\u0131n \u00e7evreledi\u011fi avlunun, birbirinin yan\u0131ndan ge\u00e7erken fark\u0131nda olmadan birbirine de\u011fen hayatlar\u0131n kitab\u0131&#8230;Bir taba\u011fa doldurulmu\u015f bir avu\u00e7 cam bilyenin birine dokunmak nas\u0131l hepsini d\u00f6nd\u00fcr\u00fcr, her dokunu\u015fta b\u00fct\u00fcn renkler nas\u0131l yeniden de\u011fi\u015firse, ustaca bir araya getirilen ki\u015filerin her birinin romana kat\u0131l\u0131\u015f\u0131yla b\u00fct\u00fcn metin de farkl\u0131 bir renge b\u00fcr\u00fcn\u00fcyor.&#8221;Onun arkas\u0131nda, suyun \u00fcst\u00fcnde, bilincinin d\u0131\u015f\u0131nda kalan zaman, her biri y\u0131llarca s\u00fcren yirmi ad\u0131m uzunlu\u011fundaki yolculu\u011funun zaman\u0131ndan koptu. (&#8230;)Suyun g\u00f6k kubbesinde mor y\u0131ld\u0131zlar parl\u0131yordu. Bo\u015flukta duran ve kendi kendine sallanan sede\u015fi yelpazeler mor y\u0131ld\u0131zlar\u0131 dalgaland\u0131r\u0131yordu. \u00d6tedeki mercan kayal\u0131klar\u0131 a\u00e7\u0131l\u0131p siyah bir yar\u0131\u011fa d\u00f6n\u00fc\u015ft\u00fc. Yar\u0131k d\u00f6ne d\u00f6ne k\u00fc\u00e7\u00fclmeye ba\u015flad\u0131. \u0130\u011fne ucu kadar k\u00fc\u00e7\u00fcld\u00fc\u011f\u00fcnde ge\u00e7itte ne bal\u0131klar kalm\u0131\u015ft\u0131, ne y\u0131ld\u0131zlar, ne insanlar, ne Cevat. <\/p>\n","protected":false},"excerpt":{"rendered":"<p>Filiz \u00d6zdem&#8217;in Korku Benim Sahibim&#8217;den sonraki roman\u0131 D\u00fc\u015f H\u0131rkas\u0131 akl\u0131n \u00f6teki y\u00fcz\u00fcne d\u00fc\u015f\u00fc\u015f\u00fc anlat\u0131yor. Bir ge\u00e7itten ge\u00e7en onlarca insan\u0131n, ge\u00e7idin ortas\u0131nda d\u00fckk\u00e2n camek\u00e2nlar\u0131yla birka\u00e7 eski binan\u0131n<span class=\"excerpt-hellip\"> [\u2026]<\/span><\/p>\n","protected":false},"featured_media":0,"template":"","meta":{"_monsterinsights_skip_tracking":false,"_monsterinsights_sitenote_active":false,"_monsterinsights_sitenote_note":"","_monsterinsights_sitenote_category":0},"product_brand":[],"product_cat":[12291,12292],"product_tag":[],"class_list":{"0":"post-694671","1":"product","2":"type-product","3":"status-publish","5":"product_cat-edebiyat","6":"product_cat-turk-edebiyati","7":"pa_cilt-ciltsiz","8":"pa_tur-kitap","9":"pa_yayinevi-yapi-kredi-yayinlari","10":"pa_yazar-filiz-ozdem","12":"first","13":"instock","14":"sale","15":"shipping-taxable","16":"purchasable","17":"product-type-simple"},"_links":{"self":[{"href":"https:\/\/roveyayinevi.com.tr\/index.php\/wp-json\/wp\/v2\/product\/694671","targetHints":{"allow":["GET"]}}],"collection":[{"href":"https:\/\/roveyayinevi.com.tr\/index.php\/wp-json\/wp\/v2\/product"}],"about":[{"href":"https:\/\/roveyayinevi.com.tr\/index.php\/wp-json\/wp\/v2\/types\/product"}],"wp:attachment":[{"href":"https:\/\/roveyayinevi.com.tr\/index.php\/wp-json\/wp\/v2\/media?parent=694671"}],"wp:term":[{"taxonomy":"product_brand","embeddable":true,"href":"https:\/\/roveyayinevi.com.tr\/index.php\/wp-json\/wp\/v2\/product_brand?post=694671"},{"taxonomy":"product_cat","embeddable":true,"href":"https:\/\/roveyayinevi.com.tr\/index.php\/wp-json\/wp\/v2\/product_cat?post=694671"},{"taxonomy":"product_tag","embeddable":true,"href":"https:\/\/roveyayinevi.com.tr\/index.php\/wp-json\/wp\/v2\/product_tag?post=694671"}],"curies":[{"name":"wp","href":"https:\/\/api.w.org\/{rel}","templated":true}]}}