{"id":694670,"date":"2025-08-27T14:22:47","date_gmt":"2025-08-27T11:22:47","guid":{"rendered":"https:\/\/roveyayinevi.com.tr\/index.php\/urun\/duzelti\/"},"modified":"2026-04-13T02:05:35","modified_gmt":"2026-04-12T23:05:35","slug":"duzelti","status":"publish","type":"product","link":"https:\/\/roveyayinevi.com.tr\/index.php\/urun\/duzelti\/","title":{"rendered":"D\u00fczelti"},"content":{"rendered":"<p>Roithamer hayat\u0131n\u0131n son alt\u0131 y\u0131l\u0131n\u0131, g\u00f6n\u00fclden ba\u011fl\u0131 oldu\u011fu k\u0131z karde\u015fi i\u00e7in,ailesinden kalan araziye, orman\u0131n tam orta noktas\u0131na matematiksel olarak kusursuzla\u015ft\u0131r\u0131lm\u0131\u015f Koninin in\u015fas\u0131na Bernhard D\u00dcZELT\u0130 roman\u0131nda, Avusturyal\u0131 \u00e7a\u011fda\u015f felsefeci Ludwig Wittgenstein\u2019\u0131n ya\u015fam\u0131ndan bir kesiti esas alarak Roithamer karakteri oda\u011f\u0131nda d\u00fc\u015f g\u00fcc\u00fcyle geni\u015fletir. \u2013Ludwig Wittgenstein 1920\u2019li y\u0131llarda Viyana\u2019da k\u0131z karde\u015fi Margaret Stonborough-Wittgenstein i\u00e7in s\u0131ra d\u0131\u015f\u0131 bir geometrik tasar\u0131mla bir ev in\u015fa etmi\u015fti.\u2013 Yo\u011fun bi\u00e7imde felsefe, mimari ve bilimle u\u011fra\u015f\u0131rken Cambridge\u2019de ders veren, vars\u0131l bir ailenin o\u011flu Roithamer hayat\u0131n\u0131n son alt\u0131 y\u0131l\u0131n\u0131, ailesinden kalan Altensam m\u00fclk\u00fcn\u00fcn sat\u0131\u015f\u0131yla elde etti\u011fi gelirle Kobernausser orman\u0131n\u0131n orta noktas\u0131na, \u00f6zel bir sevgi duydu\u011fu k\u0131z karde\u015fi i\u00e7in in\u015fa edece\u011fi, matematiksel olarak kusursuzla\u015ft\u0131r\u0131lm\u0131\u015f \u201cKoni\u201dye vakfetmi\u015ftir. Koninin in\u015fas\u0131n\u0131 tamamlad\u0131ktan k\u0131sa s\u00fcre sonra k\u0131z karde\u015fi \u00f6l\u00fcnce yap\u0131n\u0131n faydas\u0131z varl\u0131\u011f\u0131 kar\u015f\u0131s\u0131nda kendi hayat\u0131na da son verir. Roithamer\u2019den geriye kalan binlerce sayfal\u0131k, k\u00e2\u011f\u0131t par\u00e7alar\u0131na tutulmu\u015f notlar\u0131 yaz\u0131lar\u0131 ve tedirgin edici bir ana tasla\u011f\u0131 devralan isimsiz birinci tekil anlat\u0131c\u0131, Roithamer\u2019in d\u00fc\u015ft\u00fc\u011f\u00fc ruhsal bunal\u0131m\u0131 anlayabilmek i\u00e7in bu bulmacan\u0131n par\u00e7alar\u0131n\u0131 birle\u015ftirmeye koyulur: Yava\u015f yava\u015f g\u00fcn \u0131\u015f\u0131\u011f\u0131na \u00e7\u0131kan ger\u00e7ek, kendi ruhunu yads\u0131man\u0131n tek mant\u0131kl\u0131 \u00e7\u00f6z\u00fcm oldu\u011fu sonucuna varana dek kendini durmaks\u0131z\u0131n d\u00fczeltmeye ve kavray\u0131\u015f\u0131n\u0131 inceltmeye mecbur hisseden bir dehan\u0131n \u00f6yk\u00fcs\u00fcd\u00fcr. Pek \u00e7ok ele\u015ftirmen taraf\u0131ndan Bernhard\u2019\u0131n ba\u015fyap\u0131t\u0131 olarak an\u0131lan D\u00fczelti, m\u00fckemmellik arzusu ile eri\u015filemez bilgi aras\u0131ndaki gerilime dair zekice \u00f6r\u00fclm\u00fc\u015f d\u00fc\u015f\u00fcncelerle gelen bir dil sa\u011fana\u011f\u0131.  <\/p>\n","protected":false},"excerpt":{"rendered":"<p>Roithamer hayat\u0131n\u0131n son alt\u0131 y\u0131l\u0131n\u0131, g\u00f6n\u00fclden ba\u011fl\u0131 oldu\u011fu k\u0131z karde\u015fi i\u00e7in,ailesinden kalan araziye, orman\u0131n tam orta noktas\u0131na matematiksel olarak kusursuzla\u015ft\u0131r\u0131lm\u0131\u015f Koninin in\u015fas\u0131na Bernhard D\u00dcZELT\u0130 roman\u0131nda, Avusturyal\u0131<span class=\"excerpt-hellip\"> [\u2026]<\/span><\/p>\n","protected":false},"featured_media":0,"template":"","meta":{"_monsterinsights_skip_tracking":false,"_monsterinsights_sitenote_active":false,"_monsterinsights_sitenote_note":"","_monsterinsights_sitenote_category":0},"product_brand":[],"product_cat":[12291,12711],"product_tag":[],"class_list":{"0":"post-694670","1":"product","2":"type-product","3":"status-publish","5":"product_cat-edebiyat","6":"product_cat-roman-oyku","7":"pa_cilt-ciltsiz","8":"pa_tur-kitap","9":"pa_yayinevi-yapi-kredi-yayinlari","10":"pa_yazar-thomas-bernhard","12":"first","13":"instock","14":"sale","15":"shipping-taxable","16":"purchasable","17":"product-type-simple"},"_links":{"self":[{"href":"https:\/\/roveyayinevi.com.tr\/index.php\/wp-json\/wp\/v2\/product\/694670","targetHints":{"allow":["GET"]}}],"collection":[{"href":"https:\/\/roveyayinevi.com.tr\/index.php\/wp-json\/wp\/v2\/product"}],"about":[{"href":"https:\/\/roveyayinevi.com.tr\/index.php\/wp-json\/wp\/v2\/types\/product"}],"wp:attachment":[{"href":"https:\/\/roveyayinevi.com.tr\/index.php\/wp-json\/wp\/v2\/media?parent=694670"}],"wp:term":[{"taxonomy":"product_brand","embeddable":true,"href":"https:\/\/roveyayinevi.com.tr\/index.php\/wp-json\/wp\/v2\/product_brand?post=694670"},{"taxonomy":"product_cat","embeddable":true,"href":"https:\/\/roveyayinevi.com.tr\/index.php\/wp-json\/wp\/v2\/product_cat?post=694670"},{"taxonomy":"product_tag","embeddable":true,"href":"https:\/\/roveyayinevi.com.tr\/index.php\/wp-json\/wp\/v2\/product_tag?post=694670"}],"curies":[{"name":"wp","href":"https:\/\/api.w.org\/{rel}","templated":true}]}}