{"id":694669,"date":"2025-08-27T14:22:46","date_gmt":"2025-08-27T11:22:46","guid":{"rendered":"https:\/\/roveyayinevi.com.tr\/index.php\/urun\/duslerimin-rengi-bu-georges-raillard-ile-soylesiler\/"},"modified":"2026-04-16T02:04:37","modified_gmt":"2026-04-15T23:04:37","slug":"duslerimin-rengi-bu-georges-raillard-ile-soylesiler","status":"publish","type":"product","link":"https:\/\/roveyayinevi.com.tr\/index.php\/urun\/duslerimin-rengi-bu-georges-raillard-ile-soylesiler\/","title":{"rendered":"D\u00fc\u015flerimin Rengi Bu Georges Raillard ile S\u00f6yle\u015filer"},"content":{"rendered":"<p>D\u00fcnyaca \u00fcnl\u00fc Katalan ressam Mir\u00f3 ile at\u00f6lyesinde Georges Raillard taraf\u0131ndan ger\u00e7ekle\u015ftirilen bu S\u00f6yle\u015filer, yaln\u0131zca t\u00fcm ya\u015fam\u0131 boyunca dili ikinci plana atm\u0131\u015f olan bir sanat\u00e7\u0131n\u0131n Breton\u2019dan Desnos\u2019ya, Picasso\u2019dan Dali\u2019ye kadar bir\u00e7ok sanat\u00e7\u0131yla olan an\u0131 ve dostluklar\u0131n\u0131 de\u011fil, ayn\u0131 zamanda ve daha \u00f6nemlisi sanat yap\u0131t\u0131n\u0131n ortaya \u00e7\u0131k\u0131\u015f\u0131ndaki o kaotik ve dile getirilemez durumu betimlemesi a\u00e7\u0131s\u0131ndan da son derece ilgi \u00e7ekici.Bir zamanlar \u201cMa\u011fara devrinden beri d\u00fc\u015f\u00fc\u015fte resim\u201d diyebilmi\u015f bir ressam: Mir\u00f3, \u00e7izginin ve rengin efendisi, bir leke ustas\u0131\u2026 <\/p>\n","protected":false},"excerpt":{"rendered":"<p>D\u00fcnyaca \u00fcnl\u00fc Katalan ressam Mir\u00f3 ile at\u00f6lyesinde Georges Raillard taraf\u0131ndan ger\u00e7ekle\u015ftirilen bu S\u00f6yle\u015filer, yaln\u0131zca t\u00fcm ya\u015fam\u0131 boyunca dili ikinci plana atm\u0131\u015f olan bir sanat\u00e7\u0131n\u0131n Breton\u2019dan Desnos\u2019ya,<span class=\"excerpt-hellip\"> [\u2026]<\/span><\/p>\n","protected":false},"featured_media":0,"template":"","meta":{"_monsterinsights_skip_tracking":false,"_monsterinsights_sitenote_active":false,"_monsterinsights_sitenote_note":"","_monsterinsights_sitenote_category":0},"product_brand":[],"product_cat":[15733,12408],"product_tag":[],"class_list":{"0":"post-694669","1":"product","2":"type-product","3":"status-publish","5":"product_cat-resim","6":"product_cat-sanat","7":"pa_cilt-ciltsiz","8":"pa_tur-kitap","9":"pa_yayinevi-yapi-kredi-yayinlari","10":"pa_yazar-joan-miro","12":"first","13":"instock","14":"sale","15":"shipping-taxable","16":"purchasable","17":"product-type-simple"},"_links":{"self":[{"href":"https:\/\/roveyayinevi.com.tr\/index.php\/wp-json\/wp\/v2\/product\/694669","targetHints":{"allow":["GET"]}}],"collection":[{"href":"https:\/\/roveyayinevi.com.tr\/index.php\/wp-json\/wp\/v2\/product"}],"about":[{"href":"https:\/\/roveyayinevi.com.tr\/index.php\/wp-json\/wp\/v2\/types\/product"}],"wp:attachment":[{"href":"https:\/\/roveyayinevi.com.tr\/index.php\/wp-json\/wp\/v2\/media?parent=694669"}],"wp:term":[{"taxonomy":"product_brand","embeddable":true,"href":"https:\/\/roveyayinevi.com.tr\/index.php\/wp-json\/wp\/v2\/product_brand?post=694669"},{"taxonomy":"product_cat","embeddable":true,"href":"https:\/\/roveyayinevi.com.tr\/index.php\/wp-json\/wp\/v2\/product_cat?post=694669"},{"taxonomy":"product_tag","embeddable":true,"href":"https:\/\/roveyayinevi.com.tr\/index.php\/wp-json\/wp\/v2\/product_tag?post=694669"}],"curies":[{"name":"wp","href":"https:\/\/api.w.org\/{rel}","templated":true}]}}